{"id":3347,"date":"2024-09-17T13:37:11","date_gmt":"2024-09-17T13:37:11","guid":{"rendered":"https:\/\/www.mpdiscount.fr\/?page_id=3347"},"modified":"2026-02-03T12:36:04","modified_gmt":"2026-02-03T11:36:04","slug":"impressum","status":"publish","type":"page","link":"https:\/\/www.trivashop.com\/de\/mentions-legales\/","title":{"rendered":"Impressum"},"content":{"rendered":"<div style=\"position: relative; background: linear-gradient(135deg, #ffffff 0%, #fafbfc 100%); border-radius: 16px; padding: 24px 28px; margin: 32px 0; box-shadow: 0 1px 3px rgba(0, 0, 0, 0.05), 0 8px 24px rgba(254, 194, 18, 0.12), 0 0 0 1px rgba(254, 194, 18, 0.08); overflow: hidden; width: 100%; box-sizing: border-box;\">\n<div style=\"position: absolute; top: 0; left: 0; right: 0; height: 4px; background: linear-gradient(90deg, #fec212 0%, #f4b000 50%, #fec212 100%);\"><\/div>\n<div style=\"display: flex; align-items: center; gap: 20px; flex-wrap: wrap;\">\n<div style=\"display: flex; align-items: center; gap: 8px; background: linear-gradient(135deg, #fec212 0%, #f4b000 100%); color: #000; padding: 8px 16px; border-radius: 20px; font-size: 13px; font-weight: 600; white-space: nowrap; box-shadow: 0 2px 8px rgba(254, 194, 18, 0.3); flex-shrink: 0;\">\n      <svg width=\"16\" height=\"16\" viewbox=\"0 0 24 24\" fill=\"none\" xmlns=\"http:\/\/www.w3.org\/2000\/svg\" style=\"flex-shrink: 0;\">\n        <path d=\"M9 12l2 2 4-4m6 2a9 9 0 11-18 0 9 9 0 0118 0z\" stroke=\"currentColor\" stroke-width=\"2\" stroke-linecap=\"round\" stroke-linejoin=\"round\"\/>\n      <\/svg><br \/>\n      <span>Aktuell<\/span>\n    <\/div>\n<div style=\"flex: 1; min-width: 200px;\">\n<div style=\"color: #1a1a1a; font-size: 15px; line-height: 1.4; margin-bottom: 4px;\">\n        Letzte Aktualisierung: <strong style=\"color: #000; font-weight: 600;\">26. Januar 2026<\/strong>\n      <\/div>\n<div style=\"color: #6b7280; font-size: 13px; font-style: italic; font-weight: 500;\">\n        Version 1.0\n      <\/div>\n<\/p><\/div>\n<\/p><\/div>\n<\/div>\n\n\n\n<p>Die Website <a href=\"https:\/\/www.trivashop.com\/de\/\">www.trivashop.com<\/a> wird herausgegeben und betrieben von der Firma : <strong>PS Global Company GmbH<\/strong><\/p>\n\n\n\n<p><strong>Identifikation des Unternehmens<\/strong><br>Gesetzlicher Vertreter (Gesch\u00e4ftsf\u00fchrer \/ G\u00e9rant) : Artush Porosov<br>Firmensitz: Gottlieb-Fecht-Stra\u00dfe 20 \u2013 77694 Kehl \u2013 Deutschland<br>Rechtsform: GmbH (Gesellschaft mit beschr\u00e4nkter Haftung nach deutschem Recht)<br>Gesellschaftskapital: 25.000 \u20ac<br>Registrierungsnummer: HRB 723765 (Handelsregister \/ Amtsgericht Freiburg i. Br.)<br>Umsatzsteuer-Identifikationsnummer: DE345881980<\/p>\n\n\n\n<p><strong>Kontakt<br><\/strong>Telefon: <span style=\"text-decoration: underline;\">+49 16 26 77 42 50<\/span><br>E-Mail: <a href=\"mailto:contact@trivashop.com\">contact@trivashop.com<\/a><br>Kontaktformular : <a href=\"https:\/\/www.trivashop.com\/de\/kontakt\/\">www.trivashop.com\/contact<\/a><\/p>\n\n\n\n<p><strong>Verantwortlicher Herausgeber:<\/strong> PS Global Company GmbH<\/p>\n\n\n\n<h2 class=\"wp-block-heading\">Unterkunft<\/h2>\n\n\n\n<p>Die Website <a href=\"https:\/\/www.trivashop.com\/de\/\">www.trivashop.com<\/a> wird gehostet von:<\/p>\n\n\n\n<p><strong>OVH<\/strong><br>SAS mit einem Kapital von 50.000.000 \u20ac<\/p>\n\n\n\n<p>Handelsregister Lille M\u00e9tropole 424 761 419 00045<br>APE-Code 2620Z<br>TVA-NUMMER: FR22424761419<br>Firmensitz: 2 rue Kellermann \u2013 59100 Roubaix \u2013 Frankreich<br>Telefon: +33 9 72 10 07<\/p>\n\n\n\n<h2 class=\"wp-block-heading\">Entwurf und Entwicklung<\/h2>\n\n\n\n<p><strong>Agentur Seovia<\/strong><br>Gottlieb-Fecht-Stra\u00dfe 20<br>77694 Kehl \u2013 Deutschland<\/p>\n\n\n\n<h2 class=\"wp-block-heading\">Geistiges Eigentum<\/h2>\n\n\n\n<p>Alle Elemente, aus denen sich die Website zusammensetzt <a href=\"https:\/\/www.trivashop.com\/de\/\">www.trivashop.com<\/a> (Texte, Fotos, Videos, Logos, Marken, Grafiken, Software usw.) sind ausschlie\u00dfliches Eigentum der PS Global Company GmbH oder unterliegen einer Nutzungsgenehmigung.<\/p>\n\n\n\n<p>Jede Vervielf\u00e4ltigung, Darstellung, \u00c4nderung, Ver\u00f6ffentlichung oder Anpassung aller oder eines Teils der Elemente der Website, unabh\u00e4ngig von den verwendeten Mitteln oder Verfahren, ist ohne vorherige schriftliche Genehmigung der PS Global Company GmbH untersagt.<\/p>\n\n\n<div style=\"display: flex; align-items: flex-start; gap: 16px; background: #fafafa; border-left: 4px solid #fec212; border-radius: 8px; padding: 20px 24px; margin: 24px 0; box-shadow: 0 2px 10px rgba(0, 0, 0, 0.05); width: 100%; box-sizing: border-box;\">\n<div style=\"flex-shrink: 0; width: 24px; height: 24px; background: #fec212; border-radius: 50%; display: flex; align-items: center; justify-content: center; margin-top: 2px;\">\n    <svg width=\"14\" height=\"14\" viewbox=\"0 0 24 24\" fill=\"none\" xmlns=\"http:\/\/www.w3.org\/2000\/svg\">\n      <path d=\"M13 16h-1v-4h-1m1-4h.01M21 12a9 9 0 11-18 0 9 9 0 0118 0z\" stroke=\"#000\" stroke-width=\"2\" stroke-linecap=\"round\" stroke-linejoin=\"round\"\/>\n    <\/svg>\n  <\/div>\n<div style=\"flex: 1; color: #333333; font-size: 15px; line-height: 1.6; margin: 0;\">\n   Die Marke trivashop sowie alle auf der Website abgebildeten Logos und Kennzeichen sind eingetragene Marken der PS Global Company GmbH.\n  <\/div>\n<\/div>\n\n\n\n<h2 class=\"wp-block-heading\">Online-Streitschlichtung<\/h2>\n\n\n\n<p>Gem\u00e4\u00df Artikel 14 Absatz 1 der Verordnung (EU) Nr. 524\/2013 (Verordnung \u00fcber die Online-Streitbeilegung f\u00fcr Verbraucher) stellt die Europ\u00e4ische Kommission eine Plattform zur Online-Streitbeilegung (OS-Plattform) bereit, die unter folgender Adresse erreichbar ist : <a href=\"https:\/\/ec.europa.eu\/consumers\/odr\" target=\"_blank\" rel=\"noreferrer noopener\">https:\/\/ec.europa.eu\/consumers\/odr<\/a><\/p>\n\n\n\n<h2 class=\"wp-block-heading\">Pers\u00f6nliche Daten<\/h2>\n\n\n\n<p>Die auf der Website gesammelten Informationen <a href=\"https:\/\/www.trivashop.com\/de\/\">www.trivashop.com<\/a> werden elektronisch verarbeitet, um die Kundenbeziehungen zu verwalten, Bestellungen zu bearbeiten und unsere Dienstleistungen zu verbessern.<\/p>\n\n\n\n<p>Gem\u00e4\u00df der Datenschutz-Grundverordnung (DSGVO) \u2013 Verordnung (EU) 2016\/679 \u2013 haben Sie das Recht auf Zugang, Berichtigung, L\u00f6schung, Widerspruch, Einschr\u00e4nkung der Verarbeitung und \u00dcbertragbarkeit Ihrer personenbezogenen Daten.<\/p>\n\n\n\n<p>Um diese Rechte auszu\u00fcben, k\u00f6nnen Sie sich an uns wenden:<\/p>\n\n\n\n<ul class=\"wp-block-list\">\n<li>Per E-Mail: <a href=\"mailto:contact@trivashop.com\">contact@trivashop.com<\/a><\/li>\n\n\n\n<li>Per Post: PS Global Company GmbH (Trivashop), Gottlieb-Fecht-Stra\u00dfe 20 - 77694 Kehl - Deutschland<\/li>\n<\/ul>\n\n\n\n<h2 class=\"wp-block-heading\">Cookies<\/h2>\n\n\n\n<p>Die Website verwendet Cookies, um die Benutzererfahrung zu verbessern, den Datenverkehr zu analysieren und Inhalte zu personalisieren. Sie k\u00f6nnen die Verwendung von Cookies \u00fcber die Einstellungen Ihres Browsers konfigurieren.<\/p>\n\n\n\n<h2 class=\"wp-block-heading\">Verantwortung<\/h2>\n\n\n\n<p>Die PS Global Company GmbH bem\u00fcht sich, die Richtigkeit und Aktualit\u00e4t der auf der Website ver\u00f6ffentlichten Informationen zu gew\u00e4hrleisten, kann jedoch keine Garantie f\u00fcr die Richtigkeit, Genauigkeit oder Vollst\u00e4ndigkeit der bereitgestellten Informationen \u00fcbernehmen.<\/p>\n\n\n\n<p>Daher \u00fcbernimmt die PS Global Company GmbH keine Haftung f\u00fcr Ungenauigkeiten, Unrichtigkeiten oder Auslassungen in Bezug auf die auf der Website verf\u00fcgbaren Informationen.<\/p>\n\n\n\n<h2 class=\"wp-block-heading\">Anwendbares Recht und Gerichtsbarkeit<\/h2>\n\n\n\n<p>Diese rechtlichen Hinweise unterliegen dem deutschen Recht. <strong>Allerdings<\/strong>, F\u00fcr Kunden mit der Eigenschaft als <strong>Verbraucher<\/strong> die in einem anderen EU-Mitgliedstaat (insbesondere Frankreich) wohnen, darf die Wahl des deutschen Rechts nicht dazu f\u00fchren, dass ihnen der Schutz entzogen wird, den ihnen die zwingenden Bestimmungen des Rechts des Landes ihres gew\u00f6hnlichen Aufenthalts gew\u00e4hren.<\/p>\n\n\n\n<p>Im Falle eines Rechtsstreits sind die Gerichte am Gesch\u00e4ftssitz der PS Global Company GmbH zust\u00e4ndig. Dennoch steht es dem Verbraucher (Privatkunden) frei, das Gericht an seinem eigenen Wohnort oder das Gericht am Gesch\u00e4ftssitz des Unternehmens anzurufen.<\/p>","protected":false},"excerpt":{"rendered":"<p>Le site www.trivashop.com est \u00e9dit\u00e9 et exploit\u00e9 par la soci\u00e9t\u00e9 : PS Global Company GmbH Identification de l&rsquo;entrepriseRepr\u00e9sentant&hellip;<\/p>","protected":false},"author":1,"featured_media":0,"parent":0,"menu_order":0,"comment_status":"closed","ping_status":"closed","template":"","meta":{"footnotes":""},"class_list":["post-3347","page","type-page","status-publish","hentry"],"_links":{"self":[{"href":"https:\/\/www.trivashop.com\/de\/wp-json\/wp\/v2\/pages\/3347","targetHints":{"allow":["GET"]}}],"collection":[{"href":"https:\/\/www.trivashop.com\/de\/wp-json\/wp\/v2\/pages"}],"about":[{"href":"https:\/\/www.trivashop.com\/de\/wp-json\/wp\/v2\/types\/page"}],"author":[{"embeddable":true,"href":"https:\/\/www.trivashop.com\/de\/wp-json\/wp\/v2\/users\/1"}],"replies":[{"embeddable":true,"href":"https:\/\/www.trivashop.com\/de\/wp-json\/wp\/v2\/comments?post=3347"}],"version-history":[{"count":22,"href":"https:\/\/www.trivashop.com\/de\/wp-json\/wp\/v2\/pages\/3347\/revisions"}],"predecessor-version":[{"id":73841,"href":"https:\/\/www.trivashop.com\/de\/wp-json\/wp\/v2\/pages\/3347\/revisions\/73841"}],"wp:attachment":[{"href":"https:\/\/www.trivashop.com\/de\/wp-json\/wp\/v2\/media?parent=3347"}],"curies":[{"name":"wp","href":"https:\/\/api.w.org\/{rel}","templated":true}]}}