{"id":72349,"date":"2026-01-12T16:37:28","date_gmt":"2026-01-12T14:37:28","guid":{"rendered":"https:\/\/www.trivashop.com\/?page_id=72349"},"modified":"2026-02-06T14:21:22","modified_gmt":"2026-02-06T13:21:22","slug":"lieferpolitik","status":"publish","type":"page","link":"https:\/\/www.trivashop.com\/de\/politique-de-livraison\/","title":{"rendered":"Lieferung &amp; R\u00fccksendung"},"content":{"rendered":"<p>Bei Bestellungen, die vor 13.00 Uhr aufgegeben und bezahlt werden, werden die Pakete noch am selben Tag versandt. Bestellungen, die freitags und am Wochenende nach 13 Uhr aufgegeben werden, werden am darauffolgenden Montag versandt. Sie werden je nach bestelltem Produkt \u00fcber DHL, Geodis, Chronopost und Heppner mit Trackingnummer versendet.<\/p>\n\n\n\n<p><strong>Bei Sonderangeboten oder Aktionen auf der Website k\u00f6nnen sich die Lieferzeiten aufgrund einer gro\u00dfen Anzahl von zu bearbeitenden Bestellungen verl\u00e4ngern.<\/strong>.<\/p>\n\n\n\n<p>Die Bedingungen f\u00fcr die R\u00fcckgabe werden weiter unten auf der Seite erl\u00e4utert.<\/p>\n\n\n\n<h2 class=\"wp-block-heading\">INFORMATIONEN<\/h2>\n\n\n\n<p>Wir empfehlen Ihnen, alle Ihre Artikel in einer einzigen Bestellung zusammenzufassen. Wir k\u00f6nnen nicht 2 separat aufgegebene Bestellungen zusammenlegen. Zerbrechlichen Gegenst\u00e4nden wird besondere Aufmerksamkeit geschenkt.<\/p>\n\n\n\n<p>Was die Lieferzeiten betrifft, so sind wir von unseren Dienstleistern abh\u00e4ngig. Es kann vorkommen, dass es zu Lieferverz\u00f6gerungen kommt.<\/p>\n\n\n\n<p>Die Abmessungen der Kartons sind angemessen und Ihre Artikel sind angemessen gesch\u00fctzt.<\/p>\n\n\n\n<p>Wir verpflichten uns, Ihr Paket innerhalb von maximal 30 Tagen nach Eingang der Bestellung zuzustellen, andernfalls erstatten wir Ihnen den Kaufpreis zur\u00fcck. Zur Information: Die \u00fcbliche Lieferzeit betr\u00e4gt 48 Arbeitsstunden.<\/p>\n\n\n\n<p>F\u00fcr R\u00fccksendungen von Produkten, die nicht an einem Relais-Punkt oder zu Hause abgeholt werden, k\u00f6nnen R\u00fccksende- oder Neuversandkosten in Rechnung gestellt werden.<\/p>\n\n\n\n<h2 class=\"wp-block-heading\">R\u00dcCKGABE VON PRODUKTEN<\/h2>\n\n\n\n<p>M\u00f6chten Sie ein Produkt oder eine ganze Bestellung zur\u00fcckgeben?<\/p>\n\n\n\n<p>Sie verf\u00fcgen \u00fcber einen&nbsp;<strong>Widerrufsrecht<\/strong>&nbsp;mit einer Frist von 14 (vierzehn) Werktagen ab der Lieferung Ihrer Bestellung.<\/p>\n\n\n\n<p>Um dieses Recht auszu\u00fcben, muss sich das Produkt in der Originalverpackung befinden und darf nicht ge\u00f6ffnet werden.<\/p>\n\n\n\n<p>Die Kosten f\u00fcr die R\u00fccksendung des Artikels sind von Ihnen zu tragen, es sei denn, wir haben den Artikel irrt\u00fcmlich an Sie geliefert oder der Artikel wird <br>besch\u00e4digt.<br><br>R\u00fccksendungen m\u00fcssen an folgende Adresse gerichtet werden: Schwarzwaldstra\u00dfe 7, 77871 Renchen, Deutschland<\/p>\n\n\n\n<p>Nach Erhalt und nach \u00dcberpr\u00fcfung innerhalb von maximal vierzehn (14) Tagen nach Erhalt der R\u00fccksendung. <\/p>\n\n\n\n<p>Um Ihr Recht auszu\u00fcben, geben Sie im&nbsp;<a href=\"https:\/\/www.trivashop.com\/de\/kontakt\/\">Kontaktformular<\/a>&nbsp;:<\/p>\n\n\n\n<ul class=\"wp-block-list\">\n<li>Ihr Name und Vorname<\/li>\n\n\n\n<li>Die Bestellnummer<\/li>\n\n\n\n<li>Das Kaufdatum des Produkts<\/li>\n\n\n\n<li>Das Produkt, das Sie zur\u00fcckgeben m\u00f6chten<\/li>\n\n\n\n<li>Ein Kommentar, in dem Sie angeben, dass Sie das Produkt\/die gesamte Bestellung zur\u00fcckgeben m\u00f6chten, indem Sie Ihr Widerrufsrecht aus\u00fcben.<\/li>\n<\/ul>\n\n\n\n<p>Wir werden Ihre Anfrage so schnell wie m\u00f6glich bearbeiten.<\/p>\n\n\n\n<h2 class=\"wp-block-heading\">H\u00c4UFIG GESTELLTE FRAGEN<\/h2>\n\n\n\n<h3 class=\"wp-block-heading\">Warum funktioniert die Sendungsverfolgung meines Pakets nicht?<\/h3>\n\n\n\n<p>Wenn sich der Status Ihrer Sendungsverfolgung nicht \u00e4ndert und anzeigt, dass es sich beim Absender in Vorbereitung befindet, liegt das daran, dass Ihr Paket noch nicht im Sortierzentrum gescannt wurde und der Versandaufkleber noch nicht erstellt wurde.<br>Sollte sich jedoch nach mehreren Tagen nichts an der Sendungsverfolgung Ihres Pakets \u00e4ndern, k\u00f6nnen Sie sich mit unserem Kundendienst in Verbindung setzen, um weitere Informationen zu erhalten.<\/p>\n\n\n\n<h3 class=\"wp-block-heading\">Warum verz\u00f6gert sich meine Lieferung?<\/h3>\n\n\n\n<p>Unser Spediteur gew\u00e4hrleistet Lieferungen innerhalb von 2-3 Werktagen innerhalb des franz\u00f6sischen Mutterlandes. In Zeiten mit hohem Verkehrsaufkommen (Schlussverkauf, Feiertage, Aktionszeitr\u00e4ume usw.) jedoch nicht. Sie k\u00f6nnen den Fortschritt Ihres Pakets mithilfe Ihrer Tracking-Nummer verfolgen, die Sie direkt in Ihrem Kundenbereich oder per E-Mail erhalten. Wenn die Versp\u00e4tung zu gro\u00df ist, k\u00f6nnen Sie sich an das n\u00e4chstgelegene Postamt wenden und dort Ihre Trackingnummer angeben, damit Sie weitere Informationen \u00fcber den Fortschritt Ihres Pakets erhalten. Unser Kundendienst steht Ihnen jederzeit zur Verf\u00fcgung, wenn Ihr Paket einen Zwischenfall auf der Strecke oder einen anderen Zwischenfall erlitten hat.<\/p>\n\n\n\n<h3 class=\"wp-block-heading\">Warum wird mein Paket als geliefert angezeigt, obwohl ich es nicht erhalten habe?<\/h3>\n\n\n\n<p>Bitte entschuldigen Sie unseren Spediteur f\u00fcr diese Unannehmlichkeiten. Seien Sie versichert, dass wir immer eine L\u00f6sung finden werden, um Sie zufrieden zu stellen. Wenn Ihre Sendungsverfolgung anzeigt, dass Ihr Paket zugestellt wurde, Sie es aber nicht erhalten haben, ist es m\u00f6glich, dass Ihr Paket an einen Nachbarn oder m\u00f6glicherweise an eine falsche Adresse geliefert wurde oder dass Ihr Paket verloren gegangen ist oder gestohlen wurde. In diesem Fall m\u00fcssen Sie zu Ihrem Postamt gehen und dort Ihre Trackingnummer angeben, um die Zustellung Ihres Pakets zu bestreiten. Dies ist wichtig, um zu verhindern, dass sich ein solcher Vorfall in Zukunft wiederholt. Sobald dies geschehen ist, wird die Post dies auf Ihrer Sendungsverfolgung vermerken, was es uns erm\u00f6glicht, eine neue R\u00fccksendung zu veranlassen. Sie k\u00f6nnen uns dann telefonisch oder \u00fcber das&nbsp;<a href=\"https:\/\/www.trivashop.com\/de\/kontakt\/\">Kontaktformular<\/a>&nbsp;und wir werden auf unsere Kosten ein neues Paket zur\u00fcckschicken (sicherheitshalber an einen Relais-Punkt, wenn das f\u00fcr Sie in Ordnung ist).<\/p>","protected":false},"excerpt":{"rendered":"<p>Les colis sont exp\u00e9di\u00e9s le m\u00eame jour pour les commandes pass\u00e9es et pay\u00e9es avant 13h00. Pour les commandes&hellip;<\/p>","protected":false},"author":79,"featured_media":0,"parent":0,"menu_order":0,"comment_status":"closed","ping_status":"closed","template":"","meta":{"footnotes":""},"class_list":["post-72349","page","type-page","status-publish","hentry"],"_links":{"self":[{"href":"https:\/\/www.trivashop.com\/de\/wp-json\/wp\/v2\/pages\/72349","targetHints":{"allow":["GET"]}}],"collection":[{"href":"https:\/\/www.trivashop.com\/de\/wp-json\/wp\/v2\/pages"}],"about":[{"href":"https:\/\/www.trivashop.com\/de\/wp-json\/wp\/v2\/types\/page"}],"author":[{"embeddable":true,"href":"https:\/\/www.trivashop.com\/de\/wp-json\/wp\/v2\/users\/79"}],"replies":[{"embeddable":true,"href":"https:\/\/www.trivashop.com\/de\/wp-json\/wp\/v2\/comments?post=72349"}],"version-history":[{"count":9,"href":"https:\/\/www.trivashop.com\/de\/wp-json\/wp\/v2\/pages\/72349\/revisions"}],"predecessor-version":[{"id":73973,"href":"https:\/\/www.trivashop.com\/de\/wp-json\/wp\/v2\/pages\/72349\/revisions\/73973"}],"wp:attachment":[{"href":"https:\/\/www.trivashop.com\/de\/wp-json\/wp\/v2\/media?parent=72349"}],"curies":[{"name":"wp","href":"https:\/\/api.w.org\/{rel}","templated":true}]}}