{"id":3509,"date":"2024-10-13T21:34:28","date_gmt":"2024-10-13T21:34:28","guid":{"rendered":"https:\/\/www.mpdiscount.fr\/?post_type=product&#038;p=3509"},"modified":"2026-02-11T17:29:09","modified_gmt":"2026-02-11T16:29:09","slug":"klebepaneel-mit-schwarzem-marmoreffekt-und-weiser-maserung","status":"publish","type":"product","link":"https:\/\/www.trivashop.com\/de\/shop\/panneau-adhesif-effet-marbre-noir-veinures-blanches\/","title":{"rendered":"Klebepaneel - Schwarzer Marmor Wei\u00dfe \u00c4derungen"},"content":{"rendered":"<h2>Ein wundersch\u00f6ner schwarzer Marmor mit leuchtenden, kontrastreichen Maserungen<\/h2>\n<p>Diese Klebeplatte spielt mit einem intensiven, fast spiegelnden schwarzen Hintergrund, der von dynamischen wei\u00dfen Adern durchzogen ist, die mal langgestreckt, mal zerstreut sind. Die Linien kreuzen sich, brechen und verbinden sich wieder, um ein unregelm\u00e4\u00dfiges grafisches Netz zu bilden, das sofort ins Auge f\u00e4llt. Dieser starke Kontrast erinnert an die spektakul\u00e4rsten Marmorarten, die aus Bl\u00f6cken gehauen sind, in denen der Stein seine nat\u00fcrliche Spannung bewahrt.<\/p>\n<p>Die gl\u00e4nzende Oberfl\u00e4che verst\u00e4rkt diesen rohen Effekt. Die dunklen Bereiche gewinnen an Tiefe, w\u00e4hrend die Maserung das Licht einf\u00e4ngt und sich deutlich davon abhebt. Je nach Blickwinkel entsteht der Eindruck einer fast mineralischen Struktur oder einer grafischen Oberfl\u00e4che mit sehr ausgepr\u00e4gtem Muster.<\/p>\n<p>Diese visuelle Intensit\u00e4t macht es zu einem Belag, der den Raum strukturiert. Ein einziger Streifen kann ausreichen, um einen Blickfang zu schaffen, aber das Muster entfaltet seine volle Wirkung auf gro\u00dfen Fl\u00e4chen, beispielsweise als Akzentwand, als komplette K\u00fcchenr\u00fcckwand, als Hintergrund f\u00fcr ein B\u00fccherregal oder als panoramisches Kopfteil eines Bettes.<\/p>\n<h2>Wo kann man diese selbstklebende Platte in schwarzer Marmoroptik verwenden?<\/h2>\n<p>Diese Platte mit ihrer starken Optik eignet sich besonders gut f\u00fcr R\u00e4ume, in denen Kontraste genutzt werden k\u00f6nnen: moderne K\u00fcchen, helle Badezimmer, offene Wohnr\u00e4ume, Schlafzimmer mit einer Akzentwand oder auch B\u00fcros mit markantem Design. Der Effekt von poliertem Marmor schafft ein grafisches Dekor, aber aufgrund seiner Intensit\u00e4t muss die Verlegung unter Ber\u00fccksichtigung der Raumgr\u00f6\u00dfe, des Lichts und der umgebenden Materialien gut durchdacht werden.<\/p>\n<h3>In der K\u00fcche: Kontraste und Tiefe spielen lassen<\/h3>\n<p>Als K\u00fcchenr\u00fcckwand bringt der schwarze Hintergrund helle Oberfl\u00e4chen und matte Ausf\u00fchrungen besonders gut zur Geltung, egal ob es sich um helles Holz, Wei\u00df, Edelstahl oder Rohstein handelt. In einer offenen K\u00fcche kann die Platte auch eine Wandr\u00fcckwand oder eine komplette R\u00fcckwand hinter der zentralen K\u00fccheninsel verkleiden. Die gl\u00e4nzende Oberfl\u00e4che f\u00e4ngt Reflexe ein und sorgt f\u00fcr Tiefe. Ein Muss f\u00fcr K\u00fcchen, die wenig Tageslicht ausgesetzt sind.<\/p>\n<h3>Im Badezimmer: einen ausgepr\u00e4gten Mineral-Effekt erzielen<\/h3>\n<p>An der Wand hinter einem Waschtischunterschrank oder um einen Spiegel herum verst\u00e4rkt diese Klebeplatte die Leuchtkraft der Lichtpunkte und bringt goldene, schwarze oder verchromte Armaturen besonders gut zur Geltung. Au\u00dferhalb von Bereichen mit direktem Wasserkontakt angebracht, ist sie widerstandsf\u00e4hig gegen Umgebungsfeuchtigkeit und wirkt edler als einheitliche Fliesen.<\/p>\n<h3>Im Schlafzimmer oder Wohnzimmer: einen Raum strukturieren<\/h3>\n<p>Als Akzentwand hinter dem Kopfteil des Bettes setzt diese Verkleidung einen starken Blickfang und erspart Ihnen die Verwendung zahlreicher Deko-Accessoires. Im Wohnzimmer kann sie die Wand hinter dem TV-M\u00f6bel, den Hintergrund eines offenen B\u00fccherregals oder eine Wandnische verkleiden, um einem neutralen Bereich Rhythmus zu verleihen (oder <em>zu viel<\/em> neutral).<\/p>\n<h3>In einem B\u00fcro oder einem professionellen Umfeld<\/h3>\n<p>Die Tafel kann auch in einer Arbeitsumgebung gute Ergebnisse erzielen, sei es in einem Besprechungsraum, einem Empfangsb\u00fcro oder einem Wartebereich. Dank ihres Formats l\u00e4sst sich eine gro\u00dfe Fl\u00e4che schnell verkleiden, wobei ein klares und grafisches Erscheinungsbild erhalten bleibt.<\/p>\n<h2>Unsere Tipps f\u00fcr die Anbringung der Klebefolie in schwarzer Marmoroptik<\/h2>\n<p>Das markierte Muster erfordert eine sorgf\u00e4ltige Verlegung, da schon die kleinste Verschiebung zu Problemen f\u00fchren kann. Hier sind unsere Tipps f\u00fcr eine sorgf\u00e4ltige Verlegung:<\/p>\n<ul>\n<li><strong>Bereiten Sie den Untergrund vor: <\/strong>Vergewissern Sie sich, dass die Oberfl\u00e4che glatt, sauber und trocken ist: Es d\u00fcrfen keine Unebenheiten vorhanden sein. Entstauben Sie die Oberfl\u00e4che sorgf\u00e4ltig und entfetten Sie sie gegebenenfalls. Bei mikropor\u00f6sen, br\u00f6ckeligen oder k\u00f6rnigen W\u00e4nden sollten Sie eine glatte Grundierung oder eine Grundplatte (MDF, PVC-Schaumstoff usw.) verwenden.<\/li>\n<li><strong>Lokalisieren und positionieren<\/strong> : Rollen Sie die Platte flach aus, um die Maserung zu sehen und die Schnitte zu planen. Wenn Sie mehrere Bahnen verlegen, richten Sie die Muster trocken aus, bevor Sie die Schutzfolie entfernen. Zeichnen Sie mit einer Wasserwaage vertikale Markierungen ein, um Versatz zu vermeiden.<\/li>\n<li><strong>Kleben und gl\u00e4tten<\/strong> : Ziehen Sie die Schutzfolie nach und nach in Abschnitten von 30 bis 40 cm ab. Bringen Sie die Platte von oben nach unten an und gl\u00e4tten Sie sie mit einem weichen Rakel, wobei Sie von der Mitte zu den R\u00e4ndern hin arbeiten, um Luft zu entfernen und Falten zu vermeiden.<\/li>\n<li><strong>Ausschneiden und anpassen<\/strong> : Verwenden Sie ein neues Cuttermesser und ein starres Lineal f\u00fcr die Feinarbeiten (Ecken, Steckdosen, Schalter usw.). Wenn eine Blase zur\u00fcckbleibt, heben Sie den betroffenen Bereich leicht an, legen Sie ihn wieder auf und gl\u00e4tten Sie ihn erneut, um die Oberfl\u00e4che zu ebnen.<\/li>\n<\/ul>","protected":false},"excerpt":{"rendered":"<p>Verwandeln Sie Ihre W\u00e4nde mit der Intensit\u00e4t von schwarzem Marmor und seinen leuchtenden Adern! Der Kontrast zwischen dem tiefschwarzen Hintergrund und den wei\u00dfen Adern schafft ein ausdrucksstarkes grafisches Dekor, das an hochwertigen polierten Marmor erinnert. Die gl\u00e4nzende Oberfl\u00e4che spielt mit dem Licht und betont die Tiefe des Musters, was in schwach beleuchteten R\u00e4umen sehr n\u00fctzlich ist. Als K\u00fcchenr\u00fcckwand, an einer Akzentwand oder hinter einem Kopfteil sorgt diese marmorierte Klebeplatte f\u00fcr eine starke visuelle Pr\u00e4senz und l\u00e4sst sich dennoch leicht in verschiedene Stile integrieren: minimalistisch, zeitgen\u00f6ssisch oder gewagter. Ausrollen, aufkleben, gl\u00e4tten ... ganz ohne Aufwand!<\/p>","protected":false},"featured_media":71937,"template":"","meta":[],"product_cat":[84],"product_tag":[],"class_list":{"0":"post-3509","1":"product","2":"type-product","3":"status-publish","4":"has-post-thumbnail","6":"product_cat-3-panneaux-adhesifs-250-x-120","7":"product_shipping_class-dhl-lot-10","9":"first","10":"instock","11":"shipping-taxable","12":"purchasable","13":"product-type-simple"},"_links":{"self":[{"href":"https:\/\/www.trivashop.com\/de\/wp-json\/wp\/v2\/product\/3509","targetHints":{"allow":["GET"]}}],"collection":[{"href":"https:\/\/www.trivashop.com\/de\/wp-json\/wp\/v2\/product"}],"about":[{"href":"https:\/\/www.trivashop.com\/de\/wp-json\/wp\/v2\/types\/product"}],"version-history":[{"count":7,"href":"https:\/\/www.trivashop.com\/de\/wp-json\/wp\/v2\/product\/3509\/revisions"}],"predecessor-version":[{"id":73506,"href":"https:\/\/www.trivashop.com\/de\/wp-json\/wp\/v2\/product\/3509\/revisions\/73506"}],"wp:featuredmedia":[{"embeddable":true,"href":"https:\/\/www.trivashop.com\/de\/wp-json\/wp\/v2\/media\/71937"}],"wp:attachment":[{"href":"https:\/\/www.trivashop.com\/de\/wp-json\/wp\/v2\/media?parent=3509"}],"wp:term":[{"taxonomy":"product_cat","embeddable":true,"href":"https:\/\/www.trivashop.com\/de\/wp-json\/wp\/v2\/product_cat?post=3509"},{"taxonomy":"product_tag","embeddable":true,"href":"https:\/\/www.trivashop.com\/de\/wp-json\/wp\/v2\/product_tag?post=3509"}],"curies":[{"name":"wp","href":"https:\/\/api.w.org\/{rel}","templated":true}]}}