{"id":69807,"date":"2025-04-25T16:57:47","date_gmt":"2025-04-25T16:57:47","guid":{"rendered":"https:\/\/www.mpdiscount.fr\/?post_type=product&#038;p=69807"},"modified":"2026-02-06T14:29:02","modified_gmt":"2026-02-06T13:29:02","slug":"pvc-parkett-in-dunklem-holz","status":"publish","type":"product","link":"https:\/\/www.trivashop.com\/de\/shop\/parquet-pvc-bois-fonce\/","title":{"rendered":"Klick-PVC-Parkett - Eiche Dunkel - 122\u00d718 cm - Dicke 4 mm - 5 Jahre Garantie"},"content":{"rendered":"<h2>Warum sollten Sie sich f\u00fcr dunkles PVC-Klickparkett entscheiden?<\/h2>\n<p>Dieser dunkle PVC-Parkettboden verleiht Ihren R\u00e4umen Charakter und Authentizit\u00e4t. Sein Dekor ist besonders nuancenreich, mit tiefem Braun und schokoladenbraunen Reflexen ... ein Design, das von edlen, von der Zeit patinierten H\u00f6lzern inspiriert ist. Die ausgepr\u00e4gte Maserung sorgt f\u00fcr eine rustikal-schicke Atmosph\u00e4re, die in Wohnr\u00e4umen sehr angenehm ist.<\/p>\n<p>Die leicht k\u00f6rnige Struktur imitiert die Haptik von Naturholz und bietet Ihnen gleichzeitig alle praktischen Vorteile eines PVC-Bodenbelags: 100 % wasserdicht, rutschfest und sto\u00df- und kratzfest. Die matte Oberfl\u00e4che absorbiert das Licht und verhindert st\u00f6rende Reflexionen, wodurch die Tiefe der dunklen Farbt\u00f6ne betont und die R\u00e4umlichkeiten optisch vergr\u00f6\u00dfert werden.<\/p>\n<p>Dank ihres gro\u00dfz\u00fcgigen Formats von 122 \u00d7 18 cm bilden die Dielen eine gleichm\u00e4\u00dfige optische Linie, die die Perspektive verl\u00e4ngert und den Raum vergr\u00f6\u00dfert. In Kombination mit hellen W\u00e4nden, schwarzen T\u00fcren und Fenstern oder Messingdetails verleiht dieses Parkett Ihrem Interieur eine starke, hochwertige Note.<\/p>\n<h2>In welchen R\u00e4umen kann dieses dunkle PVC-Klickparkett verlegt werden?<\/h2>\n<p>Es handelt sich um wasserdichtes, rutschfestes PVC, das mit Fu\u00dfbodenheizungen kompatibel ist. Es ist also ein besonders vielseitiges Produkt, das fast \u00fcberall im Haus verlegt werden kann.<\/p>\n<p>In einem Schlafzimmer oder Wohnzimmer verleihen dunkle Farbt\u00f6ne Tiefe, eine beruhigende Wirkung und ein Gef\u00fchl von Komfort. Die matte Oberfl\u00e4che absorbiert direktes Licht und bringt edle Materialien wie Samt, Leder oder unbehandeltes Holz besonders gut zur Geltung. In Kombination mit hellen W\u00e4nden schafft das Parkett einen Kontrast, der den Raum optisch vergr\u00f6\u00dfert und gleichzeitig seinen Charakter unterstreicht.<\/p>\n<p>Da dieser Parkettboden wasserfest ist, kann er auch in K\u00fcchen oder Badezimmern verlegt werden, ohne dass Spritzwasser und Feuchtigkeit ein Problem darstellen. Der rutschfeste Belag sorgt f\u00fcr Sicherheit in Durchgangsbereichen, selbst wenn man barfu\u00df unterwegs ist. Dank seiner Kratzfestigkeit eignet er sich perfekt f\u00fcr stark frequentierte Bereiche (insbesondere wenn M\u00f6bel h\u00e4ufig umgestellt werden).<\/p>\n<p>In einem B\u00fcro oder Eingangsbereich unterstreicht das dunkle Holzdekor die Einrichtung und verleiht dem Raum eine authentischere Dimension.<\/p>\n<h2>Wie verlegt man Ihr dunkles PVC-Klickparkett?<\/h2>\n<p>Das Clic 2G-System erm\u00f6glicht eine intuitive Verlegung ohne gro\u00dfen Aufwand. Sie ben\u00f6tigen weder Klebstoff noch Spezialwerkzeug. F\u00fcr ein makelloses Ergebnis sollten Sie sich die Zeit nehmen, die Oberfl\u00e4che gut vorzubereiten und die Dielen vor der Verlegung an die Raumtemperatur anzupassen:<\/p>\n<ul>\n<li>Lassen Sie die Dielen 24 bis 48 Stunden im Raum liegen, damit sie sich an die Raumtemperatur und Luftfeuchtigkeit anpassen k\u00f6nnen (dies verhindert beispielsweise eine Ausdehnung).;<\/li>\n<li>Bereiten Sie einen vollkommen ebenen, sauberen und trockenen Untergrund vor. Der Parkettboden kann direkt auf vorhandenen Fliesen verlegt werden, wenn die Fugen schmal sind.;<\/li>\n<li>Zeichnen Sie mit einer Schnur oder einem Laser eine gerade Startlinie, um die erste Reihe auszurichten.;<\/li>\n<li>Befestigen Sie die Dielen mit einem Winkelclip, indem Sie an einer Ecke des Raums beginnen und Reihe f\u00fcr Reihe voranschreiten.;<\/li>\n<li>Halten Sie rund um das gesamte Bauteil ein Dehnungsspiel von etwa 5 bis 8 mm ein, um Ma\u00dfabweichungen auszugleichen.;<\/li>\n<li>Beenden Sie die Verlegung mit dem Anbringen der Sockelleisten und Schwellen und reinigen Sie anschlie\u00dfend den Boden mit einem leicht feuchten Mopp.<\/li>\n<\/ul>\n<h2>Unsere Pflegehinweise f\u00fcr einen langlebigen PVC-Bodenbelag<\/h2>\n<p>Dieser PVC-Klickboden ist pflegeleicht. Es gen\u00fcgt, einige einfache Ma\u00dfnahmen zu beachten, um sein urspr\u00fcngliches Aussehen zu bewahren und seine Langlebigkeit zu f\u00f6rdern:<\/p>\n<ul>\n<li>Reinigen Sie regelm\u00e4\u00dfig mit einem Mikrofaserbesen oder einem Staubsauger mit weicher B\u00fcrste, um Staub und R\u00fcckst\u00e4nde zu entfernen.;<\/li>\n<li>Verwenden Sie einen leicht feuchten Mopp mit einem milden Reinigungsmittel, das frei von Bleichmittel, Ammoniak und anderen Scheuermitteln ist.;<\/li>\n<li>Wischen Sie Spritzer und stehende Fl\u00fcssigkeiten sofort auf, um ein Eindringen in die Fugen zu vermeiden.;<\/li>\n<li>Bringen Sie Filzgleiter unter den M\u00f6belf\u00fc\u00dfen an, um Kratzer und Druckstellen zu vermeiden.;<\/li>\n<li>Vermeiden Sie es, schwere Gegenst\u00e4nde zu schleppen: Heben Sie sie hoch, ziehen Sie sie nicht.;<\/li>\n<li>L\u00fcften Sie den Raum und halten Sie, soweit m\u00f6glich, eine stabile Raumfeuchtigkeit aufrecht, um eine Verformung der Dielen zu vermeiden.<\/li>\n<\/ul>","protected":false},"excerpt":{"rendered":"<p>Verleihen Sie Ihren R\u00e4umen mit diesem dunkelholzfarbenen PVC-Klickparkett W\u00e4rme und Charakter! Sein tiefes, nuanciertes Dekor schafft eine schicke, moderne Atmosph\u00e4re, die helle R\u00e4ume besonders gut zur Geltung bringt. Die 122 \u00d7 18 cm gro\u00dfen Dielen haben eine realistische Holzoptik mit einer subtilen Maserung, die an hochwertige Naturh\u00f6lzer erinnert. Dieses vollst\u00e4ndig wasserdichte, rutschfeste und kratzfeste Klickparkett eignet sich sowohl f\u00fcr Schlafzimmer als auch f\u00fcr Wohnzimmer, K\u00fcchen, Badezimmer oder sogar B\u00fcros. Schnelle Verlegung dank des Clic 2G-Systems (ohne Klebstoff).<\/p>","protected":false},"featured_media":71335,"template":"","meta":[],"product_cat":[702,689],"product_tag":[],"class_list":{"0":"post-69807","1":"product","2":"type-product","3":"status-publish","4":"has-post-thumbnail","6":"product_cat-parquet-pvc-122x18cm","7":"product_cat-4-parquet-pvc","8":"product_shipping_class-heppner-lot-27","10":"first","11":"instock","12":"shipping-taxable","13":"purchasable","14":"product-type-simple"},"_links":{"self":[{"href":"https:\/\/www.trivashop.com\/de\/wp-json\/wp\/v2\/product\/69807","targetHints":{"allow":["GET"]}}],"collection":[{"href":"https:\/\/www.trivashop.com\/de\/wp-json\/wp\/v2\/product"}],"about":[{"href":"https:\/\/www.trivashop.com\/de\/wp-json\/wp\/v2\/types\/product"}],"version-history":[{"count":21,"href":"https:\/\/www.trivashop.com\/de\/wp-json\/wp\/v2\/product\/69807\/revisions"}],"predecessor-version":[{"id":73707,"href":"https:\/\/www.trivashop.com\/de\/wp-json\/wp\/v2\/product\/69807\/revisions\/73707"}],"wp:featuredmedia":[{"embeddable":true,"href":"https:\/\/www.trivashop.com\/de\/wp-json\/wp\/v2\/media\/71335"}],"wp:attachment":[{"href":"https:\/\/www.trivashop.com\/de\/wp-json\/wp\/v2\/media?parent=69807"}],"wp:term":[{"taxonomy":"product_cat","embeddable":true,"href":"https:\/\/www.trivashop.com\/de\/wp-json\/wp\/v2\/product_cat?post=69807"},{"taxonomy":"product_tag","embeddable":true,"href":"https:\/\/www.trivashop.com\/de\/wp-json\/wp\/v2\/product_tag?post=69807"}],"curies":[{"name":"wp","href":"https:\/\/api.w.org\/{rel}","templated":true}]}}