{"id":69926,"date":"2025-06-06T18:46:07","date_gmt":"2025-06-06T18:46:07","guid":{"rendered":"https:\/\/www.mpdiscount.fr\/?post_type=product&#038;p=69926"},"modified":"2026-02-11T17:22:53","modified_gmt":"2026-02-11T16:22:53","slug":"stuhl-milano-grau-blau","status":"publish","type":"product","link":"https:\/\/www.trivashop.com\/de\/shop\/chaise-milano-gris-bleu\/","title":{"rendered":"Milano St\u00fchle - Kunstleder - Grau\/Blau - 2er Set"},"content":{"rendered":"<h2>Stuhl Milano in Graublau: ein auff\u00e4lliger Kontrast, sofortiger Komfort<\/h2>\n<p>Eine tiefblaue R\u00fcckenlehne, die das Licht einf\u00e4ngt, eine mineralgraue Sitzfl\u00e4che mit mattem Finish... Der Stuhl Milano hat Pers\u00f6nlichkeit und Stil! Er setzt ganz auf grafische Kontraste, ohne dabei jemals \u00fcbertrieben zu wirken. Sein zweifarbiges Kunstleder f\u00fchlt sich seidig weich an und l\u00e4sst sich mit einem Handgriff reinigen. Das Material ist dicht, robust und so konzipiert, dass es Reibung und lebhafte Mahlzeiten aush\u00e4lt, ohne seinen Glanz zu verlieren.<br \/>\nWenn man sich hinsetzt, richtet sich alles aus, von den Halswirbeln bis zu den Lendenwirbeln. Die dicke Polsterung gibt genau so viel nach, wie n\u00f6tig, und die subtil geschwungene R\u00fcckenlehne passt sich ganz nat\u00fcrlich der Kr\u00fcmmung des R\u00fcckens an und sorgt so f\u00fcr sofortigen Komfort. Man kann problemlos Stunden darin verbringen, sei es bei einem geselligen Abendessen oder einem Nachmittag im Homeoffice.<br \/>\nUnter der Sitzfl\u00e4che verst\u00e4rkt ein Metallrahmen die Struktur, und die schlanken, leicht geneigten Beine aus schwarzem Stahl verleihen dem Stuhl Milano seine sch\u00f6ne Silhouette. Stabil, luftig, elegant ... ein Stuhl, der seine praktische Funktion mit viel Stil erf\u00fcllt!<\/p>\n<h2>Stuhl Milano gro\u00df blau: schnelle und intuitive Montage<\/h2>\n<p>Die Stahlf\u00fc\u00dfe werden direkt am Metallgestell unter dem Sitz befestigt. In wenigen Minuten ist die Struktur vollkommen stabil und einsatzbereit.<br \/>\nUm die Lebensdauer des Stuhls zu verl\u00e4ngern, wird empfohlen, die Schrauben nach den ersten Wochen der Nutzung und anschlie\u00dfend ein- bis zweimal pro Jahr auf festen Sitz zu \u00fcberpr\u00fcfen. Diese einfache \u00dcberpr\u00fcfung gew\u00e4hrleistet die Stabilit\u00e4t des Gestells und verhindert ein Spiel der Befestigungen.<\/p>\n<h2>Unsere Pflegehinweise f\u00fcr den Stuhl Milano in Graublau<\/h2>\n<p>Die zweifarbige Kunstlederbez\u00fcge d\u00fcrfen nur mit einem leicht mit klarem Wasser angefeuchteten Mikrofasertuch gereinigt werden. Vermeiden Sie scheuernde oder l\u00f6sungsmittelhaltige Reinigungsmittel, da diese die satinierte Oberfl\u00e4che angreifen und die Schutzschicht besch\u00e4digen k\u00f6nnen.<\/p>\n<p><strong>Bei fettigen oder hartn\u00e4ckigen Flecken:<\/strong><\/p>\n<ul>\n<li>Verwenden Sie eine Mischung aus lauwarmem Wasser (maximal 30 \u00b0C) und neutraler Seife.<\/li>\n<li>Tragen Sie die L\u00f6sung mit einem sauberen Mikrofasertuch ohne \u00fcberm\u00e4\u00dfigen Druck auf.<\/li>\n<li>Sofort mit einem feuchten Tuch und klarem Wasser absp\u00fclen.<\/li>\n<li>Gr\u00fcndlich trocknen, um Flecken und das Eindringen von Feuchtigkeit zu vermeiden.<\/li>\n<\/ul>\n<p>Zur Pflege von lackierten Stahlf\u00fc\u00dfen reicht es aus, diese mit einem trockenen Mikrofasertuch gr\u00fcndlich abzuwischen. Bei hartn\u00e4ckigen Flecken verwenden Sie ein leicht mit lauwarmem Wasser und milder Seife angefeuchtetes Tuch. Verwenden Sie auch hier keine sauren oder alkalischen Reinigungsmittel, da diese den Lack angreifen und Mikrorisse verursachen k\u00f6nnen.<br \/>\nWir empfehlen au\u00dferdem, Gleitf\u00fc\u00dfe unter den F\u00fc\u00dfen anzubringen, um die Kappen und den Boden zu sch\u00fctzen.<\/p>","protected":false},"excerpt":{"rendered":"<p>Versch\u00f6nern Sie Ihren Wohn- oder Arbeitsbereich mit diesem Set aus zwei wundersch\u00f6nen Milano-St\u00fchlen! Dieses Modell spielt mit dem Kontrast zwischen mineralischem Grau und einem tiefen Blau, das das Licht einf\u00e4ngt. Das zweifarbige, glatte und satinierte Kunstleder f\u00fchlt sich angenehm an und ist gleichzeitig sehr pflegeleicht. Sie werden die gro\u00dfz\u00fcgige Polsterung lieben, die sich der K\u00f6rperform anpasst, sowie die leicht geschwungene R\u00fcckenlehne, die den R\u00fccken auf nat\u00fcrliche Weise st\u00fctzt.<\/p>","protected":false},"featured_media":71106,"template":"","meta":[],"product_cat":[690],"product_tag":[],"class_list":{"0":"post-69926","1":"product","2":"type-product","3":"status-publish","4":"has-post-thumbnail","6":"product_cat-5-chaise-milano","7":"product_shipping_class-dhl-simple","9":"first","10":"instock","11":"shipping-taxable","12":"purchasable","13":"product-type-simple"},"_links":{"self":[{"href":"https:\/\/www.trivashop.com\/de\/wp-json\/wp\/v2\/product\/69926","targetHints":{"allow":["GET"]}}],"collection":[{"href":"https:\/\/www.trivashop.com\/de\/wp-json\/wp\/v2\/product"}],"about":[{"href":"https:\/\/www.trivashop.com\/de\/wp-json\/wp\/v2\/types\/product"}],"version-history":[{"count":10,"href":"https:\/\/www.trivashop.com\/de\/wp-json\/wp\/v2\/product\/69926\/revisions"}],"predecessor-version":[{"id":73523,"href":"https:\/\/www.trivashop.com\/de\/wp-json\/wp\/v2\/product\/69926\/revisions\/73523"}],"wp:featuredmedia":[{"embeddable":true,"href":"https:\/\/www.trivashop.com\/de\/wp-json\/wp\/v2\/media\/71106"}],"wp:attachment":[{"href":"https:\/\/www.trivashop.com\/de\/wp-json\/wp\/v2\/media?parent=69926"}],"wp:term":[{"taxonomy":"product_cat","embeddable":true,"href":"https:\/\/www.trivashop.com\/de\/wp-json\/wp\/v2\/product_cat?post=69926"},{"taxonomy":"product_tag","embeddable":true,"href":"https:\/\/www.trivashop.com\/de\/wp-json\/wp\/v2\/product_tag?post=69926"}],"curies":[{"name":"wp","href":"https:\/\/api.w.org\/{rel}","templated":true}]}}