{"id":69936,"date":"2025-06-06T18:51:12","date_gmt":"2025-06-06T18:51:12","guid":{"rendered":"https:\/\/www.mpdiscount.fr\/?post_type=product&#038;p=69936"},"modified":"2026-02-11T17:21:55","modified_gmt":"2026-02-11T16:21:55","slug":"stuhl-milano-grau-braun-2","status":"publish","type":"product","link":"https:\/\/www.trivashop.com\/de\/shop\/chaise-milano-gris-marron\/","title":{"rendered":"Milano St\u00fchle - Kunstleder - Grau\/Braun - 2er Set"},"content":{"rendered":"<h2>Der Stil von Milano: klare Linien und die Kunst, mit Materialien zu arbeiten<\/h2>\n<p>Das Gestell besteht aus quadratischem Stahlrohr, das geschwei\u00dft und anschlie\u00dfend pulverbeschichtet wurde, um die Widerstandsf\u00e4higkeit gegen Mikrokratzer zu erh\u00f6hen und die Oxidation langfristig zu begrenzen. Die leichte Neigung der vier Beine verbessert die Stabilit\u00e4t, ohne die Silhouette dieses Modells zu beschweren, das mit seinen klaren Linien und dezenten Rundungen zu jeder Einrichtung passt.<\/p>\n<p>Die zweifarbige Kunstlederbez\u00fcge wurden aufgrund ihrer mechanischen Eigenschaften und ihrer Langlebigkeit ausgew\u00e4hlt. Der braune Teil weist eine sehr feine Narbung auf, die das Licht leicht reflektiert, w\u00e4hrend die graue Fl\u00e4che eine matte Oberfl\u00e4che hat, die sich glatter anf\u00fchlt. Die Kombination der beiden Texturen schafft einen sch\u00f6nen optischen Kontrast ohne Glanzeffekt, wodurch sich die Bez\u00fcge leicht in verschiedene Einrichtungsstile integrieren lassen.<\/p>\n<p>Die R\u00fcckenlehne verteilt die St\u00fctzpunkte entlang der Lendenwirbels\u00e4ule. Ihr \u00d6ffnungswinkel, der auf wenige Grad kalibriert ist, f\u00f6rdert eine entspannte Haltung, ohne die Wirbels\u00e4ule zu \u00fcberdehnen. Die Sitzfl\u00e4che besteht aus einem Schaumstoff mit kontrollierter Dichte, der seine Elastizit\u00e4t beh\u00e4lt und ein allm\u00e4hliches Durchh\u00e4ngen nach mehreren Nutzungszyklen verhindert. Die Randn\u00e4hte sind doppelt gen\u00e4ht.<\/p>\n<h2>Unsere Tipps zur Verwendung des Stuhls Milano<\/h2>\n<p>Der Stuhl Milano findet seinen Platz an einem Esstisch, in einem kleinen B\u00fcro oder in einem professionellen Empfangsbereich. Kompakt und vielseitig.<\/p>\n<p>Das f\u00fcr Sitzfl\u00e4che und R\u00fcckenlehne verwendete Kunstleder ist spritzwassergesch\u00fctzt und leicht zu reinigen. Es h\u00e4lt regelm\u00e4\u00dfiger und sogar intensiver Nutzung stand. Die gepolsterte Sitzfl\u00e4che sorgt f\u00fcr lang anhaltenden Komfort, und die leicht gew\u00f6lbte R\u00fcckenlehne st\u00fctzt die nat\u00fcrliche Kr\u00fcmmung des R\u00fcckens. Dank dieser Eigenschaften eignet sich der Stuhl sowohl f\u00fcr l\u00e4ngere Mahlzeiten als auch f\u00fcr Arbeitssitzungen.<\/p>\n<p>Sie k\u00f6nnen ihn auch in einem Besprechungsraum verwenden, selbst wenn die St\u00fchle dort h\u00e4ufig umgestellt werden. Die Metallf\u00fc\u00dfe sind widerstandsf\u00e4hig und lassen Sie nicht im Stich.<\/p>\n<h2>Unsere Empfehlungen f\u00fcr die Pflege des Stuhls Milano<\/h2>\n<p>Das zweifarbige Kunstleder des Stuhls Milano ist spritzwassergesch\u00fctzt und l\u00e4sst sich sehr schnell reinigen. Staub und Fingerabdr\u00fccke lassen sich einfach mit einem leicht feuchten, weichen Tuch entfernen. Bei lokalen Flecken verwenden Sie eine neutrale Seife, die Sie mit etwas Wasser verd\u00fcnnen, und wischen Sie dann mit einem sauberen, gut ausgewrungenen Tuch nach. Lassen Sie das Tuch an der Luft trocknen, ohne zu reiben und ohne direkte W\u00e4rmequelle.<\/p>\n<p>Die Oberfl\u00e4che der Verkleidung vereint zwei Strukturen: einen leicht gek\u00f6rnten braunen Bereich und eine glattere graue Platte. Um das urspr\u00fcngliche Aussehen zu erhalten:<\/p>\n<ul>\n<li>Vermeiden Sie Scheuermittel, aggressive Reinigungsmittel und chemische L\u00f6sungsmittel. Diese k\u00f6nnen die Farbe ver\u00e4ndern und Spuren auf der Oberfl\u00e4che hinterlassen.<\/li>\n<li>Vermeiden Sie auch Schw\u00e4mme mit rauer Oberfl\u00e4che und harte B\u00fcrsten, die sichtbare Mikrokratzer auf den matten Teilen verursachen k\u00f6nnen.<\/li>\n<li>Lassen Sie keine Fl\u00fcssigkeiten auf dem Sitz stehen: Auch wenn der Bezug wasserfest ist, vermeiden Sie durch schnelles Trocknen unsch\u00f6ne Flecken.<\/li>\n<\/ul>\n<p>Die Metallf\u00fc\u00dfe sind widerstandsf\u00e4hig und pflegeleicht: Wischen Sie sie regelm\u00e4\u00dfig mit einem trockenen, weichen Tuch ab. Bei Flecken wischen Sie sie einfach mit einem leicht feuchten Tuch ab und trocknen Sie sie anschlie\u00dfend sofort, um Kalkablagerungen zu vermeiden.<\/p>","protected":false},"excerpt":{"rendered":"<p>Es gibt St\u00fchle, die sich in die Umgebung einf\u00fcgen. Und dann gibt es die <strong>Mailand<\/strong> Das zweifarbige Kunstleder f\u00fchlt sich superweich an und bildet einen coolen Kontrast zu den Metallbeinen. Die Mischung aus Braun und Grau sorgt f\u00fcr Struktur, f\u00e4ngt das Licht ein und gibt dem Raum Charakter. Man schiebt ihn hin, setzt sich drauf und l\u00e4sst sich von der gepolsterten Sitzfl\u00e4che umh\u00fcllen: Der Komfort dieses Kokons ist echt unschlagbar. Im Esszimmer, um einen Besprechungstisch herum oder sogar in einer Leseecke \u2013 der Milano setzt seinen Stil durch, ohne jemals den Rest der Einrichtung in den Schatten zu stellen.<\/p>","protected":false},"featured_media":71118,"template":"","meta":[],"product_cat":[690],"product_tag":[],"class_list":{"0":"post-69936","1":"product","2":"type-product","3":"status-publish","4":"has-post-thumbnail","6":"product_cat-5-chaise-milano","7":"product_shipping_class-dhl-simple","9":"first","10":"outofstock","11":"shipping-taxable","12":"purchasable","13":"product-type-simple"},"_links":{"self":[{"href":"https:\/\/www.trivashop.com\/de\/wp-json\/wp\/v2\/product\/69936","targetHints":{"allow":["GET"]}}],"collection":[{"href":"https:\/\/www.trivashop.com\/de\/wp-json\/wp\/v2\/product"}],"about":[{"href":"https:\/\/www.trivashop.com\/de\/wp-json\/wp\/v2\/types\/product"}],"version-history":[{"count":9,"href":"https:\/\/www.trivashop.com\/de\/wp-json\/wp\/v2\/product\/69936\/revisions"}],"predecessor-version":[{"id":73524,"href":"https:\/\/www.trivashop.com\/de\/wp-json\/wp\/v2\/product\/69936\/revisions\/73524"}],"wp:featuredmedia":[{"embeddable":true,"href":"https:\/\/www.trivashop.com\/de\/wp-json\/wp\/v2\/media\/71118"}],"wp:attachment":[{"href":"https:\/\/www.trivashop.com\/de\/wp-json\/wp\/v2\/media?parent=69936"}],"wp:term":[{"taxonomy":"product_cat","embeddable":true,"href":"https:\/\/www.trivashop.com\/de\/wp-json\/wp\/v2\/product_cat?post=69936"},{"taxonomy":"product_tag","embeddable":true,"href":"https:\/\/www.trivashop.com\/de\/wp-json\/wp\/v2\/product_tag?post=69936"}],"curies":[{"name":"wp","href":"https:\/\/api.w.org\/{rel}","templated":true}]}}