{"id":69976,"date":"2025-06-18T13:14:29","date_gmt":"2025-06-18T13:14:29","guid":{"rendered":"https:\/\/www.mpdiscount.fr\/?post_type=product&#038;p=69976"},"modified":"2026-03-13T09:14:40","modified_gmt":"2026-03-13T08:14:40","slug":"akustikplatte-eiche-hell-2400-x-600-x-11-mm","status":"publish","type":"product","link":"https:\/\/www.trivashop.com\/de\/shop\/panneau-acoustique-chene-clair-2400x600x11mm\/","title":{"rendered":"Akustikwandpaneele aus Eiche - Schwarzer Akustikfilz - 11 mm - 4er-Set"},"content":{"rendered":"<h3>Akustikplatten - Akustische Leistung und verantwortungsvolles Design<\/h3>\n<p>Unsere flexiblen Akustikplatten vereinen akustische Leistung, zeitgen\u00f6ssische \u00c4sthetik und Umweltfreundlichkeit. Sie sind eine effiziente L\u00f6sung, um den Ger\u00e4uschkomfort in Ihren R\u00e4umen zu verbessern und gleichzeitig ein elegantes und gepflegtes Finish zu bieten.<\/p>\n<p>Sie f\u00fcgen sich nat\u00fcrlich in alle Arten von Umgebungen ein, egal ob es sich um Wohnr\u00e4ume, B\u00fcros oder Gesch\u00e4ftsr\u00e4ume handelt.<\/p>\n<hr \/>\n<h3>Technische Daten<\/h3>\n<ul>\n<li><strong>Abmessungen:<\/strong> 240 \u00d7 60 cm<\/li>\n<li><strong>Dicke:<\/strong> 1,1 cm<\/li>\n<li><strong>Bedeckte Fl\u00e4che :<\/strong> 1,44 m\u00b2 pro Platte<\/li>\n<li><strong>Gewicht:<\/strong> 5 kg<\/li>\n<li><strong>Materialien:<\/strong> recycelter akustischer Filz und furnierte MDF-Latten<\/li>\n<li><strong>Fixierung :<\/strong> Silikonkleber oder Schrauben<\/li>\n<li><strong>Verwendung:<\/strong> akustische Isolierung und Behandlung<\/li>\n<li><strong>Kompatibilit\u00e4t :<\/strong> alle Arten von R\u00e4umen (Wohnr\u00e4ume, B\u00fcros, Gesch\u00e4ftsr\u00e4ume)<\/li>\n<\/ul>\n<hr \/>\n<h3>Nachhaltige und verantwortungsvolle Materialien<\/h3>\n<p>Unsere Akustikplatten werden aus umweltfreundlichen Materialien hergestellt und basieren auf einer sorgf\u00e4ltig entwickelten zweischichtigen Struktur.<\/p>\n<p>Die Basis besteht aus einem akustischen Filz aus recycelten Kunststoffen, der eine effektive Schallabsorption gew\u00e4hrleistet und zur Reduzierung von L\u00e4rmbel\u00e4stigungen beitr\u00e4gt.<\/p>\n<p>Die Oberfl\u00e4che besteht aus MDF-Latten (Holzfaser mit mittlerer Dichte), die mit einem \u00e4sthetischen und widerstandsf\u00e4higen Furnier \u00fcberzogen sind, das Langlebigkeit und optische Qualit\u00e4t garantiert.<\/p>\n<p>Das verwendete Holz stammt ausschlie\u00dflich aus nachhaltig bewirtschafteten W\u00e4ldern, die die nat\u00fcrlichen Kreisl\u00e4ufe, die biologische Vielfalt und die \u00d6kosysteme des Waldes respektieren.<\/p>\n<hr \/>\n<h3>Akustische Verbesserung<\/h3>\n<p>Durch ihren mehrschichtigen Aufbau reduzieren die Platten wirksam Resonanzen, Nachhall und st\u00f6rende Ger\u00e4usche.<\/p>\n<p>Sie eignen sich besonders zur Schalld\u00e4mmung und Klangkorrektur in vielen R\u00e4umen: B\u00fcros, Gro\u00dfraumb\u00fcros, Studios, Lounges, Konferenzr\u00e4ume oder Heimkino.<\/p>\n<hr \/>\n<h3>Einfache und schnelle Installation<\/h3>\n<p>Das flexible und leichte Design der Paneele (5 kg) erm\u00f6glicht eine einfache Installation direkt an W\u00e4nden oder Decken mithilfe von Silikonkleber oder Schrauben.<\/p>\n<p>Es sind weder Rahmen noch Spezialwerkzeuge erforderlich, was eine schnelle, saubere und dauerhafte Umsetzung garantiert.<\/p>\n<p><strong>Empfohlener Zuschnitt :<\/strong> um die Platten auf Ihre Ma\u00dfe anzupassen, wird die Verwendung einer Kreiss\u00e4ge empfohlen, um einen sauberen und pr\u00e4zisen Schnitt zu erhalten.<\/p>\n<hr \/>\n<h3>Wartung<\/h3>\n<p>Um das Aussehen und die akustische Leistung der Paneele im Laufe der Zeit zu erhalten, wird eine einfache und regelm\u00e4\u00dfige Pflege empfohlen:<\/p>\n<ul>\n<li>Staub mit einem Besen oder einem Staubsauger mit einer weichen D\u00fcse entfernen.<\/li>\n<li>Punktuelle Reinigung mit einem sauberen, leicht feuchten und gut ausgewrungenen Tuch.<\/li>\n<li>Vermeiden Sie die Verwendung von Scheuermitteln, die die Oberfl\u00e4chen angreifen k\u00f6nnten.<\/li>\n<\/ul>\n<hr \/>\n<h3>\u00d6kologisch verantwortliches Engagement<\/h3>\n<p>Wir haben uns f\u00fcr recycelte Materialien und Holz aus nachhaltig bewirtschafteten W\u00e4ldern entschieden, um unsere Umweltauswirkungen zu begrenzen.<\/p>\n<p>Unsere Akustikplatten sind Teil eines verantwortungsbewussten Ansatzes, der technische Leistung, Design und Umweltfreundlichkeit miteinander verbindet.<\/p>","protected":false},"excerpt":{"rendered":"<p>Diese 11 mm starke Akustikplatte verleiht Ihren W\u00e4nden einen eleganten und zeitgem\u00e4\u00dfen Design-Touch und verbessert gleichzeitig wirksam den akustischen Komfort in Ihren R\u00e4umen. Ihr gepflegtes Furnier mit harmonischen Oberfl\u00e4chen wertet Innenr\u00e4ume auf nat\u00fcrliche Weise auf und tr\u00e4gt zu einer \u00e4sthetischen und zugleich beruhigenden Atmosph\u00e4re bei.<\/p>\n<p>Hinter seinem raffinierten \u00c4u\u00dferen verbirgt sich hochdichter Akustikfilz, der aus recyceltem Kunststoff hergestellt wird und eine leistungsstarke Schallabsorption bietet. Er reduziert Echos und Nachhall, die f\u00fcr die Erm\u00fcdung des Geh\u00f6rs verantwortlich sind, und sorgt so f\u00fcr ein ruhigeres und angenehmeres Umfeld im Alltag.<\/p>\n<p>Die Installation ist einfach und schnell :<\/p>\n<ul>\n<li>Verlegung durch Kleben oder Schrauben, je nach Beschaffenheit Ihrer W\u00e4nde.<\/li>\n<li>Kann zugeschnitten werden, um perfekt zu Steckdosen und Lichtschaltern zu passen.<\/li>\n<\/ul>\n<p><strong>Kostenlose Lieferung.<\/strong><\/p>","protected":false},"featured_media":73654,"template":"","meta":[],"product_cat":[693,692,976],"product_tag":[],"class_list":{"0":"post-69976","1":"product","2":"type-product","3":"status-publish","4":"has-post-thumbnail","6":"product_cat-panneaux-acoustiques-240x60-11mm","7":"product_cat-1-panneaux-acoustiques","8":"product_cat-promotions","9":"product_shipping_class-livraison-gratuite","10":"pa_couleur-chene","12":"first","13":"instock","14":"shipping-taxable","15":"purchasable","16":"product-type-simple"},"_links":{"self":[{"href":"https:\/\/www.trivashop.com\/de\/wp-json\/wp\/v2\/product\/69976","targetHints":{"allow":["GET"]}}],"collection":[{"href":"https:\/\/www.trivashop.com\/de\/wp-json\/wp\/v2\/product"}],"about":[{"href":"https:\/\/www.trivashop.com\/de\/wp-json\/wp\/v2\/types\/product"}],"version-history":[{"count":15,"href":"https:\/\/www.trivashop.com\/de\/wp-json\/wp\/v2\/product\/69976\/revisions"}],"predecessor-version":[{"id":73822,"href":"https:\/\/www.trivashop.com\/de\/wp-json\/wp\/v2\/product\/69976\/revisions\/73822"}],"wp:featuredmedia":[{"embeddable":true,"href":"https:\/\/www.trivashop.com\/de\/wp-json\/wp\/v2\/media\/73654"}],"wp:attachment":[{"href":"https:\/\/www.trivashop.com\/de\/wp-json\/wp\/v2\/media?parent=69976"}],"wp:term":[{"taxonomy":"product_cat","embeddable":true,"href":"https:\/\/www.trivashop.com\/de\/wp-json\/wp\/v2\/product_cat?post=69976"},{"taxonomy":"product_tag","embeddable":true,"href":"https:\/\/www.trivashop.com\/de\/wp-json\/wp\/v2\/product_tag?post=69976"}],"curies":[{"name":"wp","href":"https:\/\/api.w.org\/{rel}","templated":true}]}}