{"id":70182,"date":"2025-06-25T13:48:55","date_gmt":"2025-06-25T11:48:55","guid":{"rendered":"https:\/\/www.mpdiscount.fr\/?post_type=product&#038;p=70182"},"modified":"2026-02-05T12:06:48","modified_gmt":"2026-02-05T11:06:48","slug":"ausen-spa-ps-j515-6-platze-massagedusen-beleuchteter-wasserfall","status":"publish","type":"product","link":"https:\/\/www.trivashop.com\/de\/shop\/spa-exterieur-ps-j515-6-places-jets-massants-cascade-lumineuse\/","title":{"rendered":"Au\u00dfen-Whirlpool PS-J515 \u2013 6 Pl\u00e4tze \u2013 Massaged\u00fcsen \u2013 Beleuchteter Wasserfall"},"content":{"rendered":"<h2>Ein XXL-Spa mit umfangreicher Ausstattung f\u00fcr noch mehr gemeinsame Momente und Entspannung<\/h2>\n<p>Stellen Sie sich einen Sommerabend vor, an dem jeder seinen Platz findet, um sich mit Freunden zu unterhalten, und eine lange Bank f\u00fcr diejenigen, die lieber alleine unter den Wasserstrahlen entspannen m\u00f6chten. Das Wasser vermischt sich mit den Reflexionen des leuchtenden Wasserfalls, Gespr\u00e4che vermischen sich und die Zeit scheint still zu stehen!<\/p>\n<p>Der PS-J515 ist sowohl ein geselliger Begleiter als auch ein R\u00fcckzugsort f\u00fcr sich selbst, wenn man nach einem langen Tag Entspannung sucht. Auf dem Programm stehen:<\/p>\n<ul>\n<li>Die liegende Position erm\u00f6glicht es, die Beine und den R\u00fccken in einer umh\u00fcllenden Haltung zu entspannen, die die Entspannung verl\u00e4ngert.;<\/li>\n<li>Die 34 D\u00fcsen aus geb\u00fcrstetem Edelstahl sorgen f\u00fcr eine Massage mit chirurgischer Pr\u00e4zision, deren Intensit\u00e4t sich zwischen stimulierend und beruhigend einstellen l\u00e4sst.;<\/li>\n<li>Die 3,0-PS-Pumpe sorgt f\u00fcr eine konstante Leistung, die jeden Strahl effizient macht, selbst wenn der Whirlpool voll ausgelastet ist.;<\/li>\n<li>Der leuchtende Wasserfall verwandelt das Erlebnis in ein sinnliches Spektakel mit einem Schleier aus Wasser, der von wechselnden Reflexionen belebt wird.;<\/li>\n<li>Die Verkleidung aus grauem oder braunem Verbundholz ist sowohl \u00e4u\u00dferst \u00e4sthetisch als auch extrem widerstandsf\u00e4hig gegen Witterungseinfl\u00fcsse.<\/li>\n<\/ul>\n<h2>Immer kristallklares Wasser f\u00fcr einen jederzeit einsatzbereiten Whirlpool<\/h2>\n<p>Ein Spa ist eine Oase der Entspannung, aber vor allem ist es eine Wassermenge, die klar, gesund und angenehm bleiben muss, auch wenn sie regelm\u00e4\u00dfig genutzt wird.<\/p>\n<p>Das Modell PS-J515 erfordert nur wenig Wartung, da es \u00fcber mehrere Funktionen verf\u00fcgt, die Ihnen das Leben erleichtern:<\/p>\n<ul>\n<li>Die Filterpatrone h\u00e4lt sichtbare Verunreinigungen zur\u00fcck und sorgt t\u00e4glich f\u00fcr sauberes Wasser.;<\/li>\n<li>Der integrierte Ozonator wirkt kontinuierlich, um das Bakterienwachstum zu begrenzen und den Einsatz von Chemikalien zu reduzieren.;<\/li>\n<li>Die Umw\u00e4lzpumpe sorgt f\u00fcr eine permanente Bewegung des Wassers, wodurch stehende Bereiche vermieden werden.;<\/li>\n<li>Das Magic Plastic-Entleerungssystem erm\u00f6glicht eine schnelle Wasserableitung und verhindert Ablagerungen am Boden des Beh\u00e4lters.;<\/li>\n<li>Das Bedienfeld zentralisiert die Einstellungen und erm\u00f6glicht eine einfache Anpassung der Filterung an die Nutzungsh\u00e4ufigkeit.<\/li>\n<\/ul>","protected":false},"excerpt":{"rendered":"<p>Mit diesem Familien-Whirlpool mit 6 Pl\u00e4tzen, darunter einer zum Liegen, schaffen Sie sich ganz einfach eine (gro\u00dfe) Oase der Ruhe und Gelassenheit in Ihrem Au\u00dfenbereich. Die Acrylwanne gl\u00e4nzt im Licht und ist mit Holzverkleidungen versehen, die den Raum w\u00e4rmer wirken lassen und dem Whirlpool eine zeitlose Eleganz verleihen. Unter der Oberfl\u00e4che sorgen 34 D\u00fcsen f\u00fcr Ihre Massage, die je nach Wunsch anregend oder beruhigend wirkt. Mit seinen kantigen Linien und seinem gro\u00dfz\u00fcgigen Volumen ist der PS-J515 der Ausgangspunkt f\u00fcr eine neue Lebenskunst: Geselligkeit, Entspannung und sich vom Wasser und Licht tragen lassen.<\/p>","protected":false},"featured_media":71688,"template":"","meta":[],"product_cat":[695],"product_tag":[],"class_list":{"0":"post-70182","1":"product","2":"type-product","3":"status-publish","4":"has-post-thumbnail","6":"product_cat-8-spa","7":"product_shipping_class-livraison-gratuite","9":"first","10":"outofstock","11":"shipping-taxable","12":"purchasable","13":"product-type-simple"},"_links":{"self":[{"href":"https:\/\/www.trivashop.com\/de\/wp-json\/wp\/v2\/product\/70182","targetHints":{"allow":["GET"]}}],"collection":[{"href":"https:\/\/www.trivashop.com\/de\/wp-json\/wp\/v2\/product"}],"about":[{"href":"https:\/\/www.trivashop.com\/de\/wp-json\/wp\/v2\/types\/product"}],"version-history":[{"count":5,"href":"https:\/\/www.trivashop.com\/de\/wp-json\/wp\/v2\/product\/70182\/revisions"}],"predecessor-version":[{"id":71695,"href":"https:\/\/www.trivashop.com\/de\/wp-json\/wp\/v2\/product\/70182\/revisions\/71695"}],"wp:featuredmedia":[{"embeddable":true,"href":"https:\/\/www.trivashop.com\/de\/wp-json\/wp\/v2\/media\/71688"}],"wp:attachment":[{"href":"https:\/\/www.trivashop.com\/de\/wp-json\/wp\/v2\/media?parent=70182"}],"wp:term":[{"taxonomy":"product_cat","embeddable":true,"href":"https:\/\/www.trivashop.com\/de\/wp-json\/wp\/v2\/product_cat?post=70182"},{"taxonomy":"product_tag","embeddable":true,"href":"https:\/\/www.trivashop.com\/de\/wp-json\/wp\/v2\/product_tag?post=70182"}],"curies":[{"name":"wp","href":"https:\/\/api.w.org\/{rel}","templated":true}]}}