{"id":70184,"date":"2025-06-25T13:52:33","date_gmt":"2025-06-25T11:52:33","guid":{"rendered":"https:\/\/www.mpdiscount.fr\/?post_type=product&#038;p=70184"},"modified":"2026-02-05T14:24:17","modified_gmt":"2026-02-05T13:24:17","slug":"ausen-spa-ps-j555-mit-5-platzen-massagedusen-und-farbtherapie","status":"publish","type":"product","link":"https:\/\/www.trivashop.com\/de\/shop\/spa-exterieur-ps-j555-5-places-jets-massants-chromotherapie\/","title":{"rendered":"Au\u00dfen-Whirlpool PS-J555 \u2013 5 Pl\u00e4tze \u2013 Massaged\u00fcsen \u2013 Farbtherapie"},"content":{"rendered":"<h2>Ein voll ausgestatteter Whirlpool mit 5 Pl\u00e4tzen, in dem Sie vollkommen entspannen k\u00f6nnen.<\/h2>\n<p>Die Sitze und die beiden Liegefl\u00e4chen sind so gestaltet, dass sie sich den K\u00f6rperkonturen anpassen und jede St\u00fctze in Verl\u00e4ngerung der Wirbels\u00e4ule halten. Man setzt sich hin und l\u00e4sst sich fallen: Die W\u00e4rme umh\u00fcllt einen, die D\u00fcsen setzen ein, und man hat das Gef\u00fchl, zu Hause eine ma\u00dfgeschneiderte Massage zu genie\u00dfen.<\/p>\n<p>Das Erlebnis ist individuell anpassbar, da die St\u00e4rke der Hydromassage und die Ausrichtung der D\u00fcsen an die K\u00f6rperform jedes Einzelnen angepasst werden k\u00f6nnen. Ihnen stehen nicht weniger als 31 D\u00fcsen zur Verf\u00fcgung, die von einer sanften Massage bis hin zu einer kr\u00e4ftigen Knetmassage reichen!<\/p>\n<p>Dieses Spa bietet dar\u00fcber hinaus eine sinnliche Dimension, die \u00fcber ein einfaches hei\u00dfes Bad hinausgeht. Die ergonomischen Kopfst\u00fctzen sorgen f\u00fcr lang anhaltenden Genuss, ohne den Nacken zu belasten (ganz im Gegenteil), die Farbtherapie schafft eine wechselnde Atmosph\u00e4re, in der die Farben zur Entspannung beitragen, und die Holzverbundstruktur gew\u00e4hrleistet Stabilit\u00e4t und Widerstandsf\u00e4higkeit zu jeder Jahreszeit.<\/p>\n<h2>M\u00fchelos klares und gesundes Wasser f\u00fcr den Alltag<\/h2>\n<p>Der Whirlpool PS-J555 kombiniert zwei Systeme, um das Wasser l\u00e4nger sauber zu halten:<\/p>\n<ul>\n<li>Die Filterpatrone f\u00e4ngt Schwebeteilchen auf.;<\/li>\n<li>Der integrierte Ozonator wirkt kontinuierlich, um die Bildung von Bakterien zu begrenzen und den Einsatz von Chemikalien zu reduzieren.<\/li>\n<\/ul>\n<p>Diese doppelte Wirkung vereinfacht die Pflege und macht jede Sitzung angenehmer, ohne Kompromisse bei der Gesundheit und Sicherheit der Benutzer einzugehen.<\/p>\n<p>Die Umw\u00e4lzpumpe sorgt f\u00fcr eine konstante Durchmischung, wodurch stehende Wasserbereiche vermieden werden. Beim Entleeren beschleunigt das Magic Plastic-System den Abfluss und verringert das Risiko von Ablagerungen im Tank. Das gesamte System ist so konzipiert, dass es im Alltag einfach zu handhaben ist, ohne komplexe Manipulationen oder aufwendige Wartungsarbeiten.<\/p>\n<h2>Unsere Tipps zur optimalen Nutzung des Spas PS-J555<\/h2>\n<ul>\n<li>Wechseln Sie zwischen sitzender und liegender Position, um die beanspruchten Bereiche zu variieren und eine umfassendere Massage zu genie\u00dfen.;<\/li>\n<li>Stellen Sie bei jeder Sitzung die Ausrichtung und St\u00e4rke der D\u00fcsen ein, um eine angepasste Massage zu erhalten, die zur Erholung sanfter oder nach einem anstrengenden oder stressigen Tag belebender ist. ;<\/li>\n<li>Planen Sie abends Farbtherapie-Sitzungen ein, um eine beruhigende Atmosph\u00e4re zu schaffen, die auf nat\u00fcrliche Weise die Entspannung verl\u00e4ngert und einen gesunden, erholsamen Schlaf vorbereitet.;<\/li>\n<li>Beschr\u00e4nken Sie jedes Bad auf etwa 30 Minuten, um dieses Wohlgef\u00fchl ohne \u00fcberm\u00e4\u00dfige Erm\u00fcdung zu bewahren.;<\/li>\n<li>Decken Sie den Whirlpool nach Gebrauch ab, um die Wassertemperatur zu halten und den Energieverbrauch langfristig zu senken.<\/li>\n<\/ul>","protected":false},"excerpt":{"rendered":"<p>Hier ist ein familienfreundlicher Whirlpool mit umfangreicher Ausstattung, der die ganze Familie verw\u00f6hnt ... zu einem g\u00fcnstigen Preis! Mit seiner quadratischen Form und den klaren Linien ist er ein komfortables Highlight in Ihrem Garten oder auf Ihrer Terrasse. Die klare Acrylschale reflektiert das Licht, die dunkelgraue Verkleidung aus Verbundholz verleiht dem Ganzen Eleganz... Sobald Sie sich hineinsetzen, umh\u00fcllt das Wasser Ihren K\u00f6rper und die 31 verstellbaren D\u00fcsen setzen einen mal sanften, mal kr\u00e4ftigeren Druck frei, um Muskelverspannungen zu l\u00f6sen und neue Energie zu tanken.<\/p>","protected":false},"featured_media":71682,"template":"","meta":[],"product_cat":[695],"product_tag":[],"class_list":{"0":"post-70184","1":"product","2":"type-product","3":"status-publish","4":"has-post-thumbnail","6":"product_cat-8-spa","7":"product_shipping_class-livraison-gratuite","9":"first","10":"outofstock","11":"shipping-taxable","12":"purchasable","13":"product-type-simple"},"_links":{"self":[{"href":"https:\/\/www.trivashop.com\/de\/wp-json\/wp\/v2\/product\/70184","targetHints":{"allow":["GET"]}}],"collection":[{"href":"https:\/\/www.trivashop.com\/de\/wp-json\/wp\/v2\/product"}],"about":[{"href":"https:\/\/www.trivashop.com\/de\/wp-json\/wp\/v2\/types\/product"}],"version-history":[{"count":6,"href":"https:\/\/www.trivashop.com\/de\/wp-json\/wp\/v2\/product\/70184\/revisions"}],"predecessor-version":[{"id":71686,"href":"https:\/\/www.trivashop.com\/de\/wp-json\/wp\/v2\/product\/70184\/revisions\/71686"}],"wp:featuredmedia":[{"embeddable":true,"href":"https:\/\/www.trivashop.com\/de\/wp-json\/wp\/v2\/media\/71682"}],"wp:attachment":[{"href":"https:\/\/www.trivashop.com\/de\/wp-json\/wp\/v2\/media?parent=70184"}],"wp:term":[{"taxonomy":"product_cat","embeddable":true,"href":"https:\/\/www.trivashop.com\/de\/wp-json\/wp\/v2\/product_cat?post=70184"},{"taxonomy":"product_tag","embeddable":true,"href":"https:\/\/www.trivashop.com\/de\/wp-json\/wp\/v2\/product_tag?post=70184"}],"curies":[{"name":"wp","href":"https:\/\/api.w.org\/{rel}","templated":true}]}}