{"id":70186,"date":"2025-06-25T13:57:58","date_gmt":"2025-06-25T11:57:58","guid":{"rendered":"https:\/\/www.mpdiscount.fr\/?post_type=product&#038;p=70186"},"modified":"2026-02-05T10:56:15","modified_gmt":"2026-02-05T09:56:15","slug":"ausen-spa-mit-holzverkleidung-ps-j525-5-platze-massagedusen-farbtherapie","status":"publish","type":"product","link":"https:\/\/www.trivashop.com\/de\/shop\/spa-exterieur-habillage-bois-ps-j525-5-places-jets-massants-chromotherapie\/","title":{"rendered":"Outdoor-Spa mit Holzverkleidung PS-J525 - 5 Sitze - Massaged\u00fcsen - Chromotherapie"},"content":{"rendered":"<h2>Der Whirlpool PS-J525: XXL-Ausstattung f\u00fcr Entspannung f\u00fcr die ganze Familie<\/h2>\n<p>Sie haben nicht 5, 10 oder 15 D\u00fcsen... Dieser XXL-Whirlpool verf\u00fcgt \u00fcber 49 D\u00fcsen aus geb\u00fcrstetem Edelstahl, die ein echtes Massagenetzwerk auf den 5 Pl\u00e4tzen schaffen!<\/p>\n<p>Die vier 1-Zoll-D\u00fcsen zielen auf die Druckpunkte ab, die im Alltag Verspannungen verursachen, die 38 2-Zoll-D\u00fcsen decken den gesamten R\u00fccken und die Beine mit einer umfassenden Massage ab, und die sieben 2,5-Zoll-D\u00fcsen k\u00fcmmern sich um gro\u00dfe Bereiche wie die Lendenwirbels\u00e4ule.<\/p>\n<p>Zwei 2-PS-Pumpen versorgen dieses System, um einen konstanten Druck zu gew\u00e4hrleisten, selbst wenn alle D\u00fcsen gleichzeitig in Betrieb sind. Genie\u00dfen Sie au\u00dferdem:<\/p>\n<ul>\n<li><strong>Das VIRPOL-Kontrollsystem mit Bedienfeld PB554<\/strong> f\u00fcr eine zentrale und intuitive Steuerung der Spa-Funktionen;<\/li>\n<li><strong>3 Luftventile<\/strong> um die Intensit\u00e4t der Massage f\u00fcr jeden Bereich frei einzustellen;<\/li>\n<li><strong>Die Heizung 3 kW<\/strong> um die 1.200 Liter auf der richtigen Temperatur zu halten;<\/li>\n<li><strong>Die Umw\u00e4lzpumpe 0,35 PS<\/strong> f\u00fcr einen ger\u00e4uschlosen Durchfluss, der das Wasser kontinuierlich filtert.<\/li>\n<\/ul>\n<h2>Gestalten Sie Ihr Spa-Erlebnis individuell mit den verf\u00fcgbaren Optionen<\/h2>\n<p>Sie k\u00f6nnen noch einen Schritt weiter gehen und Ihr Erlebnis individuell gestalten: Der Wasserfall mit seinen drei hinterleuchteten Ventilen schafft eine luxuri\u00f6se Spa-Atmosph\u00e4re, die zehn Luftd\u00fcsen (Blower) sorgen f\u00fcr einen sprudelnden Whirlpool-Effekt und die Farbtherapie taucht das Wasser in wechselnde Farben.<\/p>\n<p><strong>Und das Beste daran<\/strong>\u00a0: Das Audio-\/Videosystem spielt Ihre Playlist direkt aus dem Spa ab.<\/p>\n<p>Mit seinen quadratischen Abmessungen von 2,1 m und einem Leergewicht von 392 kg l\u00e4sst sich dieser Familien-Whirlpool problemlos auf einer Standard-Betonplatte installieren.<\/p>\n<h2>Ein umfassendes Hygienesystem f\u00fcr kristallklares Wasser<\/h2>\n<p>Der 50 mg\/h-Ozonator und das Eau Fra\u00eeche-System bilden das Reinigungsduo des PS-J525. Ozon zerst\u00f6rt auf nat\u00fcrliche Weise 99% Bakterien und Viren durch Oxidation, w\u00e4hrend das Eau Fra\u00eeche-System den pH-Wert stabilisiert und Algenbildung verhindert.<\/p>\n<p><strong>Ergebnis<\/strong> : Wasser, das klar und gesund bleibt, mit dreimal weniger Chemikalien als in einem herk\u00f6mmlichen Spa.<\/p>\n<p>Die 50 ft\u00b2 gro\u00dfe Filterpatrone f\u00e4ngt physikalische Verunreinigungen wie Haare, Hautschuppen und Sonnencremereste auf. In Verbindung mit der 0,35-PS-Umw\u00e4lzpumpe, die st\u00e4ndig l\u00e4uft, sorgt sie f\u00fcr eine kontinuierliche Filterung ohne st\u00f6rende Ger\u00e4usche. Die Magic Plastic-Entleerung erm\u00f6glicht eine vollst\u00e4ndige Entleerung ohne Totr\u00e4ume, in denen sich Bakterien ansammeln k\u00f6nnten.<\/p>","protected":false},"excerpt":{"rendered":"<p>Versammeln Sie Familie und Freunde in diesem Hydromassage-Spa mit 5 Pl\u00e4tzen! Der PS-J525 schafft mit seinen 2 Liegepl\u00e4tzen f\u00fcr tiefe Entspannung und 3 Sitzpl\u00e4tzen f\u00fcr lebhafte Gespr\u00e4che die perfekte Balance zwischen Intimit\u00e4t und Geselligkeit. Das quadratische Format von 2,1 Metern bietet Platz f\u00fcr alle, ohne \u00fcberdimensioniert zu sein. 49 D\u00fcsen aus geb\u00fcrstetem Edelstahl, die von zwei 2-PS-Pumpen gespeist werden, sorgen daf\u00fcr, dass niemand auf seine Massage warten muss. Die optionale Farbtherapie taucht das Wasser je nach gew\u00fcnschter Stimmung in beruhigende oder belebende Farben.<\/p>\n<p>Behandelte Holzkonstruktion, die sich nat\u00fcrlich in Ihren Garten einf\u00fcgt, wahlweise mit Sterling Silver- oder Pearl Shadow-Wanne, hinterleuchteter Wasserfall f\u00fcr Zen-Flair... Der Familien-Whirlpool, in dem Generationen zusammenkommen, um im warmen Wasser und den Sprudeld\u00fcsen unvergessliche Erinnerungen zu schaffen!<\/p>","protected":false},"featured_media":71668,"template":"","meta":[],"product_cat":[695],"product_tag":[],"class_list":{"0":"post-70186","1":"product","2":"type-product","3":"status-publish","4":"has-post-thumbnail","6":"product_cat-8-spa","7":"product_shipping_class-livraison-gratuite","9":"first","10":"outofstock","11":"shipping-taxable","12":"purchasable","13":"product-type-simple"},"_links":{"self":[{"href":"https:\/\/www.trivashop.com\/de\/wp-json\/wp\/v2\/product\/70186","targetHints":{"allow":["GET"]}}],"collection":[{"href":"https:\/\/www.trivashop.com\/de\/wp-json\/wp\/v2\/product"}],"about":[{"href":"https:\/\/www.trivashop.com\/de\/wp-json\/wp\/v2\/types\/product"}],"version-history":[{"count":14,"href":"https:\/\/www.trivashop.com\/de\/wp-json\/wp\/v2\/product\/70186\/revisions"}],"predecessor-version":[{"id":73313,"href":"https:\/\/www.trivashop.com\/de\/wp-json\/wp\/v2\/product\/70186\/revisions\/73313"}],"wp:featuredmedia":[{"embeddable":true,"href":"https:\/\/www.trivashop.com\/de\/wp-json\/wp\/v2\/media\/71668"}],"wp:attachment":[{"href":"https:\/\/www.trivashop.com\/de\/wp-json\/wp\/v2\/media?parent=70186"}],"wp:term":[{"taxonomy":"product_cat","embeddable":true,"href":"https:\/\/www.trivashop.com\/de\/wp-json\/wp\/v2\/product_cat?post=70186"},{"taxonomy":"product_tag","embeddable":true,"href":"https:\/\/www.trivashop.com\/de\/wp-json\/wp\/v2\/product_tag?post=70186"}],"curies":[{"name":"wp","href":"https:\/\/api.w.org\/{rel}","templated":true}]}}