{"id":70188,"date":"2025-06-25T14:21:15","date_gmt":"2025-06-25T12:21:15","guid":{"rendered":"https:\/\/www.mpdiscount.fr\/?post_type=product&#038;p=70188"},"modified":"2026-03-31T16:21:08","modified_gmt":"2026-03-31T15:21:08","slug":"rechteckiger-whirlpool-ps-j200-2-liegeplatze-15-massagedusen","status":"publish","type":"product","link":"https:\/\/www.trivashop.com\/de\/shop\/spa-rectangulaire-ps-j200-2-places-allongees-15-jets-massants\/","title":{"rendered":"Rechteckiger Whirlpool PS-J200 \u2013 2 Liegepl\u00e4tze \u2013 15 Massaged\u00fcsen"},"content":{"rendered":"<h2>Ein kompaktes Spa, das keine Kompromisse bei der Ausstattung eingeht<\/h2>\n<p>Dieser Whirlpool verf\u00fcgt \u00fcber 15 strategisch positionierte D\u00fcsen f\u00fcr ein einfach g\u00f6ttliches Massageerlebnis! Die 12 \u00be-Zoll-Mikrod\u00fcsen wirken wie Akupressur auf die Spannungspunkte, die beiden 2,5-Zoll-D\u00fcsen umh\u00fcllen den mittleren R\u00fcckenbereich mit einem Kokon des Wohlbefindens und die 3,5-Zoll-D\u00fcse konzentriert sich mit einer wirklich wohltuenden Kraft auf die Lendenwirbels\u00e4ule!<\/p>\n<p>Genie\u00dfen Sie auch:<\/p>\n<ul>\n<li><strong>Die 2-PS-Pumpe mit zwei Geschwindigkeiten<\/strong> um mit einem einfachen Druck vom \u00abLight\u00bb-Modus in den Sportmodus zu wechseln;<\/li>\n<li><strong>Das VIRPOL-Kontrollsystem mit Bedienfeld PB557<\/strong>\u00a0: Alle Bedienelemente sind griffbereit.;<\/li>\n<li><strong>Die Heizung 2 kW<\/strong> f\u00fcr einen schnellen Temperaturanstieg;<\/li>\n<li><strong>Die Holzkonstruktion ist korrosionsgesch\u00fctzt<\/strong> f\u00fcr garantierte Langlebigkeit;<\/li>\n<li><strong>Die Schale Sterling Silver oder Pearl Shadow<\/strong>, ein hochwertiges Finish, das Ihren Au\u00dfenbereich zum Strahlen bringt.<\/li>\n<\/ul>\n<p>Sie k\u00f6nnen Ihr Spa-Erlebnis noch weiter personalisieren, indem Sie die Luftd\u00fcsen (Blower) f\u00fcr einen sprudelnden Whirlpool-Effekt, die LED-Beleuchtung f\u00fcr n\u00e4chtliche Stimmungen und das Audiosystem f\u00fcr Ihre Entspannungs-Playlist nutzen.<\/p>\n<h2>Sauberes und reines Wasser dank integriertem Aufbereitungssystem<\/h2>\n<p>Der PS-J200 verf\u00fcgt \u00fcber ein erfolgreiches Duo, um Ihr Wasser kristallklar zu halten: den Ozonator 50 mg\/h und das Eau Fra\u00eeche-System:<\/p>\n<ul>\n<li>Der Ozonator erzeugt Ozon, das Bakterien, Viren und Algen auf nat\u00fcrliche Weise durch Oxidation zerst\u00f6rt, eine Reinigungsmethode, die in hochwertigen Kl\u00e4ranlagen eingesetzt wird.;<\/li>\n<li>Das Eau Fra\u00eeche-System erg\u00e4nzt diese Wirkung, indem es das optimale chemische Gleichgewicht des Wassers aufrechterh\u00e4lt.<\/li>\n<\/ul>\n<p>Dieser doppelte Schutz reduziert Ihren Chemikalienverbrauch erheblich. W\u00e4hrend ein herk\u00f6mmlicher Whirlpool gro\u00dfe Mengen an Chlor oder Brom ben\u00f6tigt, ben\u00f6tigt der PS-J200 nur eine minimale Menge, um das Wasser perfekt sauber zu halten. Ihre Augen brennen nicht mehr, Ihre Haut bleibt weich und Sie vermeiden den typischen Geruch eines \u00f6ffentlichen Schwimmbads.<\/p>\n<p>Die 50 ft\u00b2 gro\u00dfe Filterpatrone f\u00e4ngt Schwebeteilchen (Haare, Hautschuppen, Creme-R\u00fcckst\u00e4nde usw.) auf, w\u00e4hrend das Magic Plastic-Entleerungssystem eine vollst\u00e4ndige Entleerung ohne Stauzonen erm\u00f6glicht, in denen sich Bakterien vermehren k\u00f6nnten.<\/p>\n<h2>Unsere Pflegehinweise f\u00fcr Ihren Whirlpool PS-J200<\/h2>\n<p>\u00dcberpr\u00fcfen Sie den pH-Wert zweimal pro Woche mit Teststreifen. Streben Sie einen Wert zwischen 7,2 und 7,6 an. Der Ozonator \u00fcbernimmt den Gro\u00dfteil der Desinfektion. F\u00fcgen Sie lediglich etwas Brom hinzu, gem\u00e4\u00df den Empfehlungen des Herstellers in der Gebrauchsanweisung. Sp\u00fclen Sie den Filter einmal pro Woche unter lauwarmem Wasser aus und ersetzen Sie ihn alle 3 bis 4 Monate.<\/p>\n<ul>\n<li>Entleeren Sie Ihren Whirlpool alle drei Monate vollst\u00e4ndig mit dem Magic Plastic-System: Frisches Wasser sorgt f\u00fcr neue Frische in Ihrem Whirlpool!<\/li>\n<li>Wischen Sie die Wasserlinie w\u00f6chentlich mit einem nicht scheuernden Schwamm ab, um Ablagerungen zu vermeiden.;<\/li>\n<li>Decken Sie das Ger\u00e4t nach Gebrauch immer ab, um die W\u00e4rme zu bewahren und es vor Verschmutzungen zu sch\u00fctzen.<\/li>\n<\/ul>\n<p>Bei \u00dcberwinterung halten Sie entweder die Mindesttemperatur des Whirlpools (15 \u00b0C) aufrecht oder Sie entleeren ihn vollst\u00e4ndig, indem Sie alle Leitungen sp\u00fclen.<\/p>","protected":false},"excerpt":{"rendered":"<p>Entdecken Sie den kompaktesten Duo-Whirlpool auf dem Markt, der sich perfekt eignet, um jeden noch so kleinen Winkel in eine Oase der Entspannung zu verwandeln! Der PS-J200 beweist, dass man keinen gro\u00dfen Garten braucht, um sich den Luxus eines Whirlpools zu g\u00f6nnen. Mit seinen extrem kompakten Abmessungen von 1,75 m x 1,15 m passt er auch dort hinein, wo andere nicht Platz finden: auf kleine Balkone, Terrassen, in kleine H\u00f6fe, in versteckte Ecken des Gartens ... Die beiden Liegepl\u00e4tze bieten Platz f\u00fcr 850 Liter warmes Wasser, in dem 15 D\u00fcsen die verspanntesten K\u00f6rperpartien massieren.<\/p>","protected":false},"featured_media":71648,"template":"","meta":[],"product_cat":[695],"product_tag":[],"class_list":{"0":"post-70188","1":"product","2":"type-product","3":"status-publish","4":"has-post-thumbnail","6":"product_cat-8-spa","7":"product_shipping_class-livraison-gratuite","9":"first","10":"instock","11":"shipping-taxable","12":"purchasable","13":"product-type-simple"},"_links":{"self":[{"href":"https:\/\/www.trivashop.com\/de\/wp-json\/wp\/v2\/product\/70188","targetHints":{"allow":["GET"]}}],"collection":[{"href":"https:\/\/www.trivashop.com\/de\/wp-json\/wp\/v2\/product"}],"about":[{"href":"https:\/\/www.trivashop.com\/de\/wp-json\/wp\/v2\/types\/product"}],"version-history":[{"count":16,"href":"https:\/\/www.trivashop.com\/de\/wp-json\/wp\/v2\/product\/70188\/revisions"}],"predecessor-version":[{"id":71659,"href":"https:\/\/www.trivashop.com\/de\/wp-json\/wp\/v2\/product\/70188\/revisions\/71659"}],"wp:featuredmedia":[{"embeddable":true,"href":"https:\/\/www.trivashop.com\/de\/wp-json\/wp\/v2\/media\/71648"}],"wp:attachment":[{"href":"https:\/\/www.trivashop.com\/de\/wp-json\/wp\/v2\/media?parent=70188"}],"wp:term":[{"taxonomy":"product_cat","embeddable":true,"href":"https:\/\/www.trivashop.com\/de\/wp-json\/wp\/v2\/product_cat?post=70188"},{"taxonomy":"product_tag","embeddable":true,"href":"https:\/\/www.trivashop.com\/de\/wp-json\/wp\/v2\/product_tag?post=70188"}],"curies":[{"name":"wp","href":"https:\/\/api.w.org\/{rel}","templated":true}]}}