{"id":70369,"date":"2025-06-25T17:03:51","date_gmt":"2025-06-25T15:03:51","guid":{"rendered":"https:\/\/www.mpdiscount.fr\/?post_type=product&#038;p=70369"},"modified":"2026-02-05T11:26:30","modified_gmt":"2026-02-05T10:26:30","slug":"ausen-whirlpool-ps-j500s-6-platze-58-dusen-wasserfall-led-beleuchtung","status":"publish","type":"product","link":"https:\/\/www.trivashop.com\/de\/shop\/spa-exterieur-ps-j500s-6-places-58-jets-cascade-eclairage-led\/","title":{"rendered":"Au\u00dfen-Whirlpool PS-J500S \u2013 6 Pl\u00e4tze \u2013 58 D\u00fcsen \u2013 Wasserfall \u2013 LED-Beleuchtung"},"content":{"rendered":"<h2>Ein serienm\u00e4\u00dfig voll ausgestatteter Familien-Whirlpool<\/h2>\n<p>Der Premium-Au\u00dfenwhirlpool PS-J500S bietet Ihnen ein geselliges und entspannendes Erlebnis. Dank seiner gro\u00dfz\u00fcgigen Abmessungen bietet er Platz f\u00fcr bis zu sechs Personen gleichzeitig, mit Sitzpl\u00e4tzen f\u00fcr gem\u00fctliche Gespr\u00e4che und Liegepositionen, um nach einem anstrengenden Arbeitstag die totale Entspannung zu genie\u00dfen.<\/p>\n<p>Dank seines intelligenten Steuerungssystems k\u00f6nnen Sie zwischen belebender Hydromassage, sanfter Entspannung, geselligen Momenten mit der Familie und Momenten des Wohlbefindens wechseln. Die Kombination aus hoher Massageleistung, patentierter Filterung und Ambiente-Optionen macht ihn zu einem vielseitigen Spa, das sowohl f\u00fcr die Erholung als auch f\u00fcr den Genuss konzipiert ist. Genie\u00dfen Sie diese zahlreichen Serienausstattungen:<\/p>\n<ul>\n<li><strong>Doppelte Massagepumpe 2 HP<\/strong>\u00a0: gezielte Leistung f\u00fcr konstanten Durchfluss und intensive Hydromassage, auch wenn mehrere Pl\u00e4tze gleichzeitig genutzt werden;<\/li>\n<li><strong>Filtersystem + integrierter Ozonator<\/strong>\u00a0: zur kontinuierlichen Reinigung des Teichwassers, zur Begrenzung des Einsatzes von Chemikalien und zur Erhaltung von klarem Wasser ohne gro\u00dfen Aufwand;<\/li>\n<li><strong>Hinterleuchteter Wasserfall und beleuchtetes Ventil<\/strong> f\u00fcr eine beruhigende Atmosph\u00e4re und sichere n\u00e4chtliche Sitzungen;<\/li>\n<li><strong>LED-Umgebungsbeleuchtung<\/strong> um die Atmosph\u00e4re des Spas mit verschiedenen Lichteffekten individuell zu gestalten.<\/li>\n<\/ul>\n<h2>58 Hydromassaged\u00fcsen f\u00fcr eine umfassende und gezielte Massage<\/h2>\n<p>Der Premium-Au\u00dfenwhirlpool PS-J500S verf\u00fcgt \u00fcber 58 sorgf\u00e4ltig angeordnete D\u00fcsen aus geb\u00fcrstetem Edelstahl, die eine pr\u00e4zise und ausgewogene Hydromassage bieten. Jeder K\u00f6rperbereich wird individuell behandelt: Nacken, R\u00fccken, Lendenwirbels\u00e4ule, Beine und F\u00fc\u00dfe.<\/p>\n<p>Dank der Kombination verschiedener D\u00fcsendurchmesser bietet dieser Whirlpool tiefgehende Massagen, gezielte Muskelentlastungen und Momente sanfter Entspannung. So genie\u00dfen Sie ein Erlebnis wie in einem Wellnesscenter ... ohne Ihr Zuhause zu verlassen!<\/p>\n<ul>\n<li>Die 24 1-Zoll-Mikro-D\u00fcsen konzentrieren sich auf den Nacken und die Schultern, um Muskelverspannungen zu l\u00f6sen und die Halswirbels\u00e4ule zu entlasten.;<\/li>\n<li>Die 4 gezielten 2-Zoll-D\u00fcsen befinden sich im oberen R\u00fcckenbereich und entspannen die Muskeln, w\u00e4hrend sie gleichzeitig die Durchblutung anregen.;<\/li>\n<li>Die 27 Massaged\u00fcsen mit einer L\u00e4nge von 2,5 Zoll verlaufen entlang der Wirbels\u00e4ule und der Lendenwirbels\u00e4ule und sorgen f\u00fcr eine tiefere Massage, ideal nach dem Sport oder einem sitzenden Tag im B\u00fcro. ;<\/li>\n<li>Die drei leistungsstarken 5-Zoll-D\u00fcsen zielen auf die Beine und H\u00fcften ab, um eine umfassende Massage zu bieten und die am st\u00e4rksten beanspruchten Bereiche zu entspannen.;<\/li>\n<li>Mit den unabh\u00e4ngigen Luftreglern k\u00f6nnen Sie die Intensit\u00e4t der D\u00fcsen ganz nach Ihren Bed\u00fcrfnissen einstellen, von einem sanften Druck bis hin zu einer kr\u00e4ftigeren Massage.<\/li>\n<\/ul>","protected":false},"excerpt":{"rendered":"<p>Mit einer Seitenl\u00e4nge von 2,23 Metern, die bequem Platz f\u00fcr 6 Badeg\u00e4ste bietet, ist dies der Familien-Whirlpool schlechthin. Die 58 D\u00fcsen aus geb\u00fcrstetem Edelstahl sind \u00fcber alle Pl\u00e4tze verteilt, sodass jeder eine individuelle Massage vom Nacken bis zu den Zehen genie\u00dfen kann! Das 3-kW-System sorgt f\u00fcr einen schnellen und sparsamen Temperaturanstieg, und die Sterling Silver- oder Pearl Shadow-Verkleidung verleiht dieser korrosionsgesch\u00fctzten Holzkonstruktion ein elegantes Aussehen. Der gesellige Whirlpool, der Familie und Freunde in einer gemeinsamen Entspannungsblase zusammenbringt... zu einem cleveren Preis!<\/p>","protected":false},"featured_media":71610,"template":"","meta":[],"product_cat":[695],"product_tag":[],"class_list":{"0":"post-70369","1":"product","2":"type-product","3":"status-publish","4":"has-post-thumbnail","6":"product_cat-8-spa","7":"product_shipping_class-livraison-gratuite","9":"first","10":"outofstock","11":"shipping-taxable","12":"purchasable","13":"product-type-simple"},"_links":{"self":[{"href":"https:\/\/www.trivashop.com\/de\/wp-json\/wp\/v2\/product\/70369","targetHints":{"allow":["GET"]}}],"collection":[{"href":"https:\/\/www.trivashop.com\/de\/wp-json\/wp\/v2\/product"}],"about":[{"href":"https:\/\/www.trivashop.com\/de\/wp-json\/wp\/v2\/types\/product"}],"version-history":[{"count":3,"href":"https:\/\/www.trivashop.com\/de\/wp-json\/wp\/v2\/product\/70369\/revisions"}],"predecessor-version":[{"id":71611,"href":"https:\/\/www.trivashop.com\/de\/wp-json\/wp\/v2\/product\/70369\/revisions\/71611"}],"wp:featuredmedia":[{"embeddable":true,"href":"https:\/\/www.trivashop.com\/de\/wp-json\/wp\/v2\/media\/71610"}],"wp:attachment":[{"href":"https:\/\/www.trivashop.com\/de\/wp-json\/wp\/v2\/media?parent=70369"}],"wp:term":[{"taxonomy":"product_cat","embeddable":true,"href":"https:\/\/www.trivashop.com\/de\/wp-json\/wp\/v2\/product_cat?post=70369"},{"taxonomy":"product_tag","embeddable":true,"href":"https:\/\/www.trivashop.com\/de\/wp-json\/wp\/v2\/product_tag?post=70369"}],"curies":[{"name":"wp","href":"https:\/\/api.w.org\/{rel}","templated":true}]}}