{"id":70400,"date":"2025-06-25T17:12:00","date_gmt":"2025-06-25T15:12:00","guid":{"rendered":"https:\/\/www.mpdiscount.fr\/?post_type=product&#038;p=70400"},"modified":"2026-03-31T16:20:40","modified_gmt":"2026-03-31T15:20:40","slug":"gegenstromanlage-ps-sm56-led-beleuchtung","status":"publish","type":"product","link":"https:\/\/www.trivashop.com\/de\/shop\/spa-de-nage-contre-courant-ps-sm56-eclairage-led\/","title":{"rendered":"Gegenstromanlage PS-SM56 \u2013 LED-Beleuchtung"},"content":{"rendered":"<h2>Format und Schwimmerlebnis des Whirlpools PS-SM56<\/h2>\n<p>Die Abmessungen von 5,6 m x 2,2 m x 1,35 m schaffen einen echten Trainingskorridor. Die Tiefe von 1,35 m erm\u00f6glicht es, zu schwimmen, ohne den Boden zu ber\u00fchren, und gleichzeitig bei Wassergymnastik\u00fcbungen Fu\u00df zu fassen. Die Breite von 2,2 m bietet den n\u00f6tigen Spielraum f\u00fcr alle Schwimmstile: Kraulschwimmen mit ausladenden Beinschl\u00e4gen, Brustschwimmen, Schmetterlingsschwimmen, ohne an die R\u00e4nder zu sto\u00dfen.<\/p>\n<p>Dieser Schwimm-Whirlpool in neuartiger Form erm\u00f6glicht verschiedene Aktivit\u00e4ten:<\/p>\n<ul>\n<li>Station\u00e4res Schwimmen dank 3 einstellbaren Gegenstromd\u00fcsen;<\/li>\n<li>Aquajogging und Wassergymnastik in 1,35 m Tiefe;<\/li>\n<li>Widerstands\u00fcbungen mit den D\u00fcsen als Widerstand;<\/li>\n<li>Entspannung nach dem Training mit den 8 R\u00fcckend\u00fcsen;<\/li>\n<li>Sanfte Rehabilitation f\u00fcr empfindliche Gelenke.<\/li>\n<\/ul>\n<h2>Gen\u00fcgend Volumen, um bequem zu schwimmen, ohne die Stromrechnung in die H\u00f6he zu treiben<\/h2>\n<p>Das Gegenstromsystem mit 3 D\u00fcsen, die von drei 2-PS-Pumpen gespeist werden, erzeugt einen starken und gleichm\u00e4\u00dfigen Strom. Im Gegensatz zu Schwimmb\u00e4ndern, die ruckartig ziehen, schwimmen Sie in einer konstanten Str\u00f6mung, die das Gef\u00fchl des Schwimmens im offenen Wasser nachahmt. Die Intensit\u00e4t kann an Ihr Niveau angepasst werden: Anf\u00e4nger, erfahrene Schwimmer oder Athleten in der Vorbereitung.<\/p>\n<p>Die 9.000 Liter stellen das ideale Volumen dar: genug, um bequem zu schwimmen, und gleichzeitig ein angemessenes Volumen, damit Heizung und Wasseraufbereitung im Vergleich zu einem 40 m\u00b3 gro\u00dfen Pool wirtschaftlich bleiben.<\/p>\n<p>Die wei\u00dfe Schale und die WPC-Paneele (Holzverbundwerkstoff) sorgen f\u00fcr eine schlichte \u00c4sthetik, die Ihren Garten aufwertet und gleichzeitig einen eigenen Sportbereich schafft.<\/p>\n<h2>Ein voll ausgestatteter Schwimm-Spa f\u00fcr Sportbegeisterte<\/h2>\n<p>Das Gegenstromsystem macht die St\u00e4rke dieses Schwimm-Whirlpools aus. Drei Schwimmd\u00fcsen, die jeweils von einer 2-PS-Pumpe gespeist werden, sorgen f\u00fcr einen starken, laminaren Wasserstrom.<\/p>\n<p>Im Gegensatz zu Einzelturbinensystemen, die Wirbel erzeugen, sorgen diese drei parallelen D\u00fcsen f\u00fcr einen breiten und gleichm\u00e4\u00dfigen Strom \u00fcber die gesamte Breite des Kanals. Sie schwimmen in einem stabilen Strom, der die Bedingungen eines Flusses oder eines Str\u00f6mungsbeckens nachahmt.<\/p>\n<p>Hier ist das technische Arsenal, das Ihnen jeden Tag Freude bereiten wird:<\/p>\n<ul>\n<li>3 Schwimmbadd\u00fcsen f\u00fcr optimale Wasserzirkulation<\/li>\n<li>4 Wassers\u00e4ulenstrahlen f\u00fcr vertikale R\u00fcckenmassage<\/li>\n<li>8 R\u00fcckstrahl-D\u00fcsen f\u00fcr Entspannung nach dem Training<\/li>\n<li>3 Luftventile zur Regulierung des Widerstands<\/li>\n<li>1 Wasserregelventil zur Feinregulierung des Durchflusses<\/li>\n<\/ul>\n<p>Die 0,35-PS-Umw\u00e4lzpumpe l\u00e4uft kontinuierlich, um das Wasser in Bewegung zu halten. Die beiden Filterpatronen fangen Verunreinigungen auf (doppelte Filterung erforderlich, um 9.000 Liter zu behandeln). Der 50 mg\/h-Ozonator reinigt das Wasser durch nat\u00fcrliche Oxidation, um den Bedarf an Chemikalien zu reduzieren. Ihre Schleimh\u00e4ute und Ihre Haut werden diese Pflege zu sch\u00e4tzen wissen!<\/p>\n<p>Der Steuerungscomputer zentralisiert alle Einstellungen: Gegenstromst\u00e4rke, Temperatur, Filterung, Beleuchtung. Die 19 integrierten LEDs beleuchten das Becken f\u00fcr n\u00e4chtliche Trainingseinheiten.<\/p>\n<p><strong>Genie\u00dfen Sie auch<\/strong>\u00a0:<\/p>\n<ul>\n<li>Die beiden transparenten Getr\u00e4nkehalter f\u00fcr Ihre Wasserflasche;<\/li>\n<li>Der Handlauf sorgt f\u00fcr Stabilit\u00e4t bei den \u00dcbungen.;<\/li>\n<li>Der Griff f\u00fcr Dehn\u00fcbungen;<\/li>\n<li>Die beiden Entleerungssysteme erm\u00f6glichen eine schnelle Entleerung f\u00fcr Wartungszwecke.<\/li>\n<\/ul>","protected":false},"excerpt":{"rendered":"<p>Dieser 5,6 Meter lange Schwimm-Whirlpool bietet Ihnen eine echte Schwimmbahn mit einem Gegenstromsystem mit 3 D\u00fcsen, das von drei 2-PS-Pumpen angetrieben wird. Sie k\u00f6nnen stundenlang an Ort und Stelle kraulen, brustschwimmen und schmetterlingsschwimmen. Dank seiner kompakten Gr\u00f6\u00dfe f\u00fcr ein Schwimmbecken (nur 2,2 m breit) kann er dort installiert werden, wo ein herk\u00f6mmlicher Pool keinen Platz findet. Dank der 4-kW-Heizung bleibt das Wasser das ganze Jahr \u00fcber auf einer angenehmen Temperatur, w\u00e4hrend die 19 integrierten LEDs eine Atmosph\u00e4re wie in einem olympischen Schwimmbecken schaffen. Mehr als ein Spa, es ist Ihr pers\u00f6nliches Wassersportstudio... zu einem g\u00fcnstigen Preis!<\/p>","protected":false},"featured_media":71594,"template":"","meta":[],"product_cat":[695],"product_tag":[],"class_list":{"0":"post-70400","1":"product","2":"type-product","3":"status-publish","4":"has-post-thumbnail","6":"product_cat-8-spa","7":"product_shipping_class-livraison-gratuite","9":"first","10":"instock","11":"shipping-taxable","12":"purchasable","13":"product-type-simple"},"_links":{"self":[{"href":"https:\/\/www.trivashop.com\/de\/wp-json\/wp\/v2\/product\/70400","targetHints":{"allow":["GET"]}}],"collection":[{"href":"https:\/\/www.trivashop.com\/de\/wp-json\/wp\/v2\/product"}],"about":[{"href":"https:\/\/www.trivashop.com\/de\/wp-json\/wp\/v2\/types\/product"}],"version-history":[{"count":3,"href":"https:\/\/www.trivashop.com\/de\/wp-json\/wp\/v2\/product\/70400\/revisions"}],"predecessor-version":[{"id":71603,"href":"https:\/\/www.trivashop.com\/de\/wp-json\/wp\/v2\/product\/70400\/revisions\/71603"}],"wp:featuredmedia":[{"embeddable":true,"href":"https:\/\/www.trivashop.com\/de\/wp-json\/wp\/v2\/media\/71594"}],"wp:attachment":[{"href":"https:\/\/www.trivashop.com\/de\/wp-json\/wp\/v2\/media?parent=70400"}],"wp:term":[{"taxonomy":"product_cat","embeddable":true,"href":"https:\/\/www.trivashop.com\/de\/wp-json\/wp\/v2\/product_cat?post=70400"},{"taxonomy":"product_tag","embeddable":true,"href":"https:\/\/www.trivashop.com\/de\/wp-json\/wp\/v2\/product_tag?post=70400"}],"curies":[{"name":"wp","href":"https:\/\/api.w.org\/{rel}","templated":true}]}}