{"id":70427,"date":"2025-06-26T14:13:01","date_gmt":"2025-06-26T12:13:01","guid":{"rendered":"https:\/\/www.mpdiscount.fr\/?post_type=product&#038;p=70427"},"modified":"2026-02-11T17:27:03","modified_gmt":"2026-02-11T16:27:03","slug":"mulltonnenverkleidung-mit-4-fachern-aus-metall-und-eichenholz","status":"publish","type":"product","link":"https:\/\/www.trivashop.com\/de\/shop\/cache-poubelle-4-compartiments-metal-bois-chene\/","title":{"rendered":"M\u00fclltonnenabdeckung - 4 F\u00e4cher - Metall &amp; Holz - Eiche"},"content":{"rendered":"<h2>Warum sollten Sie sich f\u00fcr diesen 4-fach-Abfallbeh\u00e4lter in Eichenoptik entscheiden?<\/h2>\n<p>Die Paneele in Eichenoptik verleihen den Gemeinschaftseinrichtungen eine nat\u00fcrliche W\u00e4rme, die ihnen oft fehlt. Diese helle Holzoptik harmoniert mit Steinfassaden, Holzverkleidungen und Landschaftsg\u00e4rten. Ihre vier 240-Liter-Beh\u00e4lter verschwinden hinter einer Fassade, die eher wie ein Gartenhaus als wie eine M\u00fclltonnenverkleidung aussieht.<\/p>\n<p>Die Vorteile dieser Eichenholzversion:<\/p>\n<ul>\n<li>Helle Farbe, die dunkle oder schattige Ecken erhellt;<\/li>\n<li>Widerstandsf\u00e4hige UV-Print-Platten, die ihr Holzaussehen \u00fcber Jahre hinweg behalten;<\/li>\n<li>Integrierter Pflanzk\u00fcbel zum Anbau von Blumen oder Kr\u00e4utern;<\/li>\n<li>4 F\u00e4cher f\u00fcr alle Abfallarten (M\u00fcll, Wertstoffe, Glas, Bioabf\u00e4lle);<\/li>\n<li>Anthrazitfarbene Struktur, die einen sch\u00f6nen Kontrast zur Eiche bildet.<\/li>\n<\/ul>\n<p>Dieses XXL-Modell eignet sich f\u00fcr Wohnanlagen mit 4 bis 6 Wohnungen, G\u00e4stezimmer und gro\u00dfe Familien. Dank der 4 abschlie\u00dfbaren T\u00fcren kann jedes Fach einer Abfallart oder in kleinen Wohnanlagen sogar einer Familie zugewiesen werden. Das Kettensystem erm\u00f6glicht den Zugang zu den Deckeln, ohne die gro\u00dfen T\u00fcren \u00f6ffnen zu m\u00fcssen.<\/p>\n<h2>Der Pflanzk\u00fcbel, das charmante Highlight dieses 4-teiligen M\u00fclleimers.<\/h2>\n<p>Mit dem integrierten Pflanzkasten k\u00f6nnen Sie Ihren Abfallbereich sofort begr\u00fcnen. Pflanzen Sie Lavendel, um Ger\u00fcche zu \u00fcberdecken, Geranien f\u00fcr Farbe oder sogar Kr\u00e4uter f\u00fcr die K\u00fcche.<\/p>\n<p>Dieser verst\u00e4rkte Pflanzk\u00fcbel fasst bis zu 30\u201340 kg Erde und Pflanzen und bietet sch\u00f6ne Gestaltungsm\u00f6glichkeiten f\u00fcr die Gartengestaltung.<\/p>\n<ul>\n<li>Gestalten Sie im Sommer eine Blumenwand mit h\u00e4ngenden Petunien oder Surfinien, die an den Seiten herabfallen.;<\/li>\n<li>Im Winter sollten Sie sich f\u00fcr k\u00e4lteresistente Heidekraut-, Alpenveilchen- oder Stiefm\u00fctterchenpflanzen entscheiden.;<\/li>\n<li>Wir empfehlen Ihnen, in jedem Fall Lavendel anzubauen, da seine abwehrenden Eigenschaften Insekten fernhalten und gleichzeitig einen angenehmen Duft verbreiten.<\/li>\n<\/ul>\n<p>Mit einer H\u00f6he von 124 cm ist der Pflanzk\u00fcbel zum Gie\u00dfen und Pflegen bequem zu erreichen.<\/p>\n<h2>Wie pflegt und konserviert man diesen 4-fach-M\u00fclltonnenverkleidung?<\/h2>\n<p>Der integrierte Blumenkasten ist das charmante Highlight dieses Modells. Damit er das ganze Jahr \u00fcber bl\u00fcht, gie\u00dfen Sie ihn m\u00e4\u00dfig und wischen Sie gelegentlich eventuelle Wasserspuren von den Paneelen ab. Die vorgebohrten Drainagel\u00f6cher sorgen f\u00fcr einen optimalen Wasserabfluss.<\/p>\n<p>Zur Pflege der Metallstruktur sollten Sie diese einmal j\u00e4hrlich mit Seifenwasser reinigen, um den Glanz wiederherzustellen, und die Scharniere alle 6 bis 12 Monate leicht schmieren, je nach Bedarf: einmal reicht aus, wenn der M\u00fclleimer selten benutzt wird oder gesch\u00fctzt aufgestellt ist, zweimal, wenn er starker Witterung ausgesetzt ist oder h\u00e4ufig ge\u00f6ffnet wird.<\/p>\n<p>Der hochwertige verzinkte Stahl trotzt den Witterungseinfl\u00fcssen ohne Probleme. Die Holzimitatplatten behalten dank der hochbest\u00e4ndigen UV-Print-Behandlung ihr nat\u00fcrliches Aussehen... jahrelang ist keine Auffrischung erforderlich.<\/p>\n<p>F\u00fcr die Pflege des Pflanzk\u00fcbels:<\/p>\n<ul>\n<li>Klassische Universalerde, nichts Kompliziertes;<\/li>\n<li>Alle Pflanzen f\u00fchlen sich dort wohl: Blumen, Kr\u00e4uter, kleine Str\u00e4ucher;<\/li>\n<li>Verst\u00e4rkte Struktur zur Aufnahme des Gewichts;<\/li>\n<li>Optimale Drainage in das Design integriert.<\/li>\n<\/ul>\n<p>Die 4 Schl\u00f6sser und das Kettensystem sind aus korrosionsbest\u00e4ndigen Materialien gefertigt. Geben Sie von Zeit zu Zeit etwas \u00d6l auf die Drehpunkte, dann funktionieren sie w\u00e4hrend der gesamten Lebensdauer des Produkts einwandfrei. Mit diesem minimalen Wartungsaufwand bleibt Ihr M\u00fclleimerabdeckung 20 Jahre und l\u00e4nger wie neu!<\/p>","protected":false},"excerpt":{"rendered":"<p><span style=\"font-weight: 400;\">Die Eleganz von hellem Holz f\u00fcr Ihre 4 Beh\u00e4lter: das Modell Eiche mit integriertem Blumenkasten! Diese 4-teilige M\u00fclltonnenverkleidung verf\u00fcgt \u00fcber Paneele in Eichenoptik auf einer anthrazitfarbenen Struktur (RAL7016) und sorgt so f\u00fcr eine warme und nat\u00fcrliche Optik. Hinter seinen 260 cm verbergen sich 4 Beh\u00e4lter mit einem Fassungsverm\u00f6gen von 240 l und einem integrierten Blumenkasten auf der Oberseite, um Ihren Abfallbereich zu versch\u00f6nern. Extrem widerstandsf\u00e4higer, pulverbeschichteter verzinkter Stahl, 4 unabh\u00e4ngige, abschlie\u00dfbare T\u00fcren, Kettensystem f\u00fcr den t\u00e4glichen Zugriff ... Die unverzichtbare XXL-L\u00f6sung f\u00fcr Wohnanlagen und gro\u00dfe Familien!<\/span><\/p>\n<pre><img decoding=\"async\" class=\"emoji\" role=\"img\" draggable=\"false\" src=\"https:\/\/s.w.org\/images\/core\/emoji\/16.0.1\/svg\/1f69a.svg\" alt=\"\ud83d\ude9a\" data-src=\"https:\/\/s.w.org\/images\/core\/emoji\/16.0.1\/svg\/1f69a.svg\" data-done=\"Loaded\" \/>\u00a0Kostenlose Lieferung<\/pre>","protected":false},"featured_media":71250,"template":"","meta":[],"product_cat":[696],"product_tag":[],"class_list":{"0":"post-70427","1":"product","2":"type-product","3":"status-publish","4":"has-post-thumbnail","6":"product_cat-6-cache-poubelles","7":"product_shipping_class-livraison-gratuite","8":"pa_couleur-chene","10":"first","11":"instock","12":"shipping-taxable","13":"purchasable","14":"product-type-simple"},"_links":{"self":[{"href":"https:\/\/www.trivashop.com\/de\/wp-json\/wp\/v2\/product\/70427","targetHints":{"allow":["GET"]}}],"collection":[{"href":"https:\/\/www.trivashop.com\/de\/wp-json\/wp\/v2\/product"}],"about":[{"href":"https:\/\/www.trivashop.com\/de\/wp-json\/wp\/v2\/types\/product"}],"version-history":[{"count":9,"href":"https:\/\/www.trivashop.com\/de\/wp-json\/wp\/v2\/product\/70427\/revisions"}],"predecessor-version":[{"id":73302,"href":"https:\/\/www.trivashop.com\/de\/wp-json\/wp\/v2\/product\/70427\/revisions\/73302"}],"wp:featuredmedia":[{"embeddable":true,"href":"https:\/\/www.trivashop.com\/de\/wp-json\/wp\/v2\/media\/71250"}],"wp:attachment":[{"href":"https:\/\/www.trivashop.com\/de\/wp-json\/wp\/v2\/media?parent=70427"}],"wp:term":[{"taxonomy":"product_cat","embeddable":true,"href":"https:\/\/www.trivashop.com\/de\/wp-json\/wp\/v2\/product_cat?post=70427"},{"taxonomy":"product_tag","embeddable":true,"href":"https:\/\/www.trivashop.com\/de\/wp-json\/wp\/v2\/product_tag?post=70427"}],"curies":[{"name":"wp","href":"https:\/\/api.w.org\/{rel}","templated":true}]}}