{"id":70479,"date":"2025-06-26T15:08:00","date_gmt":"2025-06-26T13:08:00","guid":{"rendered":"https:\/\/www.mpdiscount.fr\/?post_type=product&#038;p=70479"},"modified":"2026-02-11T17:24:46","modified_gmt":"2026-02-11T16:24:46","slug":"mulltonnenabdeckung-mit-2-fachern-aus-schwarzem-metall-und-holz","status":"publish","type":"product","link":"https:\/\/www.trivashop.com\/de\/shop\/cache-poubelle-2-compartiments-metal-bois-noir\/","title":{"rendered":"M\u00fclltonnenabdeckung - 2 F\u00e4cher - Metall - Anthrazit"},"content":{"rendered":"<h2>Warum sollten Sie sich f\u00fcr einen M\u00fclltonnenabdeckung mit zwei F\u00e4chern f\u00fcr Ihren Au\u00dfenbereich entscheiden?<\/h2>\n<p>Seien wir ehrlich: Selbst die sch\u00f6nsten H\u00e4user verlieren ihren Charme, wenn vorne und hinten M\u00fcllcontainer herumstehen. Dieser M\u00fclltonnenverkleidung mit 2 F\u00e4chern l\u00f6st dieses Problem mit Stil und Eleganz. Sie verf\u00fcgen \u00fcber einen echten Au\u00dfenschrank, der Ihre Tonnen vollst\u00e4ndig verbirgt. Er ist mehr als nur eine Tarnung, sondern ein architektonisches Element, das Ihren Eingangsbereich mit seiner anthrazitfarbenen Struktur und seinen klaren Linien aufwertet.<\/p>\n<h2>Umfassender Schutz vor allt\u00e4glichen Belastungen<\/h2>\n<ul>\n<li>Keine Ger\u00fcche mehr, die bei warmem Wetter entweichen, da der geschlossene Beh\u00e4lter sie zur\u00fcckh\u00e4lt. ;<\/li>\n<li>Schutz vor Tieren (streunende Katzen, Nagetiere, V\u00f6gel), die die S\u00e4cke aufrei\u00dfen<\/li>\n<li>Beh\u00e4lter, die vor Wind gesch\u00fctzt sind, der sie umwerfen oder leichte Abf\u00e4lle wegwehen k\u00f6nnte<\/li>\n<li>Witterungsbest\u00e4ndigkeit: Ihre Abfallbeh\u00e4lter bleiben trocken und sauber<\/li>\n<li>Erh\u00f6hte Sicherheit durch abschlie\u00dfbare Griffe gegen unerw\u00fcnschtes Durchw\u00fchlen<\/li>\n<\/ul>\n<p>Das Format mit zwei F\u00e4chern zu je 240 l entspricht den Bed\u00fcrfnissen einer Familie mit 3 bis 6 Personen und erm\u00f6glicht eine klare Trennung zwischen Hausm\u00fcll und recycelbaren Abf\u00e4llen.<br \/>\nDie separaten T\u00fcren erleichtern den Zugang am Abholtag... Sie m\u00fcssen nicht mehr alles \u00f6ffnen, um einen einzigen Beh\u00e4lter herauszunehmen!<\/p>\n<h2>Eine Investition, die Ihre Nachbarschaftsbeziehungen sch\u00fctzt<\/h2>\n<p>Die Investition in einen sch\u00f6nen und funktionalen M\u00fclltonnenvorhang bedeutet auch, das gemeinsame Lebensumfeld zu respektieren. In Wohnsiedlungen, in denen die H\u00e4user dicht beieinander stehen, werden Ihre Nachbarn es zu sch\u00e4tzen wissen, dass sie keinen Blick mehr auf Ihren M\u00fcll haben.<\/p>\n<p>F\u00fcr Eigentumswohnungen und kleine Wohnanlagen ist dies eine hervorragende L\u00f6sung, um eine makellose Fassade zu erhalten und gleichzeitig die Vorschriften zur M\u00fclltrennung einzuhalten. Einige Gemeinden bieten sogar Zusch\u00fcsse f\u00fcr die Installation von Containerabdeckungen an... Erkundigen Sie sich bei Ihrer Gemeindeverwaltung!<\/p>\n<h2>Aufstellung Ihres Metall-M\u00fcllunterstands<\/h2>\n<p>Dieser M\u00fclleimer-Abdeckung wird als Bausatz mit allen erforderlichen Teilen geliefert:<\/p>\n<ul>\n<li>Thermolackierte Metallplatten; ;<\/li>\n<li>Komplettes Schraubengarnitur; ;<\/li>\n<li>Ausf\u00fchrliche Montageanleitung.<\/li>\n<\/ul>\n<p>Die Konstruktion kann von zwei Personen ohne Hebevorrichtung montiert werden. Der Aufbau erfolgt nach dem klassischen Prinzip von Metallunterst\u00e4nden: Grundrahmen, Montage der Seitenw\u00e4nde, Einbau der Frontt\u00fcren mit abschlie\u00dfbaren Griffen und Befestigung des oberen \u00d6ffnungssystems mit Ketten.<\/p>\n<h2>Vorbereitung des Standorts f\u00fcr den M\u00fclltonnenvorhang: bew\u00e4hrte Verfahren<\/h2>\n<p>F\u00fcr eine Konstruktion mit einer Breite von 132 cm und einer Tiefe von 80 cm sollten Sie eine Fl\u00e4che von mindestens 150 x 100 cm vorsehen, um den Zugang zu den T\u00fcren zu erleichtern. Ideal ist eine ebene und stabile Fl\u00e4che wie eine Betonplatte, eine geflieste Terrasse oder sogar verdichteter Kies. Verzinkter Stahl ist witterungsbest\u00e4ndig, aber ein drainierender Boden verhindert Wasseransammlungen am Boden.<br \/>\nEmpfohlene Werkzeuge f\u00fcr die Montage:<\/p>\n<ul>\n<li>Schraubendreher oder Akkuschrauber (je nach Vorliebe und Effizienz)<\/li>\n<li>Wasserwaage zur \u00dcberpr\u00fcfung der Lotrechtigkeit der Konstruktion<\/li>\n<li>Gabelschl\u00fcssel zum Anziehen der Schrauben, falls vorhanden<\/li>\n<li>Arbeitshandschuhe (Handhabung von Metallplatten)<\/li>\n<\/ul>\n<h2>Pflege von verzinktem Stahl mit Pulverbeschichtung in Anthrazit RAL7016<\/h2>\n<p>Die Pulverbeschichtung auf verzinktem Stahl garantiert einen doppelten Korrosionsschutz. Eine einfache Reinigung mit Seifenwasser ein- bis zweimal pro Jahr reicht aus, um das anthrazitfarbene Aussehen zu erhalten. Die T\u00fcrscharniere und der Kettenmechanismus sollten gelegentlich geschmiert werden, um ein reibungsloses \u00d6ffnen zu gew\u00e4hrleisten.<\/p>\n<ul>\n<li>Bei Kratzern, die die Pulverbeschichtung durchdringen, verhindert eine Ausbesserung mit anthrazitfarbener Farbe RAL7016 Rostbildung.<\/li>\n<li>Bei Griffen mit Verriegelungsfunktion kann eine regelm\u00e4\u00dfige Einstellung des Mechanismus erforderlich sein, um einen sicheren Verschluss zu gew\u00e4hrleisten.<\/li>\n<li>Im Gegensatz zu Holzmodellen muss diese Metallkonstruktion weder lasiert noch gegen Sch\u00e4dlinge behandelt werden \u2013 ein erheblicher Vorteil auf lange Sicht!<\/li>\n<\/ul>","protected":false},"excerpt":{"rendered":"<p>Endlich eine elegante L\u00f6sung, um Ihre M\u00fclltonnen zu verstecken! Dieser anthrazitfarbene Design-M\u00fclltonnencontainer verbirgt hinter seiner pulverbeschichteten Stahlkonstruktion perfekt zwei 240-Liter-M\u00fclltonnen. Extrem witterungsbest\u00e4ndig. Einfacher Zugang durch separate Frontt\u00fcren und Ketten\u00f6ffnungssystem f\u00fcr die t\u00e4gliche M\u00fcllentsorgung. Abschlie\u00dfbare Griffe zur Sicherung Ihrer M\u00fclltonnen. Keine unansehnlichen Container mehr in Ihrem Eingangsbereich... Ihre Nachbarn werden Sie beneiden!<\/p>\n<p>\ud83d\ude9a Angebotene Lieferung<\/p>","protected":false},"featured_media":71472,"template":"","meta":[],"product_cat":[696,977],"product_tag":[],"class_list":{"0":"post-70479","1":"product","2":"type-product","3":"status-publish","4":"has-post-thumbnail","6":"product_cat-6-cache-poubelles","7":"product_cat-nouveautes","8":"product_shipping_class-livraison-gratuite","9":"pa_couleur-anthracite","11":"first","12":"instock","13":"shipping-taxable","14":"purchasable","15":"product-type-simple"},"_links":{"self":[{"href":"https:\/\/www.trivashop.com\/de\/wp-json\/wp\/v2\/product\/70479","targetHints":{"allow":["GET"]}}],"collection":[{"href":"https:\/\/www.trivashop.com\/de\/wp-json\/wp\/v2\/product"}],"about":[{"href":"https:\/\/www.trivashop.com\/de\/wp-json\/wp\/v2\/types\/product"}],"version-history":[{"count":12,"href":"https:\/\/www.trivashop.com\/de\/wp-json\/wp\/v2\/product\/70479\/revisions"}],"predecessor-version":[{"id":73711,"href":"https:\/\/www.trivashop.com\/de\/wp-json\/wp\/v2\/product\/70479\/revisions\/73711"}],"wp:featuredmedia":[{"embeddable":true,"href":"https:\/\/www.trivashop.com\/de\/wp-json\/wp\/v2\/media\/71472"}],"wp:attachment":[{"href":"https:\/\/www.trivashop.com\/de\/wp-json\/wp\/v2\/media?parent=70479"}],"wp:term":[{"taxonomy":"product_cat","embeddable":true,"href":"https:\/\/www.trivashop.com\/de\/wp-json\/wp\/v2\/product_cat?post=70479"},{"taxonomy":"product_tag","embeddable":true,"href":"https:\/\/www.trivashop.com\/de\/wp-json\/wp\/v2\/product_tag?post=70479"}],"curies":[{"name":"wp","href":"https:\/\/api.w.org\/{rel}","templated":true}]}}