{"id":70735,"date":"2025-08-10T19:30:37","date_gmt":"2025-08-10T17:30:37","guid":{"rendered":"https:\/\/www.mpdiscount.fr\/?post_type=product&#038;p=70735"},"modified":"2026-02-11T14:24:23","modified_gmt":"2026-02-11T13:24:23","slug":"spa-ps-6016-3-platze-hydromassagedusen-wasserfall","status":"publish","type":"product","link":"https:\/\/www.trivashop.com\/de\/shop\/spa-ps-6016-3-places-jets-hydromassants-cascade\/","title":{"rendered":"Spa PS-6016 \u2013 3 Pl\u00e4tze \u2013 Hydromassaged\u00fcsen \u2013 Wasserfall"},"content":{"rendered":"<h2>Konfiguration und Badeerlebnis des Whirlpools PS-6016<\/h2>\n<p>Das rechteckige Format von 2,1 m x 1,5 m nutzt jeden Quadratzentimeter Ihrer Terrasse optimal aus. Die beiden nebeneinander liegenden Liegepl\u00e4tze erm\u00f6glichen Paaren, sich gemeinsam zu entspannen, w\u00e4hrend der Sitzplatz (gegen\u00fcber) ein geselligeres Erlebnis bietet. Sie k\u00f6nnen sich unterhalten und dabei in die Augen schauen oder alle in die gleiche Richtung blicken ... die Anordnung passt sich Ihrer Stimmung und der Gestaltung Ihres Au\u00dfenbereichs an.<\/p>\n<p>Die Einrichtung wurde f\u00fcr Ihren Komfort konzipiert:<\/p>\n<ul>\n<li>900 Liter Wasser: schneller Temperaturanstieg;<\/li>\n<li>H\u00f6he 80 cm: einfaches Ein- und Aussteigen ohne Leiter;<\/li>\n<li>Liegepl\u00e4tze mit integrierter Lendenwirbelst\u00fctze;<\/li>\n<li>Sitzplatz mit Blick auf die beiden Liegepl\u00e4tze;<\/li>\n<li>Tauchh\u00f6he bis zur Brust in sitzender Position.<\/li>\n<\/ul>\n<p>Dieser Whirlpool gl\u00e4nzt in kleinen R\u00e4umen. Seine rechteckige Form passt an eine Wand, in eine Ecke oder entlang eines Zauns, wo ein runder Whirlpool Platz verschwenden w\u00fcrde. Die 290 kg Leergewicht verteilen sich auf 3,15 m\u00b2 ... eine Standard-Terrassenbetonplatte tr\u00e4gt diese Last problemlos. Perfekt f\u00fcr Paare, die gelegentlich G\u00e4ste empfangen, oder kleine Familien.<\/p>\n<h2>Ein Spa mit umfangreicher Ausstattung f\u00fcr Hydrotherapie und Komfort<\/h2>\n<p>Die 51 D\u00fcsen aus geb\u00fcrstetem Edelstahl sorgen f\u00fcr ein umfassendes Massagesystem:<\/p>\n<ul>\n<li>Die 14 2-Zoll-D\u00fcsen zielen auf bestimmte Spannungspunkte ab, insbesondere auf kleine Schmerzen im Nacken und zwischen den Schulterbl\u00e4ttern.;<\/li>\n<li>Die 28 3-Zoll-D\u00fcsen decken gro\u00dfe Bereiche des R\u00fcckens mit einer umfassenden Massage ab.;<\/li>\n<li>Die 9 5-Zoll-D\u00fcsen sind die schwere Artillerie zur Entlastung der Lendenwirbels\u00e4ule, der Oberschenkel und des Ges\u00e4\u00dfes.<\/li>\n<\/ul>\n<p>Genie\u00dfen Sie die 3-PS-Massagepumpe mit zwei Geschwindigkeitsstufen (\u00fcberdurchschnittlich leistungsstark) und die 0,35-PS-Umw\u00e4lzpumpe f\u00fcr eine ger\u00e4uscharme Filterung, die 6 Luftventile zur zonenspezifischen Intensit\u00e4tsregulierung, das Steuerungssystem VIRPOL P25B37 mit Bedienfeld PB554 und die 3-kW-Heizung, die das Wasser auch im Winter auf 40 \u00b0C h\u00e4lt.<\/p>\n<h2>Ein hygienisches Spa, das die Gesundheit der Familie sch\u00fctzt<\/h2>\n<p>Der 50 mg\/h-Ozonator zerst\u00f6rt Bakterien auf nat\u00fcrliche Weise durch Oxidation, w\u00e4hrend das Eau Fra\u00eeche-System das chemische Gleichgewicht aufrechterh\u00e4lt und Algenbildung verhindert. Diese beiden Technologien sorgen gemeinsam f\u00fcr kristallklares Wasser mit dreimal weniger Chemikalien. Ihre Haut bleibt weich und der Geruch von Chlor tr\u00fcbt das Erlebnis nicht.<\/p>\n<p>Die 50 ft\u00b2 gro\u00dfe Filterpatrone f\u00e4ngt selbst feinste Verunreinigungen auf. In Kombination mit der kontinuierlich laufenden Umw\u00e4lzpumpe sorgt sie zwischen den Wasserwechseln f\u00fcr kristallklares Wasser. Der Magic Plastic-Ablass erleichtert die vollst\u00e4ndige Entleerung f\u00fcr die saisonale Wartung Ihres Whirlpools.<\/p>\n<p>Schlie\u00dflich st\u00fctzt der korrosionsgesch\u00fctzte Holzrahmen das Ganze ohne nachzugeben, w\u00e4hrend der Boden aus 8 mm starker PVC-Hartplatte vom Boden isoliert und das Aufsteigen von Feuchtigkeit verhindert.<\/p>","protected":false},"excerpt":{"rendered":"<p>G\u00f6nnen Sie sich den Luxus eines voll ausgestatteten 3-Sitzer-Whirlpools zu einem g\u00fcnstigen Preis! Das Modell PS-6016 definiert den kompakten Whirlpool mit seinen 51 D\u00fcsen aus geb\u00fcrstetem Edelstahl und seiner Konfiguration neu. <em>smart <\/em>: zwei Liegepl\u00e4tze f\u00fcr Liebhaber des Dolcefarniente und ein Sitzplatz f\u00fcr diejenigen, die lieber plaudern m\u00f6chten. Dieses rechteckige Format von 2,1 m x 1,5 m passt perfekt an eine Wand oder in eine Ecke der Terrasse. Die Schale in Sterling Silver oder Pearl Shadow verleiht dem Ganzen einen modernen Touch, der den Unterschied ausmacht, w\u00e4hrend der optionale Wasserfall f\u00fcr das gewisse Etwas sorgt. <em>Zen<\/em> , das Ihrem Garten noch fehlt. Mit 3-PS-Pumpe, 6 Luftventilen und Ozonator ... der Premium-Whirlpool im kompakten Format!<\/p>","protected":false},"featured_media":71968,"template":"","meta":[],"product_cat":[695],"product_tag":[],"class_list":{"0":"post-70735","1":"product","2":"type-product","3":"status-publish","4":"has-post-thumbnail","6":"product_cat-8-spa","7":"product_shipping_class-livraison-gratuite","9":"first","10":"outofstock","11":"shipping-taxable","12":"purchasable","13":"product-type-simple"},"_links":{"self":[{"href":"https:\/\/www.trivashop.com\/de\/wp-json\/wp\/v2\/product\/70735","targetHints":{"allow":["GET"]}}],"collection":[{"href":"https:\/\/www.trivashop.com\/de\/wp-json\/wp\/v2\/product"}],"about":[{"href":"https:\/\/www.trivashop.com\/de\/wp-json\/wp\/v2\/types\/product"}],"version-history":[{"count":5,"href":"https:\/\/www.trivashop.com\/de\/wp-json\/wp\/v2\/product\/70735\/revisions"}],"predecessor-version":[{"id":73910,"href":"https:\/\/www.trivashop.com\/de\/wp-json\/wp\/v2\/product\/70735\/revisions\/73910"}],"wp:featuredmedia":[{"embeddable":true,"href":"https:\/\/www.trivashop.com\/de\/wp-json\/wp\/v2\/media\/71968"}],"wp:attachment":[{"href":"https:\/\/www.trivashop.com\/de\/wp-json\/wp\/v2\/media?parent=70735"}],"wp:term":[{"taxonomy":"product_cat","embeddable":true,"href":"https:\/\/www.trivashop.com\/de\/wp-json\/wp\/v2\/product_cat?post=70735"},{"taxonomy":"product_tag","embeddable":true,"href":"https:\/\/www.trivashop.com\/de\/wp-json\/wp\/v2\/product_tag?post=70735"}],"curies":[{"name":"wp","href":"https:\/\/api.w.org\/{rel}","templated":true}]}}