{"id":70770,"date":"2025-08-10T19:58:17","date_gmt":"2025-08-10T17:58:17","guid":{"rendered":"https:\/\/www.mpdiscount.fr\/?post_type=product&#038;p=70770"},"modified":"2026-03-31T16:22:24","modified_gmt":"2026-03-31T15:22:24","slug":"ausen-whirlpool-ps-j425-4-platze-23-hydromassagedusen-led-beleuchtung","status":"publish","type":"product","link":"https:\/\/www.trivashop.com\/de\/shop\/spa-exterieur-ps-j425-4-places-23-jets-hydromassants-eclairage-led\/","title":{"rendered":"Au\u00dfen-Whirlpool PS-J425 \u2013 4 Pl\u00e4tze \u2013 23 Hydromassaged\u00fcsen \u2013 LED-Beleuchtung"},"content":{"rendered":"<h2>Ein gro\u00dfz\u00fcgig ausgestatteter 4-Personen-Whirlpool f\u00fcr gemeinsame Momente des Vergn\u00fcgens<\/h2>\n<p>Der Whirlpool PS-J425 wurde f\u00fcr alle entwickelt, die gerne Zeit mit anderen verbringen, ohne dabei auf Komfort zu verzichten. Seine vier Pl\u00e4tze eignen sich sowohl f\u00fcr angeregte Gespr\u00e4che als auch f\u00fcr entspannende Massagen, sodass jeder Nutzer auf seine Kosten kommt!<\/p>\n<p>Auf dem Programm steht eine ganze Reihe von Einrichtungen, die einem Luxus-Spa w\u00fcrdig sind:<\/p>\n<ul>\n<li>Die vier ergonomischen Pl\u00e4tze wechseln zwischen sitzender und halb liegender Position, um verschiedene Entspannungshaltungen zu erm\u00f6glichen.;<\/li>\n<li>Die 23 D\u00fcsen aus geb\u00fcrstetem Edelstahl stimulieren verspannte Bereiche des R\u00fcckens, der Schultern und der Beine.;<\/li>\n<li>Die 2,0-PS-Pumpe mit zwei Geschwindigkeitsstufen passt die Massageintensit\u00e4t von sanft bis kr\u00e4ftig an.;<\/li>\n<li>Die drei beleuchteten Wasserf\u00e4lle sorgen f\u00fcr ein kontinuierliches Pl\u00e4tschern, das das Sinneserlebnis bereichert.;<\/li>\n<li>Mit dem Luftventil l\u00e4sst sich die Intensit\u00e4t der Blasen regulieren und die Sitzung ganz nach den momentanen W\u00fcnschen individuell gestalten. ;<\/li>\n<li>Die Holzverkleidung und die Acrylschale in Sterling Silver oder Pearl Shadow passen sich harmonisch an Ihre Au\u00dfengestaltung an und gew\u00e4hrleisten die Langlebigkeit des Whirlpools.<\/li>\n<\/ul>\n<h2>Hygiene und Pflege des Wassers im Au\u00dfenwhirlpool PS-J425<\/h2>\n<p>Der PS-J425 kombiniert eine Filterpatrone mit einer Fl\u00e4che von 50 ft\u00b2 und einen Ozonator mit einer Leistung von 50 mg\/h, um zwischen den einzelnen Sitzungen f\u00fcr klares, gesundes und angenehmes Wasser zu sorgen.<\/p>\n<p>Die 0,35-kW-Umw\u00e4lzpumpe sorgt f\u00fcr eine konstante Durchmischung, wodurch stagnierende Bereiche vermieden werden, w\u00e4hrend das Magic Plastic-Ablasssystem den Wasserwechsel vereinfacht. Das Ganze reduziert den Einsatz von Chemikalien und h\u00e4lt den Whirlpool auch bei h\u00e4ufiger Nutzung einsatzbereit.<\/p>\n<h2>Unsere Tipps zur Verwendung des Au\u00dfen-Whirlpools PS-J425<\/h2>\n<ul>\n<li>Wechseln Sie zwischen sitzender und liegender Position, um nacheinander R\u00fccken, Schultern und Beine zu trainieren.;<\/li>\n<li>Stellen Sie die Neigung und die St\u00e4rke der D\u00fcsen so ein, dass sie genau auf die Bereiche gerichtet sind, in denen Sie die gr\u00f6\u00dfte Verspannung sp\u00fcren.;<\/li>\n<li>Aktivieren Sie die kontinuierlichen Wasserf\u00e4lle, um eine sanfte Nackenmassage zu genie\u00dfen, und intensivieren Sie sie, wenn Sie mehr Stimulation w\u00fcnschen.;<\/li>\n<li>Beschr\u00e4nken Sie jede Sitzung auf eine halbe Stunde und verteilen Sie sie \u00fcber den Tag, um hitzebedingte Erm\u00fcdungserscheinungen zu vermeiden.;<\/li>\n<li>Decken Sie den Whirlpool nach Gebrauch sofort ab, um das Wasser warm zu halten und die Aufheizzeit vor der n\u00e4chsten Benutzung zu verk\u00fcrzen.<\/li>\n<\/ul>","protected":false},"excerpt":{"rendered":"<p>Schaffen Sie sich mit dem Spa PS-J425 eine kleine Oase der Ruhe und Gelassenheit in Ihrem Garten. Vier bequeme Pl\u00e4tze bieten Platz f\u00fcr gem\u00fctliche Momente mit der Familie oder Abende mit Freunden. Die Acrylschale spielt mit den Reflexionen des Wassers und die Holzverkleidung verleiht dem Spa ein elegantes Aussehen, das sich leicht in jede Au\u00dfenumgebung integrieren l\u00e4sst. Im Inneren sorgen nicht weniger als 23 Hydromassaged\u00fcsen f\u00fcr die Entspannung der Muskeln und den Abbau von Verspannungen. Die drei Wasserf\u00e4lle sorgen f\u00fcr ein beruhigendes Pl\u00e4tschern, untermalt von Lichtspielen, die jedes Bad zu einem bezaubernden Sinneserlebnis machen.<\/p>","protected":false},"featured_media":71474,"template":"","meta":[],"product_cat":[695],"product_tag":[],"class_list":{"0":"post-70770","1":"product","2":"type-product","3":"status-publish","4":"has-post-thumbnail","6":"product_cat-8-spa","7":"product_shipping_class-livraison-gratuite","9":"first","10":"instock","11":"shipping-taxable","12":"purchasable","13":"product-type-simple"},"_links":{"self":[{"href":"https:\/\/www.trivashop.com\/de\/wp-json\/wp\/v2\/product\/70770","targetHints":{"allow":["GET"]}}],"collection":[{"href":"https:\/\/www.trivashop.com\/de\/wp-json\/wp\/v2\/product"}],"about":[{"href":"https:\/\/www.trivashop.com\/de\/wp-json\/wp\/v2\/types\/product"}],"version-history":[{"count":3,"href":"https:\/\/www.trivashop.com\/de\/wp-json\/wp\/v2\/product\/70770\/revisions"}],"predecessor-version":[{"id":71548,"href":"https:\/\/www.trivashop.com\/de\/wp-json\/wp\/v2\/product\/70770\/revisions\/71548"}],"wp:featuredmedia":[{"embeddable":true,"href":"https:\/\/www.trivashop.com\/de\/wp-json\/wp\/v2\/media\/71474"}],"wp:attachment":[{"href":"https:\/\/www.trivashop.com\/de\/wp-json\/wp\/v2\/media?parent=70770"}],"wp:term":[{"taxonomy":"product_cat","embeddable":true,"href":"https:\/\/www.trivashop.com\/de\/wp-json\/wp\/v2\/product_cat?post=70770"},{"taxonomy":"product_tag","embeddable":true,"href":"https:\/\/www.trivashop.com\/de\/wp-json\/wp\/v2\/product_tag?post=70770"}],"curies":[{"name":"wp","href":"https:\/\/api.w.org\/{rel}","templated":true}]}}