{"id":71911,"date":"2025-10-30T13:39:52","date_gmt":"2025-10-30T11:39:52","guid":{"rendered":"https:\/\/www.trivashop.com\/?post_type=product&#038;p=71911"},"modified":"2026-02-11T17:05:19","modified_gmt":"2026-02-11T16:05:19","slug":"klimaanlagenabdeckung-und-pac-struktur-aus-schwarzem-aluminium","status":"publish","type":"product","link":"https:\/\/www.trivashop.com\/de\/shop\/cache-clim-et-pac-structure-aluminium-couleur-noir\/","title":{"rendered":"Abdeckhaube f\u00fcr Klimaanlage und W\u00e4rmepumpe - Aluminiumstruktur - Schwarz"},"content":{"rendered":"<h2 data-start=\"99\" data-end=\"137\">\u2714\ufe0f <strong data-start=\"105\" data-end=\"135\">Allgemeine Merkmale<\/strong><\/h2>\n<ul data-start=\"138\" data-end=\"458\">\n<li data-start=\"138\" data-end=\"218\">\ud83e\udeb6 <strong data-start=\"224\" data-end=\"238\">Material:<\/strong> Aluminium 100 % pulverbeschichtet, Edelstahlschrauben<\/li>\n<li data-start=\"284\" data-end=\"341\">\n<p data-start=\"286\" data-end=\"341\">\ud83c\udf26\ufe0f Korrosionsbest\u00e4ndig, UV-best\u00e4ndig und salzluftbest\u00e4ndig<\/p>\n<\/li>\n<li data-start=\"342\" data-end=\"400\">\n<p data-start=\"344\" data-end=\"400\">\ud83d\udca8 Lamellenstruktur f\u00fcr eine <strong data-start=\"374\" data-end=\"398\">optimale Bel\u00fcftung<\/strong><\/p>\n<\/li>\n<li data-start=\"401\" data-end=\"458\">\n<p data-start=\"403\" data-end=\"458\">\ud83c\uddeb\ud83c\uddf7 <strong data-start=\"408\" data-end=\"433\">Franz\u00f6sische Herstellung<\/strong> \u2013 \ud83d\udd12 <strong data-start=\"439\" data-end=\"458\">10 Jahre Garantie<\/strong><\/p>\n<\/li>\n<\/ul>\n<hr data-start=\"460\" data-end=\"463\" \/>\n<h2 data-start=\"465\" data-end=\"492\">\u2699\ufe0f <strong data-start=\"471\" data-end=\"490\">Funktionalit\u00e4ten<\/strong><\/h2>\n<ul data-start=\"493\" data-end=\"747\">\n<li data-start=\"493\" data-end=\"564\">\n<p data-start=\"495\" data-end=\"564\">\ud83c\udfa8 Dekorative Abdeckung f\u00fcr <strong data-start=\"519\" data-end=\"562\">Au\u00dfenklimaanlage \/ W\u00e4rmepumpe<\/strong><\/p>\n<\/li>\n<li data-start=\"565\" data-end=\"613\">\n<p data-start=\"567\" data-end=\"613\">\ud83e\uddf1 <strong data-start=\"570\" data-end=\"595\">Aufstellung auf dem Boden oder an der Wand<\/strong>, schnelle Montage<\/p>\n<\/li>\n<li data-start=\"614\" data-end=\"692\">\n<p data-start=\"616\" data-end=\"692\">\ud83d\udd27 Kompatibel mit Erweiterungen (Tiefe, H\u00f6he, R\u00fcckseite, Unterseite)<\/p>\n<\/li>\n<li data-start=\"693\" data-end=\"747\">\n<p data-start=\"695\" data-end=\"747\">\ud83e\uddfc <strong data-start=\"698\" data-end=\"718\">Einfache Pflege<\/strong>, ein strapazierf\u00e4higes und leichtes Material<\/p>\n<\/li>\n<\/ul>\n<hr data-start=\"749\" data-end=\"752\" \/>\n<h2 data-start=\"754\" data-end=\"785\">\ud83d\ude9a <strong data-start=\"760\" data-end=\"783\">Montage &amp; Lieferung<\/strong><\/h2>\n<ul data-start=\"786\" data-end=\"942\">\n<li data-start=\"786\" data-end=\"823\">\n<p data-start=\"788\" data-end=\"823\">\ud83d\udd29 Befestigungen und Schrauben im Lieferumfang enthalten<\/p>\n<\/li>\n<li data-start=\"786\" data-end=\"823\">\n<p data-start=\"788\" data-end=\"823\">\ud83d\ude80 <strong data-start=\"829\" data-end=\"851\">Kostenlose Lieferung<\/strong> innerhalb von 2 bis 3 Werktagen<\/p>\n<\/li>\n<li data-start=\"878\" data-end=\"942\">\n<p data-start=\"880\" data-end=\"942\">\ud83d\udee1\ufe0f Keine Wartung erforderlich (rostfreies und UV-best\u00e4ndiges Aluminium)<\/p>\n<\/li>\n<\/ul>","protected":false},"excerpt":{"rendered":"<p>Sch\u00fctzen und werten Sie Ihre Au\u00dfenger\u00e4te mit unseren <strong>Abdeckungen f\u00fcr Klimaanlagen und W\u00e4rmepumpen<\/strong> aus Aluminium. Robust, <strong>korrosionsbest\u00e4ndig<\/strong> und elegant, sie sorgen f\u00fcr eine <strong>optimaler Schutz<\/strong> und f\u00fcgen sich harmonisch in Ihren Au\u00dfenbereich ein. Einfach zu installieren und in verschiedenen Gr\u00f6\u00dfen und Farben erh\u00e4ltlich.<\/p>","protected":false},"featured_media":71913,"template":"","meta":[],"product_cat":[740],"product_tag":[],"class_list":{"0":"post-71911","1":"product","2":"type-product","3":"status-publish","4":"has-post-thumbnail","6":"product_cat-7-cache-clim-et-pac","7":"product_shipping_class-livraison-gratuite","8":"pa_couleur-noir","10":"first","11":"instock","12":"shipping-taxable","13":"purchasable","14":"product-type-variable"},"_links":{"self":[{"href":"https:\/\/www.trivashop.com\/de\/wp-json\/wp\/v2\/product\/71911","targetHints":{"allow":["GET"]}}],"collection":[{"href":"https:\/\/www.trivashop.com\/de\/wp-json\/wp\/v2\/product"}],"about":[{"href":"https:\/\/www.trivashop.com\/de\/wp-json\/wp\/v2\/types\/product"}],"version-history":[{"count":3,"href":"https:\/\/www.trivashop.com\/de\/wp-json\/wp\/v2\/product\/71911\/revisions"}],"predecessor-version":[{"id":73271,"href":"https:\/\/www.trivashop.com\/de\/wp-json\/wp\/v2\/product\/71911\/revisions\/73271"}],"wp:featuredmedia":[{"embeddable":true,"href":"https:\/\/www.trivashop.com\/de\/wp-json\/wp\/v2\/media\/71913"}],"wp:attachment":[{"href":"https:\/\/www.trivashop.com\/de\/wp-json\/wp\/v2\/media?parent=71911"}],"wp:term":[{"taxonomy":"product_cat","embeddable":true,"href":"https:\/\/www.trivashop.com\/de\/wp-json\/wp\/v2\/product_cat?post=71911"},{"taxonomy":"product_tag","embeddable":true,"href":"https:\/\/www.trivashop.com\/de\/wp-json\/wp\/v2\/product_tag?post=71911"}],"curies":[{"name":"wp","href":"https:\/\/api.w.org\/{rel}","templated":true}]}}