{"id":72131,"date":"2025-11-27T17:25:06","date_gmt":"2025-11-27T15:25:06","guid":{"rendered":"https:\/\/www.trivashop.com\/?post_type=product&#038;p=72131"},"modified":"2026-02-26T10:37:57","modified_gmt":"2026-02-26T09:37:57","slug":"akustikpaneele-walnuss-schwarz-filz-60x60-4er-set","status":"publish","type":"product","link":"https:\/\/www.trivashop.com\/de\/shop\/panneaux-acoustiques-noyer-feutrine-noire-60x60-lot-de-4\/","title":{"rendered":"Akustikpaneele - Nussbaum - Schwarzer Filz - 60 x 60 cm - Satz von 4"},"content":{"rendered":"<p>Verbessern Sie den Klang in Ihren R\u00e4umen mit unseren <strong>flexible Akustikplatten<\/strong>, die so konzipiert sind, dass sie eine <strong>hervorragende Absorption<\/strong>, ein <strong>zeitgen\u00f6ssisches Design<\/strong> und eine <strong>verantwortungsbewusstes Design<\/strong>. Sie versch\u00f6nern Ihre W\u00e4nde und reduzieren gleichzeitig wirksam L\u00e4rmbel\u00e4stigungen.<\/p>\n<h2>\ud83d\udd0d Technische Daten<\/h2>\n<ul>\n<li><strong>Abmessungen:<\/strong> 60 \u00d7 60 cm<\/li>\n<li><strong>Dicke:<\/strong> 2,1 cm<\/li>\n<li><strong>Gesamtfl\u00e4che:<\/strong> 1,44 m\u00b2<\/li>\n<li><strong>Gewicht:<\/strong> 12 kg<\/li>\n<li><strong>Materialien:<\/strong> Recycelter Filz + furnierte MDF-Leisten<\/li>\n<li><strong>Installation:<\/strong> Silikonkleber oder Schrauben<\/li>\n<li><strong>Verwendung:<\/strong> Isolierung und akustische Korrektur<\/li>\n<li><strong>Anpassung:<\/strong> f\u00fcr alle Umgebungen geeignet (Privat, Beruf, B\u00fcro\u2026)<\/li>\n<\/ul>\n<h2>\u267b\ufe0f Nachhaltiges und sorgf\u00e4ltiges Design<\/h2>\n<p>Jede Tafel besteht aus zwei sich erg\u00e4nzenden Elementen:<\/p>\n<ul>\n<li>Eine <strong>Akustikfilz aus Recyclingmaterial<\/strong>, die speziell daf\u00fcr entwickelt wurde, Ger\u00e4usche zu absorbieren und ihre Ausbreitung zu begrenzen.<\/li>\n<li>Eine <strong>MDF-Furnier-Oberfl\u00e4che<\/strong>, robust und elegant, f\u00fcr ein modernes und langlebiges Ergebnis.<\/li>\n<\/ul>\n<p>Das verwendete Holz stammt ausschlie\u00dflich aus <strong>verantwortungsvoll bewirtschaftete W\u00e4lder<\/strong>, die eine Produktion garantieren, die die biologische Vielfalt und die nat\u00fcrlichen Kreisl\u00e4ufe respektiert.<\/p>\n<h2>\ud83c\udfa7 Optimale akustische Leistung<\/h2>\n<p>Dank ihrer mehrschichtigen Struktur reduzieren diese Platten wirksam die <strong>Echos<\/strong>, <strong>Nachhall<\/strong> und <strong>St\u00f6rger\u00e4usche<\/strong>. Sie passen perfekt in: B\u00fcros, Studios, Gro\u00dfraumb\u00fcros, Lounges, Besprechungsr\u00e4ume, Audio-\/Videor\u00e4ume und vieles mehr.<\/p>\n<h2>\ud83d\udee0\ufe0f Schnelle und einfache Installation<\/h2>\n<p>Jede Platte ist leicht und flexibel und l\u00e4sst sich einfach an der Wand oder Decke anbringen. Sie k\u00f6nnen <strong>Silikonkleber<\/strong> oder <strong>Schrauben<\/strong>, je nach Untergrund. Es sind keine besonderen Werkzeuge erforderlich: Die Anbringung ist einfach, sauber und dauerhaft.<\/p>\n<h2>\ud83d\udd27 Pr\u00e4zises Schneiden<\/h2>\n<p>Um die Schilder an Ihre Konfiguration anzupassen, muss die <strong>Kreiss\u00e4ge<\/strong> wird empfohlen: Sie erm\u00f6glicht einen sauberen und perfekt angepassten Schnitt.<\/p>\n<h2>\ud83e\uddfc M\u00fchelose Pflege<\/h2>\n<p>Um ihr Aussehen und ihre akustische Wirksamkeit zu erhalten:<\/p>\n<ul>\n<li>Abstauben mit einem <strong>Staubwedel<\/strong> oder ein <strong>Staubsauger mit weicher D\u00fcse<\/strong>.<\/li>\n<li>Bei Flecken verwenden Sie bitte ein <strong>feuchtes Tuch<\/strong> gut ausgewrungen.<\/li>\n<li>Vermeiden Sie Scheuermittel, um die Oberfl\u00e4che der Latten zu schonen.<\/li>\n<\/ul>\n<h2>\u2733\ufe0f Ein umweltbewusster Ansatz<\/h2>\n<p>Die Verwendung von recycelten Materialien und Holz aus nachhaltiger Forstwirtschaft spiegelt unser Bestreben wider, eine leistungsstarke Akustikl\u00f6sung anzubieten und gleichzeitig die Auswirkungen auf die Umwelt zu begrenzen.<\/p>","protected":false},"excerpt":{"rendered":"<p>Verbessern Sie den Ger\u00e4uschkomfort in Ihren R\u00e4umen mit unseren weichen Akustikplatten, die Ger\u00e4usche effektiv absorbieren. Die Kombination aus recyceltem Filz und MDF-Latten sorgt f\u00fcr eine moderne und langlebige Optik. Die Montage ist einfach: Tragen Sie Silikonkleber auf oder verwenden Sie Schrauben. F\u00fcr eine genaue Anpassung k\u00f6nnen die Platten einfach mit einer Kreiss\u00e4ge zugeschnitten werden.<\/p>\n<p>Eigenschaften:<\/p>\n<ul>\n<li>60 \u00d7 60 \u00d7 2,1 cm<\/li>\n<li>Gewicht: 12 kg.<\/li>\n<li>Schnelle Verlegung: kleben oder schrauben.<\/li>\n<\/ul>\n<p><strong>Kostenlose Lieferung<\/strong><\/p>","protected":false},"featured_media":72136,"template":"","meta":[],"product_cat":[79,692],"product_tag":[],"class_list":{"0":"post-72131","1":"product","2":"type-product","3":"status-publish","4":"has-post-thumbnail","6":"product_cat-panneaux-acoustiques-60-x-60","7":"product_cat-1-panneaux-acoustiques","8":"product_shipping_class-livraison-gratuite","9":"pa_couleur-noyer","11":"first","12":"instock","13":"shipping-taxable","14":"purchasable","15":"product-type-simple"},"_links":{"self":[{"href":"https:\/\/www.trivashop.com\/de\/wp-json\/wp\/v2\/product\/72131","targetHints":{"allow":["GET"]}}],"collection":[{"href":"https:\/\/www.trivashop.com\/de\/wp-json\/wp\/v2\/product"}],"about":[{"href":"https:\/\/www.trivashop.com\/de\/wp-json\/wp\/v2\/types\/product"}],"version-history":[{"count":6,"href":"https:\/\/www.trivashop.com\/de\/wp-json\/wp\/v2\/product\/72131\/revisions"}],"predecessor-version":[{"id":74063,"href":"https:\/\/www.trivashop.com\/de\/wp-json\/wp\/v2\/product\/72131\/revisions\/74063"}],"wp:featuredmedia":[{"embeddable":true,"href":"https:\/\/www.trivashop.com\/de\/wp-json\/wp\/v2\/media\/72136"}],"wp:attachment":[{"href":"https:\/\/www.trivashop.com\/de\/wp-json\/wp\/v2\/media?parent=72131"}],"wp:term":[{"taxonomy":"product_cat","embeddable":true,"href":"https:\/\/www.trivashop.com\/de\/wp-json\/wp\/v2\/product_cat?post=72131"},{"taxonomy":"product_tag","embeddable":true,"href":"https:\/\/www.trivashop.com\/de\/wp-json\/wp\/v2\/product_tag?post=72131"}],"curies":[{"name":"wp","href":"https:\/\/api.w.org\/{rel}","templated":true}]}}