{"id":72185,"date":"2025-12-17T13:07:35","date_gmt":"2025-12-17T11:07:35","guid":{"rendered":"https:\/\/www.trivashop.com\/?post_type=product&#038;p=72185"},"modified":"2026-04-10T11:36:53","modified_gmt":"2026-04-10T10:36:53","slug":"pvc-platte-in-weisem-marmor-250-x-120-cm-wasserdicht-15-jahre-garantie","status":"publish","type":"product","link":"https:\/\/www.trivashop.com\/de\/shop\/panneau-pvc-marbre-blanc-250-x-120-cm-etanche-garantie-15-ans\/","title":{"rendered":"PVC-Platte -Wei\u00dfer Marmoreffekt - 250 \u00d7 120 cm - Wasserdicht - 15 Jahre Garantie"},"content":{"rendered":"<h3 data-start=\"132\" data-end=\"169\">\ud83e\uddf1 PVC-PLATTE MIT WEISSEM MARMOREFFEKT<\/h3>\n<p data-start=\"171\" data-end=\"180\"><strong data-start=\"171\" data-end=\"180\">Verwendung<\/strong><\/p>\n<ul data-start=\"181\" data-end=\"256\">\n<li data-start=\"181\" data-end=\"198\">\n<p data-start=\"183\" data-end=\"198\">Badezimmer<\/p>\n<\/li>\n<li data-start=\"199\" data-end=\"210\">\n<p data-start=\"201\" data-end=\"210\">K\u00fcche<\/p>\n<\/li>\n<li data-start=\"211\" data-end=\"217\">\n<p data-start=\"213\" data-end=\"217\">WC<\/p>\n<\/li>\n<li data-start=\"218\" data-end=\"231\">\n<p data-start=\"220\" data-end=\"231\">Waschk\u00fcche<\/p>\n<\/li>\n<li data-start=\"232\" data-end=\"256\">\n<p data-start=\"234\" data-end=\"256\">Alle Feuchtr\u00e4ume<\/p>\n<\/li>\n<\/ul>\n<hr data-start=\"258\" data-end=\"261\" \/>\n<h3 data-start=\"263\" data-end=\"293\">\ud83d\udcd0 TECHNISCHE INFORMATIONEN<\/h3>\n<ul data-start=\"294\" data-end=\"442\">\n<li data-start=\"294\" data-end=\"327\">\n<p data-start=\"296\" data-end=\"327\"><strong data-start=\"296\" data-end=\"310\">Abmessungen<\/strong> : 250 \u00d7 120 cm<\/p>\n<\/li>\n<li data-start=\"328\" data-end=\"354\">\n<p data-start=\"330\" data-end=\"354\"><strong data-start=\"330\" data-end=\"343\">Dicke<\/strong> : 2,5 cm<\/p>\n<\/li>\n<li data-start=\"355\" data-end=\"377\">\n<p data-start=\"357\" data-end=\"377\"><strong data-start=\"357\" data-end=\"369\">Material<\/strong> : PVC<\/p>\n<\/li>\n<li data-start=\"378\" data-end=\"416\">\n<p data-start=\"380\" data-end=\"416\"><strong data-start=\"380\" data-end=\"394\">Wasserdichtigkeit<\/strong> : 100 % wasserdicht<\/p>\n<\/li>\n<li data-start=\"417\" data-end=\"442\">\n<p data-start=\"419\" data-end=\"442\"><strong data-start=\"419\" data-end=\"431\">Garantie<\/strong> : 15 Jahre<\/p>\n<\/li>\n<\/ul>\n<hr data-start=\"444\" data-end=\"447\" \/>\n<h3 data-start=\"449\" data-end=\"462\">\ud83c\udfa8 DESIGN<\/h3>\n<ul data-start=\"463\" data-end=\"556\">\n<li data-start=\"463\" data-end=\"494\">\n<p data-start=\"465\" data-end=\"494\">Realistischer wei\u00dfer Marmoreffekt<\/p>\n<\/li>\n<li data-start=\"495\" data-end=\"527\">\n<p data-start=\"497\" data-end=\"527\">Grau- und Blaut\u00f6ne<\/p>\n<\/li>\n<li data-start=\"528\" data-end=\"556\">\n<p data-start=\"530\" data-end=\"556\">Modernes und nat\u00fcrliches Erscheinungsbild<\/p>\n<\/li>\n<\/ul>\n<hr data-start=\"558\" data-end=\"561\" \/>\n<h3 data-start=\"563\" data-end=\"579\">\ud83e\uddfd WARTUNG<\/h3>\n<ul data-start=\"580\" data-end=\"665\">\n<li data-start=\"580\" data-end=\"600\">\n<p data-start=\"582\" data-end=\"600\">Schnelle Reinigung<\/p>\n<\/li>\n<li data-start=\"601\" data-end=\"629\">\n<p data-start=\"603\" data-end=\"629\">Feuchtes Tuch ausreichend<\/p>\n<\/li>\n<li data-start=\"630\" data-end=\"665\">\n<p data-start=\"632\" data-end=\"665\">Keine speziellen Produkte erforderlich<\/p>\n<\/li>\n<\/ul>\n<hr data-start=\"667\" data-end=\"670\" \/>\n<h3 data-start=\"672\" data-end=\"705\">\ud83d\udd27 INSTALLATION (SCHNELLE MONTAGE)<\/h3>\n<ol data-start=\"706\" data-end=\"854\">\n<li data-start=\"706\" data-end=\"728\">\n<p data-start=\"709\" data-end=\"728\">Saubere und trockene Wand<\/p>\n<\/li>\n<li data-start=\"729\" data-end=\"763\">\n<p data-start=\"732\" data-end=\"763\">Zuschnitt auf die richtigen Ma\u00dfe<\/p>\n<\/li>\n<li data-start=\"764\" data-end=\"798\">\n<p data-start=\"767\" data-end=\"798\">Befestigung durch Kleben oder Clips<\/p>\n<\/li>\n<li data-start=\"799\" data-end=\"833\">\n<p data-start=\"802\" data-end=\"833\">Ausrichtung und leichter Druck<\/p>\n<\/li>\n<li data-start=\"834\" data-end=\"854\">\n<p data-start=\"837\" data-end=\"854\">Endreinigung<\/p>\n<\/li>\n<\/ol>\n<hr data-start=\"856\" data-end=\"859\" \/>\n<h3 data-start=\"861\" data-end=\"881\">\u2705 WICHTIGSTE VORTEILE<\/h3>\n<ul data-start=\"882\" data-end=\"993\">\n<li data-start=\"882\" data-end=\"904\">\n<p data-start=\"884\" data-end=\"904\">Leicht und widerstandsf\u00e4hig<\/p>\n<\/li>\n<li data-start=\"905\" data-end=\"938\">\n<p data-start=\"907\" data-end=\"938\">Einfache Verlegung ohne gro\u00dfe Arbeiten<\/p>\n<\/li>\n<li data-start=\"939\" data-end=\"967\">\n<p data-start=\"941\" data-end=\"967\">F\u00fcr Feuchtgebiete geeignet<\/p>\n<\/li>\n<li data-start=\"968\" data-end=\"993\">\n<p data-start=\"970\" data-end=\"993\">Langlebig und \u00e4sthetisch<\/p>\n<\/li>\n<\/ul>","protected":false},"excerpt":{"rendered":"<p>Bringen Sie eine <strong data-start=\"13\" data-end=\"38\">zeitlose Eleganz<\/strong> mit dieser PVC-Platte in wei\u00dfer Marmoroptik. Ihr realistisches Design und ihre gl\u00e4nzende Oberfl\u00e4che verwandeln Ihr Interieur im Handumdrehen, selbst in Feuchtr\u00e4umen. <strong data-start=\"210\" data-end=\"256\">100 % wasserdicht, leicht und einfach anzubringen<\/strong>, Es bietet eine nachhaltige und \u00e4sthetische L\u00f6sung f\u00fcr ein modernes Ergebnis ohne aufwendige Arbeiten.<\/p>\n<p>\ud83d\udccd <strong data-start=\"434\" data-end=\"466\">Abholung nur in unserem Showroom<br \/>\n<\/strong><span style=\"letter-spacing: 0.0135em;\">Schwarzwaldstra\u00dfe 7, 77871 Renchen - Deutschland<br \/>\nMontag bis Freitag von 10:00 bis 18:00 Uhr<\/span><\/p>","protected":false},"featured_media":74305,"template":"","meta":[],"product_cat":[784],"product_tag":[],"class_list":{"0":"post-72185","1":"product","2":"type-product","3":"status-publish","4":"has-post-thumbnail","6":"product_cat-2-panneau-pvc","7":"product_shipping_class-retrait-showroom","8":"pa_couleur-blanc","10":"first","11":"outofstock","12":"shipping-taxable","13":"purchasable","14":"product-type-simple"},"_links":{"self":[{"href":"https:\/\/www.trivashop.com\/de\/wp-json\/wp\/v2\/product\/72185","targetHints":{"allow":["GET"]}}],"collection":[{"href":"https:\/\/www.trivashop.com\/de\/wp-json\/wp\/v2\/product"}],"about":[{"href":"https:\/\/www.trivashop.com\/de\/wp-json\/wp\/v2\/types\/product"}],"version-history":[{"count":5,"href":"https:\/\/www.trivashop.com\/de\/wp-json\/wp\/v2\/product\/72185\/revisions"}],"predecessor-version":[{"id":73427,"href":"https:\/\/www.trivashop.com\/de\/wp-json\/wp\/v2\/product\/72185\/revisions\/73427"}],"wp:featuredmedia":[{"embeddable":true,"href":"https:\/\/www.trivashop.com\/de\/wp-json\/wp\/v2\/media\/74305"}],"wp:attachment":[{"href":"https:\/\/www.trivashop.com\/de\/wp-json\/wp\/v2\/media?parent=72185"}],"wp:term":[{"taxonomy":"product_cat","embeddable":true,"href":"https:\/\/www.trivashop.com\/de\/wp-json\/wp\/v2\/product_cat?post=72185"},{"taxonomy":"product_tag","embeddable":true,"href":"https:\/\/www.trivashop.com\/de\/wp-json\/wp\/v2\/product_tag?post=72185"}],"curies":[{"name":"wp","href":"https:\/\/api.w.org\/{rel}","templated":true}]}}