{"id":72190,"date":"2025-12-17T13:19:25","date_gmt":"2025-12-17T11:19:25","guid":{"rendered":"https:\/\/www.trivashop.com\/?post_type=product&#038;p=72190"},"modified":"2026-03-26T16:19:28","modified_gmt":"2026-03-26T15:19:28","slug":"pvc-platte-in-weis-goldener-marmoroptik-250-x-120-cm-wasserdicht-15-jahre-garantie","status":"publish","type":"product","link":"https:\/\/www.trivashop.com\/de\/shop\/panneau-pvc-effet-marbre-blanc-dore-250-x-120-cm-etanche-garantie-15-ans\/","title":{"rendered":"PVC-Platte - Marmor-Effekt Wei\u00df\/Gold - 250 \u00d7 120 cm - Wasserdicht - 15 Jahre Garantie"},"content":{"rendered":"<h3 data-start=\"118\" data-end=\"163\">\u2728 PVC-PLATTE MIT GL\u00c4NZENDER WEISSER MARMOROPTIK<\/h3>\n<p data-start=\"165\" data-end=\"428\">Verleihen Sie einen Hauch von <strong data-start=\"185\" data-end=\"219\">modern, nat\u00fcrlich und elegant<\/strong> an Ihren W\u00e4nden. Diese PVC-Platte in Marmoroptik ist ideal f\u00fcr die <strong data-start=\"278\" data-end=\"335\">Badezimmer, K\u00fcche und alle Nassbereiche<\/strong>. Leicht und widerstandsf\u00e4hig, erm\u00f6glicht es Ihnen, Ihr Interieur schnell und ohne gro\u00dfe Arbeiten zu verwandeln.<\/p>\n<hr data-start=\"430\" data-end=\"433\" \/>\n<h3 data-start=\"435\" data-end=\"458\">\ud83d\udcd0 EIGENSCHAFTEN<\/h3>\n<ul data-start=\"459\" data-end=\"618\">\n<li data-start=\"459\" data-end=\"503\">\n<p data-start=\"461\" data-end=\"503\"><strong data-start=\"461\" data-end=\"475\">Abmessungen<\/strong> : 250 cm (L) \u00d7 120 cm (B)<\/p>\n<\/li>\n<li data-start=\"504\" data-end=\"530\">\n<p data-start=\"506\" data-end=\"530\"><strong data-start=\"506\" data-end=\"519\">Dicke<\/strong> : 2,5 cm<\/p>\n<\/li>\n<li data-start=\"531\" data-end=\"553\">\n<p data-start=\"533\" data-end=\"553\"><strong data-start=\"533\" data-end=\"545\">Material<\/strong> : PVC<\/p>\n<\/li>\n<li data-start=\"554\" data-end=\"592\">\n<p data-start=\"556\" data-end=\"592\"><strong data-start=\"556\" data-end=\"570\">Wasserdichtigkeit<\/strong> : 100 % wasserdicht<\/p>\n<\/li>\n<li data-start=\"593\" data-end=\"618\">\n<p data-start=\"595\" data-end=\"618\"><strong data-start=\"595\" data-end=\"607\">Garantie<\/strong> : 15 Jahre<\/p>\n<\/li>\n<\/ul>\n<hr data-start=\"620\" data-end=\"623\" \/>\n<h3 data-start=\"625\" data-end=\"650\">\ud83c\udfa8 DESIGN &amp; VERARBEITUNG<\/h3>\n<ul data-start=\"651\" data-end=\"784\">\n<li data-start=\"651\" data-end=\"682\">\n<p data-start=\"653\" data-end=\"682\">Gl\u00e4nzender wei\u00dfer Marmoreffekt<\/p>\n<\/li>\n<li data-start=\"683\" data-end=\"710\">\n<p data-start=\"685\" data-end=\"710\">Elegante goldene Adern<\/p>\n<\/li>\n<li data-start=\"711\" data-end=\"749\">\n<p data-start=\"713\" data-end=\"749\">Getreu dem Naturstein nachempfunden<\/p>\n<\/li>\n<li data-start=\"750\" data-end=\"784\">\n<p data-start=\"752\" data-end=\"784\">Luxuri\u00f6ses und zeitgem\u00e4\u00dfes Erscheinungsbild<\/p>\n<\/li>\n<\/ul>\n<hr data-start=\"786\" data-end=\"789\" \/>\n<h3 data-start=\"791\" data-end=\"807\">\ud83e\uddfd WARTUNG<\/h3>\n<ul data-start=\"808\" data-end=\"864\">\n<li data-start=\"808\" data-end=\"828\">\n<p data-start=\"810\" data-end=\"828\">Einfache Reinigung<\/p>\n<\/li>\n<li data-start=\"829\" data-end=\"864\">\n<p data-start=\"831\" data-end=\"864\">Ein einfaches feuchtes Tuch reicht aus.<\/p>\n<\/li>\n<\/ul>\n<hr data-start=\"866\" data-end=\"869\" \/>\n<h3 data-start=\"871\" data-end=\"901\">\ud83d\udd27 SCHNELLE INSTALLATION IN 3 SCHRITTEN<\/h3>\n<ol data-start=\"902\" data-end=\"1199\">\n<li data-start=\"902\" data-end=\"998\">\n<p data-start=\"905\" data-end=\"998\"><strong data-start=\"905\" data-end=\"924\">Die Wand vorbereiten<\/strong> : Reinigen Sie die Oberfl\u00e4che und zeichnen Sie Markierungen f\u00fcr eine perfekte Ausrichtung auf.<\/p>\n<\/li>\n<li data-start=\"999\" data-end=\"1103\">\n<p data-start=\"1002\" data-end=\"1103\"><strong data-start=\"1002\" data-end=\"1023\">Ausschneiden und befestigen<\/strong> : Passen Sie die Platte an die gew\u00fcnschten Ma\u00dfe an und kleben oder klemmen Sie sie dann fest.<\/p>\n<\/li>\n<li data-start=\"1104\" data-end=\"1199\">\n<p data-start=\"1107\" data-end=\"1199\"><strong data-start=\"1107\" data-end=\"1120\">Oberfl\u00e4chen<\/strong> : Ausrichten, leicht andr\u00fccken, um die Haftung zu gew\u00e4hrleisten, und die Oberfl\u00e4che reinigen.<\/p>\n<\/li>\n<\/ol>\n<hr data-start=\"1201\" data-end=\"1204\" \/>\n<h3 data-start=\"1206\" data-end=\"1221\">\u2705 VORTEILE<\/h3>\n<ul data-start=\"1222\" data-end=\"1343\">\n<li data-start=\"1222\" data-end=\"1244\">\n<p data-start=\"1224\" data-end=\"1244\">Leicht und widerstandsf\u00e4hig<\/p>\n<\/li>\n<li data-start=\"1245\" data-end=\"1282\">\n<p data-start=\"1247\" data-end=\"1282\">F\u00fcr feuchte Umgebungen geeignet<\/p>\n<\/li>\n<li data-start=\"1283\" data-end=\"1308\">\n<p data-start=\"1285\" data-end=\"1308\">Einfache und schnelle Verlegung<\/p>\n<\/li>\n<li data-start=\"1309\" data-end=\"1343\">\n<p data-start=\"1311\" data-end=\"1343\">\u00c4sthetisches und nachhaltiges Ergebnis<\/p>\n<\/li>\n<\/ul>","protected":false},"excerpt":{"rendered":"<p>Versch\u00f6nern Sie Ihre W\u00e4nde mit dieser PVC-Platte in gl\u00e4nzendem Wei\u00df mit eleganten goldenen Adern. Sie ist wasserfest, leicht und einfach anzubringen und verleiht Ihrem Badezimmer, Ihrer K\u00fcche oder jedem anderen Nassbereich einen luxuri\u00f6sen und modernen Touch. Die Haltbarkeit betr\u00e4gt garantiert 15 Jahre.<\/p>\n<p>\ud83d\udccd <strong data-start=\"434\" data-end=\"466\">Abholung nur in unserem Showroom<br \/>\n<\/strong><span style=\"letter-spacing: 0.0135em;\">Schwarzwaldstra\u00dfe 7, 77871 Renchen - Deutschland<br \/>\nMontag bis Freitag von 10:00 bis 18:00 Uhr<\/span><\/p>","protected":false},"featured_media":74294,"template":"","meta":[],"product_cat":[784],"product_tag":[],"class_list":{"0":"post-72190","1":"product","2":"type-product","3":"status-publish","4":"has-post-thumbnail","6":"product_cat-2-panneau-pvc","7":"product_shipping_class-retrait-showroom","8":"pa_couleur-blanc","9":"pa_couleur-dore","11":"first","12":"instock","13":"shipping-taxable","14":"purchasable","15":"product-type-simple"},"_links":{"self":[{"href":"https:\/\/www.trivashop.com\/de\/wp-json\/wp\/v2\/product\/72190","targetHints":{"allow":["GET"]}}],"collection":[{"href":"https:\/\/www.trivashop.com\/de\/wp-json\/wp\/v2\/product"}],"about":[{"href":"https:\/\/www.trivashop.com\/de\/wp-json\/wp\/v2\/types\/product"}],"version-history":[{"count":4,"href":"https:\/\/www.trivashop.com\/de\/wp-json\/wp\/v2\/product\/72190\/revisions"}],"predecessor-version":[{"id":73426,"href":"https:\/\/www.trivashop.com\/de\/wp-json\/wp\/v2\/product\/72190\/revisions\/73426"}],"wp:featuredmedia":[{"embeddable":true,"href":"https:\/\/www.trivashop.com\/de\/wp-json\/wp\/v2\/media\/74294"}],"wp:attachment":[{"href":"https:\/\/www.trivashop.com\/de\/wp-json\/wp\/v2\/media?parent=72190"}],"wp:term":[{"taxonomy":"product_cat","embeddable":true,"href":"https:\/\/www.trivashop.com\/de\/wp-json\/wp\/v2\/product_cat?post=72190"},{"taxonomy":"product_tag","embeddable":true,"href":"https:\/\/www.trivashop.com\/de\/wp-json\/wp\/v2\/product_tag?post=72190"}],"curies":[{"name":"wp","href":"https:\/\/api.w.org\/{rel}","templated":true}]}}