{"id":72196,"date":"2025-12-17T13:29:22","date_gmt":"2025-12-17T11:29:22","guid":{"rendered":"https:\/\/www.trivashop.com\/?post_type=product&#038;p=72196"},"modified":"2026-04-10T11:33:10","modified_gmt":"2026-04-10T10:33:10","slug":"pvc-platte-in-weis-grauer-marmoroptik-250-x-120-cm-wasserdicht-15-jahre-garantie","status":"publish","type":"product","link":"https:\/\/www.trivashop.com\/de\/shop\/panneau-pvc-effet-marbre-blanc-gris-250-x-120-cm-etanche-15-ans-garantie\/","title":{"rendered":"PVC-Platte - Marmor-Effekt Wei\u00df\/Grau - 250 x 120 cm - Wasserdicht - 15 Jahre Garantie"},"content":{"rendered":"<h2 data-start=\"175\" data-end=\"211\">\u2728 <strong data-start=\"177\" data-end=\"211\">PVC-PLATTE MIT WEISSEM MARMOREFFEKT<\/strong><\/h2>\n<p data-start=\"213\" data-end=\"481\">Verleihen Sie einen Hauch von <strong data-start=\"233\" data-end=\"267\">modern, nat\u00fcrlich und elegant<\/strong> mit dieser PVC-Platte in Marmoroptik. Ideal f\u00fcr die <strong data-start=\"327\" data-end=\"384\">Badezimmer, K\u00fcche und alle Nassbereiche<\/strong>, Es ist leicht, widerstandsf\u00e4hig und erm\u00f6glicht es Ihnen, Ihr Interieur schnell und ohne gro\u00dfe Umst\u00e4nde zu ver\u00e4ndern.<\/p>\n<p data-start=\"483\" data-end=\"506\">\ud83d\udcd0 <strong data-start=\"486\" data-end=\"506\">EIGENSCHAFTEN<\/strong><\/p>\n<ul data-start=\"507\" data-end=\"666\">\n<li data-start=\"507\" data-end=\"551\">\n<p data-start=\"509\" data-end=\"551\"><strong data-start=\"509\" data-end=\"523\">Abmessungen<\/strong> : 250 cm (L) \u00d7 120 cm (B)<\/p>\n<\/li>\n<li data-start=\"552\" data-end=\"578\">\n<p data-start=\"554\" data-end=\"578\"><strong data-start=\"554\" data-end=\"567\">Dicke<\/strong> : 2,5 cm<\/p>\n<\/li>\n<li data-start=\"579\" data-end=\"601\">\n<p data-start=\"581\" data-end=\"601\"><strong data-start=\"581\" data-end=\"593\">Material<\/strong> : PVC<\/p>\n<\/li>\n<li data-start=\"602\" data-end=\"640\">\n<p data-start=\"604\" data-end=\"640\"><strong data-start=\"604\" data-end=\"618\">Wasserdichtigkeit<\/strong> : 100 % wasserdicht<\/p>\n<\/li>\n<li data-start=\"641\" data-end=\"666\">\n<p data-start=\"643\" data-end=\"666\"><strong data-start=\"643\" data-end=\"655\">Garantie<\/strong> : 15 Jahre<\/p>\n<\/li>\n<\/ul>\n<p data-start=\"668\" data-end=\"693\">\ud83c\udfa8 <strong data-start=\"671\" data-end=\"693\">DESIGN &amp; AUSF\u00dcHRUNGEN<\/strong><\/p>\n<ul data-start=\"694\" data-end=\"834\">\n<li data-start=\"694\" data-end=\"716\">\n<p data-start=\"696\" data-end=\"716\">Wei\u00dfer Marmoreffekt<\/p>\n<\/li>\n<li data-start=\"717\" data-end=\"755\">\n<p data-start=\"719\" data-end=\"755\">Graue und leicht goldene Adern<\/p>\n<\/li>\n<li data-start=\"756\" data-end=\"805\">\n<p data-start=\"758\" data-end=\"805\">Realistische Darstellung, inspiriert von Naturstein<\/p>\n<\/li>\n<li data-start=\"806\" data-end=\"834\">\n<p data-start=\"808\" data-end=\"834\">Moderner und eleganter Stil<\/p>\n<\/li>\n<\/ul>\n<p data-start=\"836\" data-end=\"852\">\ud83e\uddfd <strong data-start=\"839\" data-end=\"852\">WARTUNG<\/strong><\/p>\n<ul data-start=\"853\" data-end=\"909\">\n<li data-start=\"853\" data-end=\"873\">\n<p data-start=\"855\" data-end=\"873\">Einfache Reinigung<\/p>\n<\/li>\n<li data-start=\"874\" data-end=\"909\">\n<p data-start=\"876\" data-end=\"909\">Ein einfaches feuchtes Tuch reicht aus.<\/p>\n<\/li>\n<\/ul>\n<h2 data-start=\"911\" data-end=\"941\">\ud83d\udd27 <strong data-start=\"914\" data-end=\"941\">SCHNELLE INSTALLATION IN 3 SCHRITTEN<\/strong><\/h2>\n<ul data-start=\"942\" data-end=\"1250\">\n<li data-start=\"942\" data-end=\"1036\">\n<p data-start=\"944\" data-end=\"1036\"><strong data-start=\"944\" data-end=\"963\">Die Wand vorbereiten<\/strong> : Reinigen Sie die Oberfl\u00e4che und bringen Sie Markierungen f\u00fcr eine pr\u00e4zise Ausrichtung an.<\/p>\n<\/li>\n<li data-start=\"1037\" data-end=\"1140\">\n<p data-start=\"1039\" data-end=\"1140\"><strong data-start=\"1039\" data-end=\"1060\">Ausschneiden und befestigen<\/strong> : Passen Sie die Platte an die gew\u00fcnschten Ma\u00dfe an und kleben oder klemmen Sie sie dann fest.<\/p>\n<\/li>\n<li data-start=\"1141\" data-end=\"1250\">\n<p data-start=\"1143\" data-end=\"1250\"><strong data-start=\"1143\" data-end=\"1156\">Oberfl\u00e4chen<\/strong> : Richten Sie die Platten aus, dr\u00fccken Sie sie leicht an, damit sie gut haften, und reinigen Sie die Oberfl\u00e4che.<\/p>\n<\/li>\n<\/ul>\n<h2 data-start=\"1252\" data-end=\"1267\">\u2705 <strong data-start=\"1254\" data-end=\"1267\">VORTEILE<\/strong><\/h2>\n<ul data-start=\"1268\" data-end=\"1403\">\n<li data-start=\"1268\" data-end=\"1290\">\n<p data-start=\"1270\" data-end=\"1290\">Leicht und widerstandsf\u00e4hig<\/p>\n<\/li>\n<li data-start=\"1291\" data-end=\"1334\">\n<p data-start=\"1293\" data-end=\"1334\">Perfekt f\u00fcr feuchte Umgebungen<\/p>\n<\/li>\n<li data-start=\"1335\" data-end=\"1368\">\n<p data-start=\"1337\" data-end=\"1368\">Einfache und schnelle Installation<\/p>\n<\/li>\n<li data-start=\"1369\" data-end=\"1403\">\n<p data-start=\"1371\" data-end=\"1403\">\u00c4sthetisches und nachhaltiges Ergebnis<\/p>\n<\/li>\n<\/ul>","protected":false},"excerpt":{"rendered":"<p>Verleihen Sie einen Hauch von <strong data-start=\"227\" data-end=\"251\">modern und nat\u00fcrlich<\/strong> Veredeln Sie Ihre W\u00e4nde mit dieser PVC-Platte in wei\u00dfer Marmoroptik mit grauen und dezenten goldenen Adern. Leicht, widerstandsf\u00e4hig und <strong data-start=\"363\" data-end=\"384\">100 % wasserdicht<\/strong>, ist es ideal f\u00fcr Badezimmer, K\u00fcchen und alle Feuchtr\u00e4ume.<\/p>\n<p>\ud83d\udccd <strong data-start=\"434\" data-end=\"466\">Abholung nur in unserem Showroom<br \/>\n<\/strong><span style=\"letter-spacing: 0.0135em;\">Schwarzwaldstra\u00dfe 7, 77871 Renchen - Deutschland<br \/>\nMontag bis Freitag von 10:00 bis 18:00 Uhr<\/span><\/p>","protected":false},"featured_media":74297,"template":"","meta":[],"product_cat":[784],"product_tag":[],"class_list":{"0":"post-72196","1":"product","2":"type-product","3":"status-publish","4":"has-post-thumbnail","6":"product_cat-2-panneau-pvc","7":"product_shipping_class-retrait-showroom","8":"pa_couleur-blanc","9":"pa_couleur-gris","11":"first","12":"outofstock","13":"shipping-taxable","14":"purchasable","15":"product-type-simple"},"_links":{"self":[{"href":"https:\/\/www.trivashop.com\/de\/wp-json\/wp\/v2\/product\/72196","targetHints":{"allow":["GET"]}}],"collection":[{"href":"https:\/\/www.trivashop.com\/de\/wp-json\/wp\/v2\/product"}],"about":[{"href":"https:\/\/www.trivashop.com\/de\/wp-json\/wp\/v2\/types\/product"}],"version-history":[{"count":3,"href":"https:\/\/www.trivashop.com\/de\/wp-json\/wp\/v2\/product\/72196\/revisions"}],"predecessor-version":[{"id":73425,"href":"https:\/\/www.trivashop.com\/de\/wp-json\/wp\/v2\/product\/72196\/revisions\/73425"}],"wp:featuredmedia":[{"embeddable":true,"href":"https:\/\/www.trivashop.com\/de\/wp-json\/wp\/v2\/media\/74297"}],"wp:attachment":[{"href":"https:\/\/www.trivashop.com\/de\/wp-json\/wp\/v2\/media?parent=72196"}],"wp:term":[{"taxonomy":"product_cat","embeddable":true,"href":"https:\/\/www.trivashop.com\/de\/wp-json\/wp\/v2\/product_cat?post=72196"},{"taxonomy":"product_tag","embeddable":true,"href":"https:\/\/www.trivashop.com\/de\/wp-json\/wp\/v2\/product_tag?post=72196"}],"curies":[{"name":"wp","href":"https:\/\/api.w.org\/{rel}","templated":true}]}}