{"id":72205,"date":"2025-12-17T13:34:49","date_gmt":"2025-12-17T11:34:49","guid":{"rendered":"https:\/\/www.trivashop.com\/?post_type=product&#038;p=72205"},"modified":"2026-04-10T11:33:24","modified_gmt":"2026-04-10T10:33:24","slug":"pvc-platte-mit-goldmarmoreffekt-250-x-120-cm-wasserdicht-15-jahre-garantie","status":"publish","type":"product","link":"https:\/\/www.trivashop.com\/de\/shop\/panneau-pvc-effet-marbre-dore-250-x-120-cm-etanche-garantie-15-ans\/","title":{"rendered":"PVC-Platte - Goldener Marmoreffekt - 250 x 120 cm - Wasserdicht - 15 Jahre Garantie"},"content":{"rendered":"<h2 data-start=\"261\" data-end=\"296\">\u2728 PVC-PLATTE MIT WEISSEM MARMOREFFEKT<\/h2>\n<p data-start=\"298\" data-end=\"556\">Verleihen Sie einen Hauch von <strong data-start=\"318\" data-end=\"342\">modern und nat\u00fcrlich<\/strong> mit dieser PVC-Platte in Marmoroptik. Ideal f\u00fcr die <strong data-start=\"402\" data-end=\"459\">Badezimmer, K\u00fcche und alle Nassbereiche<\/strong>, Es ist leicht, widerstandsf\u00e4hig und erm\u00f6glicht es Ihnen, Ihr Interieur schnell und ohne gro\u00dfe Umst\u00e4nde zu ver\u00e4ndern.<\/p>\n<hr data-start=\"558\" data-end=\"561\" \/>\n<h2 data-start=\"563\" data-end=\"585\">\ud83d\udcd0 EIGENSCHAFTEN<\/h2>\n<ul data-start=\"586\" data-end=\"745\">\n<li data-start=\"586\" data-end=\"630\">\n<p data-start=\"588\" data-end=\"630\"><strong data-start=\"588\" data-end=\"602\">Abmessungen<\/strong> : 250 cm (L) \u00d7 120 cm (B)<\/p>\n<\/li>\n<li data-start=\"631\" data-end=\"657\">\n<p data-start=\"633\" data-end=\"657\"><strong data-start=\"633\" data-end=\"646\">Dicke<\/strong> : 2,5 cm<\/p>\n<\/li>\n<li data-start=\"658\" data-end=\"680\">\n<p data-start=\"660\" data-end=\"680\"><strong data-start=\"660\" data-end=\"672\">Material<\/strong> : PVC<\/p>\n<\/li>\n<li data-start=\"681\" data-end=\"719\">\n<p data-start=\"683\" data-end=\"719\"><strong data-start=\"683\" data-end=\"697\">Wasserdichtigkeit<\/strong> : 100 % wasserdicht<\/p>\n<\/li>\n<li data-start=\"720\" data-end=\"745\">\n<p data-start=\"722\" data-end=\"745\"><strong data-start=\"722\" data-end=\"734\">Garantie<\/strong> : 15 Jahre<\/p>\n<\/li>\n<\/ul>\n<hr data-start=\"747\" data-end=\"750\" \/>\n<h2 data-start=\"752\" data-end=\"776\">\ud83c\udfa8 DESIGN &amp; VERARBEITUNG<\/h2>\n<ul data-start=\"777\" data-end=\"914\">\n<li data-start=\"777\" data-end=\"799\">\n<p data-start=\"779\" data-end=\"799\">Wei\u00dfer Marmoreffekt<\/p>\n<\/li>\n<li data-start=\"800\" data-end=\"831\">\n<p data-start=\"802\" data-end=\"831\">Goldene und gelbbraune Adern<\/p>\n<\/li>\n<li data-start=\"832\" data-end=\"881\">\n<p data-start=\"834\" data-end=\"881\">Realistische Darstellung, inspiriert von Naturstein<\/p>\n<\/li>\n<li data-start=\"882\" data-end=\"914\">\n<p data-start=\"884\" data-end=\"914\">Elegantes und warmes Erscheinungsbild<\/p>\n<\/li>\n<\/ul>\n<hr data-start=\"916\" data-end=\"919\" \/>\n<h2 data-start=\"921\" data-end=\"936\">\ud83e\uddfd WARTUNG<\/h2>\n<ul data-start=\"937\" data-end=\"993\">\n<li data-start=\"937\" data-end=\"957\">\n<p data-start=\"939\" data-end=\"957\">Einfache Reinigung<\/p>\n<\/li>\n<li data-start=\"958\" data-end=\"993\">\n<p data-start=\"960\" data-end=\"993\">Ein einfaches feuchtes Tuch reicht aus.<\/p>\n<\/li>\n<\/ul>\n<hr data-start=\"995\" data-end=\"998\" \/>\n<h2 data-start=\"1000\" data-end=\"1029\">\ud83d\udd27 SCHNELLE INSTALLATION IN 3 SCHRITTEN<\/h2>\n<ul data-start=\"1030\" data-end=\"1338\">\n<li data-start=\"1030\" data-end=\"1124\">\n<p data-start=\"1032\" data-end=\"1124\"><strong data-start=\"1032\" data-end=\"1051\">Die Wand vorbereiten<\/strong> : Reinigen Sie die Oberfl\u00e4che und bringen Sie Markierungen f\u00fcr eine pr\u00e4zise Ausrichtung an.<\/p>\n<\/li>\n<li data-start=\"1125\" data-end=\"1228\">\n<p data-start=\"1127\" data-end=\"1228\"><strong data-start=\"1127\" data-end=\"1148\">Ausschneiden und befestigen<\/strong> : Passen Sie die Platte an die gew\u00fcnschten Ma\u00dfe an und kleben oder klemmen Sie sie dann fest.<\/p>\n<\/li>\n<li data-start=\"1229\" data-end=\"1338\">\n<p data-start=\"1231\" data-end=\"1338\"><strong data-start=\"1231\" data-end=\"1244\">Oberfl\u00e4chen<\/strong> : Richten Sie die Platten aus, dr\u00fccken Sie sie leicht an, damit sie gut haften, und reinigen Sie die Oberfl\u00e4che.<\/p>\n<\/li>\n<\/ul>\n<hr data-start=\"1340\" data-end=\"1343\" \/>\n<h2 data-start=\"1345\" data-end=\"1359\">\u2705 VORTEILE<\/h2>\n<ul data-start=\"1360\" data-end=\"1481\">\n<li data-start=\"1360\" data-end=\"1382\">\n<p data-start=\"1362\" data-end=\"1382\">Leicht und widerstandsf\u00e4hig<\/p>\n<\/li>\n<li data-start=\"1383\" data-end=\"1420\">\n<p data-start=\"1385\" data-end=\"1420\">F\u00fcr feuchte Umgebungen geeignet<\/p>\n<\/li>\n<li data-start=\"1421\" data-end=\"1446\">\n<p data-start=\"1423\" data-end=\"1446\">Einfache und schnelle Verlegung<\/p>\n<\/li>\n<li data-start=\"1447\" data-end=\"1481\">\n<p data-start=\"1449\" data-end=\"1481\">\u00c4sthetisches und nachhaltiges Ergebnis<\/p>\n<\/li>\n<\/ul>","protected":false},"excerpt":{"rendered":"<p>Verleihen Sie einen Hauch von <strong data-start=\"70\" data-end=\"94\">modern und nat\u00fcrlich<\/strong> Verleihen Sie Ihren W\u00e4nden mit dieser PVC-Platte in wei\u00dfer Marmoroptik mit goldenen und gelbbraunen Adern einen edlen Look. Leicht, widerstandsf\u00e4hig und <strong data-start=\"198\" data-end=\"219\">100 % wasserdicht<\/strong>, ist es ideal f\u00fcr Badezimmer, K\u00fcchen und alle Feuchtr\u00e4ume.<\/p>\n<p>\ud83d\udccd <strong data-start=\"434\" data-end=\"466\">Abholung nur in unserem Showroom<br \/>\n<\/strong><span style=\"letter-spacing: 0.0135em;\">Schwarzwaldstra\u00dfe 7, 77871 Renchen - Deutschland<br \/>\nMontag bis Freitag von 10:00 bis 18:00 Uhr<\/span><\/p>","protected":false},"featured_media":74299,"template":"","meta":[],"product_cat":[784],"product_tag":[],"class_list":{"0":"post-72205","1":"product","2":"type-product","3":"status-publish","4":"has-post-thumbnail","6":"product_cat-2-panneau-pvc","7":"product_shipping_class-retrait-showroom","8":"pa_couleur-dore","10":"first","11":"outofstock","12":"shipping-taxable","13":"purchasable","14":"product-type-simple"},"_links":{"self":[{"href":"https:\/\/www.trivashop.com\/de\/wp-json\/wp\/v2\/product\/72205","targetHints":{"allow":["GET"]}}],"collection":[{"href":"https:\/\/www.trivashop.com\/de\/wp-json\/wp\/v2\/product"}],"about":[{"href":"https:\/\/www.trivashop.com\/de\/wp-json\/wp\/v2\/types\/product"}],"version-history":[{"count":6,"href":"https:\/\/www.trivashop.com\/de\/wp-json\/wp\/v2\/product\/72205\/revisions"}],"predecessor-version":[{"id":74295,"href":"https:\/\/www.trivashop.com\/de\/wp-json\/wp\/v2\/product\/72205\/revisions\/74295"}],"wp:featuredmedia":[{"embeddable":true,"href":"https:\/\/www.trivashop.com\/de\/wp-json\/wp\/v2\/media\/74299"}],"wp:attachment":[{"href":"https:\/\/www.trivashop.com\/de\/wp-json\/wp\/v2\/media?parent=72205"}],"wp:term":[{"taxonomy":"product_cat","embeddable":true,"href":"https:\/\/www.trivashop.com\/de\/wp-json\/wp\/v2\/product_cat?post=72205"},{"taxonomy":"product_tag","embeddable":true,"href":"https:\/\/www.trivashop.com\/de\/wp-json\/wp\/v2\/product_tag?post=72205"}],"curies":[{"name":"wp","href":"https:\/\/api.w.org\/{rel}","templated":true}]}}