{"id":72210,"date":"2025-12-17T13:40:20","date_gmt":"2025-12-17T11:40:20","guid":{"rendered":"https:\/\/www.trivashop.com\/?post_type=product&#038;p=72210"},"modified":"2026-04-10T11:34:56","modified_gmt":"2026-04-10T10:34:56","slug":"pvc-platte-in-marmoroptik-feinsteinzeug-250-x-120-cm-wasserdicht-15-jahre-garantie","status":"publish","type":"product","link":"https:\/\/www.trivashop.com\/de\/shop\/panneau-pvc-effet-marbre-gres-cerame-250-x-120-cm-etanche-15-ans-garantie\/","title":{"rendered":"PVC-Platte - Marmor-Effekt Feinsteinzeug - 250 x 120 cm - Wasserdicht - 15 Jahre Garantie"},"content":{"rendered":"<h2 data-start=\"545\" data-end=\"580\">\u2728 PVC-PLATTE MIT WEISSEM MARMOREFFEKT<\/h2>\n<p data-start=\"582\" data-end=\"832\">Verleihen Sie Ihren W\u00e4nden mit dieser PVC-Platte in Marmoroptik einen modernen und nat\u00fcrlichen Touch. Sie eignet sich ideal f\u00fcr Badezimmer, K\u00fcchen und alle Feuchtr\u00e4ume, ist leicht, widerstandsf\u00e4hig und erm\u00f6glicht es Ihnen, Ihr Interieur schnell und ohne gro\u00dfe Umbauarbeiten zu verwandeln.<\/p>\n<h3 data-start=\"834\" data-end=\"857\">\ud83d\udcd0 EIGENSCHAFTEN<\/h3>\n<ul data-start=\"858\" data-end=\"1017\">\n<li data-start=\"858\" data-end=\"902\">\n<p data-start=\"860\" data-end=\"902\"><strong data-start=\"860\" data-end=\"874\">Abmessungen<\/strong> : 250 cm (L) \u00d7 120 cm (B)<\/p>\n<\/li>\n<li data-start=\"903\" data-end=\"929\">\n<p data-start=\"905\" data-end=\"929\"><strong data-start=\"905\" data-end=\"918\">Dicke<\/strong> : 2,5 cm<\/p>\n<\/li>\n<li data-start=\"930\" data-end=\"952\">\n<p data-start=\"932\" data-end=\"952\"><strong data-start=\"932\" data-end=\"944\">Material<\/strong> : PVC<\/p>\n<\/li>\n<li data-start=\"953\" data-end=\"991\">\n<p data-start=\"955\" data-end=\"991\"><strong data-start=\"955\" data-end=\"969\">Wasserdichtigkeit<\/strong> : 100 % wasserdicht<\/p>\n<\/li>\n<li data-start=\"992\" data-end=\"1017\">\n<p data-start=\"994\" data-end=\"1017\"><strong data-start=\"994\" data-end=\"1006\">Garantie<\/strong> : 15 Jahre<\/p>\n<\/li>\n<\/ul>\n<h3 data-start=\"1019\" data-end=\"1044\">\ud83c\udfa8 DESIGN &amp; VERARBEITUNG<\/h3>\n<ul data-start=\"1045\" data-end=\"1182\">\n<li data-start=\"1045\" data-end=\"1067\">\n<p data-start=\"1047\" data-end=\"1067\">Wei\u00dfer Marmoreffekt<\/p>\n<\/li>\n<li data-start=\"1068\" data-end=\"1099\">\n<p data-start=\"1070\" data-end=\"1099\">Goldene und gelbbraune Adern<\/p>\n<\/li>\n<li data-start=\"1100\" data-end=\"1149\">\n<p data-start=\"1102\" data-end=\"1149\">Realistische Darstellung, inspiriert von Naturstein<\/p>\n<\/li>\n<li data-start=\"1150\" data-end=\"1182\">\n<p data-start=\"1152\" data-end=\"1182\">Elegantes und warmes Erscheinungsbild<\/p>\n<\/li>\n<\/ul>\n<h3 data-start=\"1184\" data-end=\"1200\">\ud83e\uddfd WARTUNG<\/h3>\n<ul data-start=\"1201\" data-end=\"1257\">\n<li data-start=\"1201\" data-end=\"1221\">\n<p data-start=\"1203\" data-end=\"1221\">Einfache Reinigung<\/p>\n<\/li>\n<li data-start=\"1222\" data-end=\"1257\">\n<p data-start=\"1224\" data-end=\"1257\">Ein einfaches feuchtes Tuch reicht aus.<\/p>\n<\/li>\n<\/ul>\n<h3 data-start=\"1259\" data-end=\"1289\">\ud83d\udd27 SCHNELLE INSTALLATION IN 3 SCHRITTEN<\/h3>\n<ul data-start=\"1290\" data-end=\"1598\">\n<li data-start=\"1290\" data-end=\"1384\">\n<p data-start=\"1292\" data-end=\"1384\"><strong data-start=\"1292\" data-end=\"1311\">Die Wand vorbereiten<\/strong> : Reinigen Sie die Oberfl\u00e4che und bringen Sie Markierungen f\u00fcr eine pr\u00e4zise Ausrichtung an.<\/p>\n<\/li>\n<li data-start=\"1385\" data-end=\"1488\">\n<p data-start=\"1387\" data-end=\"1488\"><strong data-start=\"1387\" data-end=\"1408\">Ausschneiden und befestigen<\/strong> : Passen Sie die Platte an die gew\u00fcnschten Ma\u00dfe an und kleben oder klemmen Sie sie dann fest.<\/p>\n<\/li>\n<li data-start=\"1489\" data-end=\"1598\">\n<p data-start=\"1491\" data-end=\"1598\"><strong data-start=\"1491\" data-end=\"1504\">Oberfl\u00e4chen<\/strong> : Richten Sie die Platten aus, dr\u00fccken Sie sie leicht an, damit sie gut haften, und reinigen Sie die Oberfl\u00e4che.<\/p>\n<\/li>\n<\/ul>\n<h3 data-start=\"1600\" data-end=\"1615\">\u2705 VORTEILE<\/h3>\n<ul data-start=\"1616\" data-end=\"1737\">\n<li data-start=\"1616\" data-end=\"1638\">\n<p data-start=\"1618\" data-end=\"1638\">Leicht und widerstandsf\u00e4hig<\/p>\n<\/li>\n<li data-start=\"1639\" data-end=\"1676\">\n<p data-start=\"1641\" data-end=\"1676\">F\u00fcr feuchte Umgebungen geeignet<\/p>\n<\/li>\n<li data-start=\"1677\" data-end=\"1702\">\n<p data-start=\"1679\" data-end=\"1702\">Einfache und schnelle Verlegung<\/p>\n<\/li>\n<li data-start=\"1703\" data-end=\"1737\">\n<p data-start=\"1705\" data-end=\"1737\">\u00c4sthetisches und nachhaltiges Ergebnis<\/p>\n<\/li>\n<\/ul>","protected":false},"excerpt":{"rendered":"<p>Verleihen Sie einen Hauch von <strong data-start=\"274\" data-end=\"298\">modern und nat\u00fcrlich<\/strong> Verleihen Sie Ihren W\u00e4nden mit dieser PVC-Platte in wei\u00dfer Marmoroptik mit goldenen und gelbbraunen Adern einen edlen Look. Leicht, widerstandsf\u00e4hig und <strong data-start=\"402\" data-end=\"423\">100 % wasserdicht<\/strong>, ist es ideal f\u00fcr Badezimmer, K\u00fcchen und alle Feuchtr\u00e4ume.<\/p>\n<p>\ud83d\udccd <strong data-start=\"434\" data-end=\"466\">Abholung nur in unserem Showroom<br \/>\n<\/strong><span style=\"letter-spacing: 0.0135em;\">Schwarzwaldstra\u00dfe 7, 77871 Renchen - Deutschland<br \/>\nMontag bis Freitag von 10:00 bis 18:00 Uhr<\/span><\/p>","protected":false},"featured_media":74301,"template":"","meta":[],"product_cat":[784],"product_tag":[],"class_list":{"0":"post-72210","1":"product","2":"type-product","3":"status-publish","4":"has-post-thumbnail","6":"product_cat-2-panneau-pvc","7":"product_shipping_class-retrait-showroom","8":"pa_couleur-gris","10":"first","11":"instock","12":"shipping-taxable","13":"purchasable","14":"product-type-simple"},"_links":{"self":[{"href":"https:\/\/www.trivashop.com\/de\/wp-json\/wp\/v2\/product\/72210","targetHints":{"allow":["GET"]}}],"collection":[{"href":"https:\/\/www.trivashop.com\/de\/wp-json\/wp\/v2\/product"}],"about":[{"href":"https:\/\/www.trivashop.com\/de\/wp-json\/wp\/v2\/types\/product"}],"version-history":[{"count":4,"href":"https:\/\/www.trivashop.com\/de\/wp-json\/wp\/v2\/product\/72210\/revisions"}],"predecessor-version":[{"id":73423,"href":"https:\/\/www.trivashop.com\/de\/wp-json\/wp\/v2\/product\/72210\/revisions\/73423"}],"wp:featuredmedia":[{"embeddable":true,"href":"https:\/\/www.trivashop.com\/de\/wp-json\/wp\/v2\/media\/74301"}],"wp:attachment":[{"href":"https:\/\/www.trivashop.com\/de\/wp-json\/wp\/v2\/media?parent=72210"}],"wp:term":[{"taxonomy":"product_cat","embeddable":true,"href":"https:\/\/www.trivashop.com\/de\/wp-json\/wp\/v2\/product_cat?post=72210"},{"taxonomy":"product_tag","embeddable":true,"href":"https:\/\/www.trivashop.com\/de\/wp-json\/wp\/v2\/product_tag?post=72210"}],"curies":[{"name":"wp","href":"https:\/\/api.w.org\/{rel}","templated":true}]}}