{"id":72225,"date":"2025-12-17T14:02:58","date_gmt":"2025-12-17T12:02:58","guid":{"rendered":"https:\/\/www.trivashop.com\/?post_type=product&#038;p=72225"},"modified":"2026-03-26T17:00:49","modified_gmt":"2026-03-26T16:00:49","slug":"pvc-paneel-marmoreffekt-schwarz-vergoldet-250-x-120-cm-wasserdicht-15-jahre-garantie","status":"publish","type":"product","link":"https:\/\/www.trivashop.com\/de\/shop\/panneau-pvc-effet-marbre-noir-dore-250-x-120-cm-etanche-garantie-15-ans\/","title":{"rendered":"PVC-Platte - Marmor-Effekt Schwarz\/Gold - 250 x 120 cm - Wasserdicht - 15 Jahre Garantie"},"content":{"rendered":"<h2 data-start=\"474\" data-end=\"508\">\u2728 PVC-PLATTE MIT SCHWARZER MARMOROPTIK<\/h2>\n<p data-start=\"510\" data-end=\"757\">Verleihen Sie Ihren W\u00e4nden mit dieser PVC-Platte in schwarzer Marmoroptik einen modernen und raffinierten Stil. Sie eignet sich perfekt f\u00fcr Badezimmer, K\u00fcchen oder andere Feuchtr\u00e4ume, ist leicht, widerstandsf\u00e4hig und erm\u00f6glicht es Ihnen, Ihr Interieur schnell und ohne gro\u00dfe Umbauarbeiten zu verwandeln.<\/p>\n<h3 data-start=\"759\" data-end=\"782\">\ud83d\udcd0 EIGENSCHAFTEN<\/h3>\n<ul data-start=\"783\" data-end=\"942\">\n<li data-start=\"783\" data-end=\"827\">\n<p data-start=\"785\" data-end=\"827\"><strong data-start=\"785\" data-end=\"799\">Abmessungen<\/strong> : 250 cm (L) \u00d7 120 cm (B)<\/p>\n<\/li>\n<li data-start=\"828\" data-end=\"854\">\n<p data-start=\"830\" data-end=\"854\"><strong data-start=\"830\" data-end=\"843\">Dicke<\/strong> : 2,5 cm<\/p>\n<\/li>\n<li data-start=\"855\" data-end=\"877\">\n<p data-start=\"857\" data-end=\"877\"><strong data-start=\"857\" data-end=\"869\">Material<\/strong> : PVC<\/p>\n<\/li>\n<li data-start=\"878\" data-end=\"916\">\n<p data-start=\"880\" data-end=\"916\"><strong data-start=\"880\" data-end=\"894\">Wasserdichtigkeit<\/strong> : 100 % wasserdicht<\/p>\n<\/li>\n<li data-start=\"917\" data-end=\"942\">\n<p data-start=\"919\" data-end=\"942\"><strong data-start=\"919\" data-end=\"931\">Garantie<\/strong> : 15 Jahre<\/p>\n<\/li>\n<\/ul>\n<h3 data-start=\"944\" data-end=\"969\">\ud83c\udfa8 DESIGN &amp; VERARBEITUNG<\/h3>\n<ul data-start=\"970\" data-end=\"1131\">\n<li data-start=\"970\" data-end=\"1013\">\n<p data-start=\"972\" data-end=\"1013\">Tiefschwarzer, kristallklarer Marmoreffekt<\/p>\n<\/li>\n<li data-start=\"1014\" data-end=\"1046\">\n<p data-start=\"1016\" data-end=\"1046\">Spektakul\u00e4re goldene Adern<\/p>\n<\/li>\n<li data-start=\"1047\" data-end=\"1096\">\n<p data-start=\"1049\" data-end=\"1096\">Realistische Darstellung, inspiriert von Naturstein<\/p>\n<\/li>\n<li data-start=\"1097\" data-end=\"1131\">\n<p data-start=\"1099\" data-end=\"1131\">Luxuri\u00f6ses und zeitgem\u00e4\u00dfes Erscheinungsbild<\/p>\n<\/li>\n<\/ul>\n<h3 data-start=\"1133\" data-end=\"1149\">\ud83e\uddfd WARTUNG<\/h3>\n<ul data-start=\"1150\" data-end=\"1206\">\n<li data-start=\"1150\" data-end=\"1170\">\n<p data-start=\"1152\" data-end=\"1170\">Einfache Reinigung<\/p>\n<\/li>\n<li data-start=\"1171\" data-end=\"1206\">\n<p data-start=\"1173\" data-end=\"1206\">Ein einfaches feuchtes Tuch reicht aus.<\/p>\n<\/li>\n<\/ul>\n<h3 data-start=\"1208\" data-end=\"1238\">\ud83d\udd27 SCHNELLE INSTALLATION IN 3 SCHRITTEN<\/h3>\n<ul data-start=\"1239\" data-end=\"1547\">\n<li data-start=\"1239\" data-end=\"1333\">\n<p data-start=\"1241\" data-end=\"1333\"><strong data-start=\"1241\" data-end=\"1260\">Die Wand vorbereiten<\/strong> : Reinigen Sie die Oberfl\u00e4che und bringen Sie Markierungen f\u00fcr eine pr\u00e4zise Ausrichtung an.<\/p>\n<\/li>\n<li data-start=\"1334\" data-end=\"1437\">\n<p data-start=\"1336\" data-end=\"1437\"><strong data-start=\"1336\" data-end=\"1357\">Ausschneiden und befestigen<\/strong> : Passen Sie die Platte an die gew\u00fcnschten Ma\u00dfe an und kleben oder klemmen Sie sie dann fest.<\/p>\n<\/li>\n<li data-start=\"1438\" data-end=\"1547\">\n<p data-start=\"1440\" data-end=\"1547\"><strong data-start=\"1440\" data-end=\"1453\">Oberfl\u00e4chen<\/strong> : Richten Sie die Platten aus, dr\u00fccken Sie sie leicht an, damit sie gut haften, und reinigen Sie die Oberfl\u00e4che.<\/p>\n<\/li>\n<\/ul>\n<h3 data-start=\"1549\" data-end=\"1564\">\u2705 VORTEILE<\/h3>\n<ul data-start=\"1565\" data-end=\"1686\">\n<li data-start=\"1565\" data-end=\"1587\">\n<p data-start=\"1567\" data-end=\"1587\">Leicht und widerstandsf\u00e4hig<\/p>\n<\/li>\n<li data-start=\"1588\" data-end=\"1625\">\n<p data-start=\"1590\" data-end=\"1625\">F\u00fcr feuchte Umgebungen geeignet<\/p>\n<\/li>\n<li data-start=\"1626\" data-end=\"1651\">\n<p data-start=\"1628\" data-end=\"1651\">Einfache und schnelle Verlegung<\/p>\n<\/li>\n<li data-start=\"1652\" data-end=\"1686\">\n<p data-start=\"1654\" data-end=\"1686\">\u00c4sthetisches und nachhaltiges Ergebnis<\/p>\n<\/li>\n<\/ul>","protected":false},"excerpt":{"rendered":"<p>Verleihen Sie einen Hauch von <strong data-start=\"181\" data-end=\"207\">luxuri\u00f6s und gewagt<\/strong> Verleihen Sie Ihren W\u00e4nden mit dieser PVC-Platte in tiefschwarzem Marmoroptik, die durch spektakul\u00e4re goldene Adern veredelt wird, einen edlen Look. Leicht, widerstandsf\u00e4hig und <strong data-start=\"331\" data-end=\"352\">100 % wasserdicht<\/strong>, ist es ideal f\u00fcr Badezimmer, K\u00fcchen und alle Feuchtr\u00e4ume.<\/p>\n<p>\ud83d\udccd <strong data-start=\"434\" data-end=\"466\">Abholung nur in unserem Showroom<br \/>\n<\/strong><span style=\"letter-spacing: 0.0135em;\">Schwarzwaldstra\u00dfe 7, 77871 Renchen - Deutschland<br \/>\nMontag bis Freitag von 10:00 bis 18:00 Uhr<\/span><\/p>","protected":false},"featured_media":74309,"template":"","meta":[],"product_cat":[784],"product_tag":[],"class_list":{"0":"post-72225","1":"product","2":"type-product","3":"status-publish","4":"has-post-thumbnail","6":"product_cat-2-panneau-pvc","7":"product_shipping_class-retrait-showroom","8":"pa_couleur-dore","9":"pa_couleur-noir","11":"first","12":"instock","13":"shipping-taxable","14":"purchasable","15":"product-type-simple"},"_links":{"self":[{"href":"https:\/\/www.trivashop.com\/de\/wp-json\/wp\/v2\/product\/72225","targetHints":{"allow":["GET"]}}],"collection":[{"href":"https:\/\/www.trivashop.com\/de\/wp-json\/wp\/v2\/product"}],"about":[{"href":"https:\/\/www.trivashop.com\/de\/wp-json\/wp\/v2\/types\/product"}],"version-history":[{"count":6,"href":"https:\/\/www.trivashop.com\/de\/wp-json\/wp\/v2\/product\/72225\/revisions"}],"predecessor-version":[{"id":73420,"href":"https:\/\/www.trivashop.com\/de\/wp-json\/wp\/v2\/product\/72225\/revisions\/73420"}],"wp:featuredmedia":[{"embeddable":true,"href":"https:\/\/www.trivashop.com\/de\/wp-json\/wp\/v2\/media\/74309"}],"wp:attachment":[{"href":"https:\/\/www.trivashop.com\/de\/wp-json\/wp\/v2\/media?parent=72225"}],"wp:term":[{"taxonomy":"product_cat","embeddable":true,"href":"https:\/\/www.trivashop.com\/de\/wp-json\/wp\/v2\/product_cat?post=72225"},{"taxonomy":"product_tag","embeddable":true,"href":"https:\/\/www.trivashop.com\/de\/wp-json\/wp\/v2\/product_tag?post=72225"}],"curies":[{"name":"wp","href":"https:\/\/api.w.org\/{rel}","templated":true}]}}