{"id":72424,"date":"2026-01-13T17:03:25","date_gmt":"2026-01-13T15:03:25","guid":{"rendered":"https:\/\/www.trivashop.com\/?post_type=product&#038;p=72424"},"modified":"2026-02-26T10:33:05","modified_gmt":"2026-02-26T09:33:05","slug":"akustikpaneele-leder-weis-filz-schwarz-21mm-2er-set","status":"publish","type":"product","link":"https:\/\/www.trivashop.com\/de\/shop\/panneaux-acoustiques-cuir-blanc-feutrine-noire-21mm-lot-de-2\/","title":{"rendered":"Dekorative Akustikpaneele aus wei\u00dfem Leder - Schwarzer Filz - Dicke 21 mm - Satz von 2"},"content":{"rendered":"<h3>Akustikplatten - Leistung, Design und \u00f6kologische Verantwortung<\/h3>\n<p>Unsere flexiblen Akustikplatten vereinen hohe akustische Leistungen, zeitgen\u00f6ssische \u00c4sthetik und Engagement f\u00fcr die Umwelt. Sie bieten eine effiziente L\u00f6sung zur Verbesserung des Ger\u00e4uschkomforts in Ihren R\u00e4umen und sorgen gleichzeitig f\u00fcr ein elegantes und gepflegtes Finish.<\/p>\n<p>Sie sind so konzipiert, dass sie sich an alle Arten von Umgebungen anpassen und sowohl die Anforderungen von Privatpersonen als auch von Unternehmen erf\u00fcllen.<\/p>\n<hr \/>\n<h3>Technische Daten<\/h3>\n<ul>\n<li><strong>Abmessungen:<\/strong> 240 \u00d7 60 cm<\/li>\n<li><strong>Dicke:<\/strong> 2,1 cm<\/li>\n<li><strong>Bedeckte Fl\u00e4che :<\/strong> 1,44 m\u00b2 pro Platte<\/li>\n<li><strong>Gewicht:<\/strong> 12 kg<\/li>\n<li><strong>Materialien:<\/strong> recycelter akustischer Filz und furnierte MDF-Latten<\/li>\n<li><strong>Fixierung :<\/strong> Silikonkleber oder Schrauben<\/li>\n<li><strong>Verwendung:<\/strong> akustische Isolierung und Behandlung<\/li>\n<li><strong>Kompatibilit\u00e4t :<\/strong> Wohnr\u00e4ume, B\u00fcros und Gesch\u00e4ftsr\u00e4ume<\/li>\n<\/ul>\n<hr \/>\n<h3>Nachhaltige und verantwortungsvolle Materialien<\/h3>\n<p>Unsere Paneele werden aus Materialien hergestellt, die aufgrund ihrer akustischen Qualit\u00e4t, ihrer Haltbarkeit und ihrer geringen Umweltbelastung ausgew\u00e4hlt wurden:<\/p>\n<ul>\n<li><strong>Recycelter akustischer Filz :<\/strong> aus wiederverwerteten Kunststoffen hergestellt, sorgt es f\u00fcr eine hervorragende Schallabsorption.<\/li>\n<li><strong>Latten aus MDF :<\/strong> mit einem \u00e4sthetischen und widerstandsf\u00e4higen Furnier \u00fcberzogen, das Robustheit und Langlebigkeit garantiert.<\/li>\n<li><strong>Zertifiziertes Holz :<\/strong> stammt ausschlie\u00dflich aus nachhaltig bewirtschafteten W\u00e4ldern, in denen die biologische Vielfalt respektiert wird.<\/li>\n<\/ul>\n<hr \/>\n<h3>Akustische Leistung<\/h3>\n<p>Dank ihrer mehrschichtigen Struktur reduzieren unsere flexiblen Akustikplatten wirksam Resonanzen, Nachhall und st\u00f6rende Ger\u00e4usche. Sie verbessern die Klangverst\u00e4ndlichkeit und den akustischen Komfort in zahlreichen R\u00e4umen wie B\u00fcros, Gro\u00dfraumb\u00fcros, Besprechungsr\u00e4umen, Lounges, Studios oder Heimkinos.<\/p>\n<hr \/>\n<h3>Einfache und schnelle Installation<\/h3>\n<p>Die leichten und flexiblen Paneele lassen sich leicht an W\u00e4nden oder Decken anbringen:<\/p>\n<ul>\n<li>Fixierung durch <strong>Silikonkleber<\/strong> oder durch <strong>Schrauben<\/strong>.<\/li>\n<li>Kein Rahmen oder komplexes System erforderlich.<\/li>\n<li>Schnelle, saubere und dauerhafte Umsetzung.<\/li>\n<\/ul>\n<p><strong>Empfohlener Zuschnitt :<\/strong> f\u00fcr eine genaue Anpassung an die gew\u00fcnschten Ma\u00dfe wird die Verwendung einer Kreiss\u00e4ge empfohlen, um einen sauberen und gleichm\u00e4\u00dfigen Schnitt zu erhalten.<\/p>\n<hr \/>\n<h3>Wartung<\/h3>\n<p>Um das Aussehen und die Leistung der Paneele \u00fcber lange Zeit zu erhalten, wird eine regelm\u00e4\u00dfige Pflege empfohlen:<\/p>\n<ul>\n<li>Staub mit einem Besen oder einem Staubsauger mit weicher D\u00fcse entfernen.<\/li>\n<li>Punktuelle Reinigung mit einem sauberen, leicht feuchten und gut ausgewrungenen Tuch.<\/li>\n<li>Vermeiden Sie die Verwendung von scheuernden oder aggressiven Mitteln.<\/li>\n<\/ul>\n<hr \/>\n<h3>\u00d6kologisch verantwortliches Engagement<\/h3>\n<p>Wir haben uns f\u00fcr recycelte Materialien und Holz aus nachhaltig bewirtschafteten W\u00e4ldern entschieden, um unsere Auswirkungen auf die Umwelt zu begrenzen. Jedes Akustikpaneel ist Teil eines verantwortungsbewussten Ansatzes, der technische Leistung, Design und Umweltfreundlichkeit miteinander verbindet.<\/p>","protected":false},"excerpt":{"rendered":"<p>Verbessern Sie den akustischen Komfort in Ihren R\u00e4umen mit unseren weichen Akustikpaneelen. Sie bestehen aus recyceltem Akustikfilz und furnierten MDF-Latten und sorgen f\u00fcr eine effektive Schallabsorption, w\u00e4hrend sie gleichzeitig \u00e4sthetisch ansprechend und umweltfreundlich sind.<\/p>\n<p>Die Paneele sind leicht zu installieren und werden einfach mit Silikonkleber oder Schrauben befestigt. Ihr Design erm\u00f6glicht au\u00dferdem einen pr\u00e4zisen Zuschnitt mit einer Kreiss\u00e4ge, sodass sie perfekt an die Gegebenheiten Ihres Raumes angepasst werden k\u00f6nnen.<\/p>\n<ul>\n<li>Ma\u00dfe: 240 \u00d7 60 \u00d7 2,1 cm<\/li>\n<li>Gewicht: 12 kg<\/li>\n<li>Installation: Befestigung mit Silikonkleber oder Schrauben<\/li>\n<\/ul>\n<p><strong>Kostenlose Lieferung<\/strong><\/p>","protected":false},"featured_media":73599,"template":"","meta":[],"product_cat":[692,694],"product_tag":[],"class_list":{"0":"post-72424","1":"product","2":"type-product","3":"status-publish","4":"has-post-thumbnail","6":"product_cat-1-panneaux-acoustiques","7":"product_cat-panneaux-acoustiques-240x60-21mm","8":"product_shipping_class-livraison-gratuite","9":"pa_couleur-blanc","11":"first","12":"instock","13":"shipping-taxable","14":"purchasable","15":"product-type-simple"},"_links":{"self":[{"href":"https:\/\/www.trivashop.com\/de\/wp-json\/wp\/v2\/product\/72424","targetHints":{"allow":["GET"]}}],"collection":[{"href":"https:\/\/www.trivashop.com\/de\/wp-json\/wp\/v2\/product"}],"about":[{"href":"https:\/\/www.trivashop.com\/de\/wp-json\/wp\/v2\/types\/product"}],"version-history":[{"count":9,"href":"https:\/\/www.trivashop.com\/de\/wp-json\/wp\/v2\/product\/72424\/revisions"}],"predecessor-version":[{"id":73807,"href":"https:\/\/www.trivashop.com\/de\/wp-json\/wp\/v2\/product\/72424\/revisions\/73807"}],"wp:featuredmedia":[{"embeddable":true,"href":"https:\/\/www.trivashop.com\/de\/wp-json\/wp\/v2\/media\/73599"}],"wp:attachment":[{"href":"https:\/\/www.trivashop.com\/de\/wp-json\/wp\/v2\/media?parent=72424"}],"wp:term":[{"taxonomy":"product_cat","embeddable":true,"href":"https:\/\/www.trivashop.com\/de\/wp-json\/wp\/v2\/product_cat?post=72424"},{"taxonomy":"product_tag","embeddable":true,"href":"https:\/\/www.trivashop.com\/de\/wp-json\/wp\/v2\/product_tag?post=72424"}],"curies":[{"name":"wp","href":"https:\/\/api.w.org\/{rel}","templated":true}]}}