{"id":74239,"date":"2026-03-23T11:18:16","date_gmt":"2026-03-23T10:18:16","guid":{"rendered":"https:\/\/www.trivashop.com\/?post_type=product&#038;p=74239"},"modified":"2026-03-23T11:25:21","modified_gmt":"2026-03-23T10:25:21","slug":"wandpaneel-weis-gold-sechseckig-marmoreffekt","status":"publish","type":"product","link":"https:\/\/www.trivashop.com\/de\/shop\/panneau-mural-blanc-or-hexagon-effet-marbre\/","title":{"rendered":"Wandpaneel - Wei\u00df Gold Hexagon - Marmor-Effekt"},"content":{"rendered":"<h2>Wei\u00dfer Marmor mit goldenen Maserungen, veredelt durch ein modernes sechseckiges Muster<\/h2>\n<p data-start=\"2229\" data-end=\"2419\">In einer K\u00fcche eignet es sich perfekt f\u00fcr eine originelle und moderne Kredenz. Das sechseckige Muster sorgt f\u00fcr Relief und Stil und l\u00e4sst sich gleichzeitig leicht mit verschiedenen M\u00f6belst\u00fccken kombinieren.<\/p>\n<p data-start=\"2421\" data-end=\"2599\">In einem Badezimmer sorgt er f\u00fcr einen hochwertigen Spa-Effekt. Hinter einem Spiegel oder an einer Hauptwand platziert, hebt er goldene Armaturen und Design-Accessoires hervor.<\/p>\n<p data-start=\"2601\" data-end=\"2773\">In einem Schlafzimmer kann es am Kopfende des Bettes verwendet werden, um eine einzigartige, strukturierte Dekorationswand zu schaffen. Das sechseckige Muster sorgt f\u00fcr einen modernen Touch, ohne den Raum zu beschweren.<\/p>\n<p data-start=\"2775\" data-end=\"2926\">In einem Wohnzimmer funktioniert sie perfekt als Akzentwand hinter einem Sofa oder einem TV-M\u00f6bel und f\u00fcgt Charakter und eine echte visuelle Signatur hinzu.<\/p>\n<p data-start=\"2928\" data-end=\"3071\">In einem professionellen Bereich schlie\u00dflich l\u00e4sst sich damit ein originelles Premium-Dekor schaffen, ideal f\u00fcr einen Showroom, ein B\u00fcro oder einen Empfangsbereich.<\/p>\n<h2>Wo k\u00f6nnen Sie die selbstklebende Platte aus wei\u00dfem Marmor mit goldenen Maserungen verwenden, die durch ein modernes sechseckiges Muster hervorgehoben wird?<\/h2>\n<p data-start=\"3154\" data-end=\"3338\">Dieses Paneel ist ideal f\u00fcr alle, die auf der Suche nach einer au\u00dfergew\u00f6hnlichen Dekoration sind. Das sechseckige Muster bietet einen echten visuellen Mehrwert im Vergleich zu herk\u00f6mmlichen Paneelen.<\/p>\n<p data-start=\"3340\" data-end=\"3447\">Er erm\u00f6glicht es, einen Raum schnell und ohne schwere Arbeiten umzugestalten, und bietet gleichzeitig ein hochwertiges Aussehen.<\/p>\n<p data-start=\"3449\" data-end=\"3592\">Die Kombination aus Wei\u00df und goldenen Maserungen sorgt f\u00fcr zeitlose Eleganz, w\u00e4hrend die geometrische Struktur einen modernen Touch verleiht.<\/p>\n<h2>Unsere Tipps zum Anbringen der selbstklebenden Platte mit Marmoreffekt Wei\u00df Gold<\/h2>\n<p data-start=\"3633\" data-end=\"3712\">Achten Sie darauf, dass die Oberfl\u00e4che vor der Installation sauber, glatt und trocken ist.<\/p>\n<p data-start=\"3714\" data-end=\"3810\">Positionieren Sie die Paneele vor dem Verlegen trocken, um die sechseckigen Muster korrekt auszurichten.<\/p>\n<p data-start=\"3812\" data-end=\"3924\">Tragen Sie es nach und nach auf, indem Sie den Schutzfilm entfernen und mit einem Rakel gl\u00e4tten, um Blasen zu vermeiden.<\/p>\n<p data-start=\"3926\" data-end=\"4013\">Verwenden Sie ein pr\u00e4zises Cuttermesser f\u00fcr die Ausschnitte, insbesondere um Ecken und Steckdosen herum.<\/p>","protected":false},"excerpt":{"rendered":"<p>Ein <span style=\"letter-spacing: 0.0135em;\">Wandpaneel wei\u00df gold sechseckig Marmoreffekt <\/span><span style=\"letter-spacing: 0.0135em;\">mit einer sehr guten Detailgenauigkeit und einem deutlichen Kontrast zwischen den hellen Adern und dem dunkleren Gewebe. Die Textur f\u00fchlt sich weiterhin glatt an, ohne erkennbares Relief, aber die visuelle Komposition vermittelt einen Eindruck von Tiefe, indem sie mit inneren Schatteneffekten spielt.<\/span><\/p>","protected":false},"featured_media":74241,"template":"","meta":[],"product_cat":[84],"product_tag":[],"class_list":{"0":"post-74239","1":"product","2":"type-product","3":"status-publish","4":"has-post-thumbnail","6":"product_cat-3-panneaux-adhesifs-250-x-120","7":"product_shipping_class-dhl-lot-10","9":"first","10":"instock","11":"shipping-taxable","12":"purchasable","13":"product-type-simple"},"_links":{"self":[{"href":"https:\/\/www.trivashop.com\/de\/wp-json\/wp\/v2\/product\/74239","targetHints":{"allow":["GET"]}}],"collection":[{"href":"https:\/\/www.trivashop.com\/de\/wp-json\/wp\/v2\/product"}],"about":[{"href":"https:\/\/www.trivashop.com\/de\/wp-json\/wp\/v2\/types\/product"}],"version-history":[{"count":1,"href":"https:\/\/www.trivashop.com\/de\/wp-json\/wp\/v2\/product\/74239\/revisions"}],"predecessor-version":[{"id":74242,"href":"https:\/\/www.trivashop.com\/de\/wp-json\/wp\/v2\/product\/74239\/revisions\/74242"}],"wp:featuredmedia":[{"embeddable":true,"href":"https:\/\/www.trivashop.com\/de\/wp-json\/wp\/v2\/media\/74241"}],"wp:attachment":[{"href":"https:\/\/www.trivashop.com\/de\/wp-json\/wp\/v2\/media?parent=74239"}],"wp:term":[{"taxonomy":"product_cat","embeddable":true,"href":"https:\/\/www.trivashop.com\/de\/wp-json\/wp\/v2\/product_cat?post=74239"},{"taxonomy":"product_tag","embeddable":true,"href":"https:\/\/www.trivashop.com\/de\/wp-json\/wp\/v2\/product_tag?post=74239"}],"curies":[{"name":"wp","href":"https:\/\/api.w.org\/{rel}","templated":true}]}}